{"id":1398,"date":"2019-05-15T09:33:34","date_gmt":"2019-05-15T07:33:34","guid":{"rendered":"https:\/\/www.naturella.challgemeine-geschaftsbedingungen\/"},"modified":"2026-01-20T11:33:05","modified_gmt":"2026-01-20T10:33:05","slug":"allgemeine-geschaftsbedingungen","status":"publish","type":"page","link":"https:\/\/www.naturella.ch\/de\/allgemeine-geschaftsbedingungen\/","title":{"rendered":"Allgemeine Gesch\u00e4ftsbedingungen"},"content":{"rendered":"\t\t<div data-elementor-type=\"wp-page\" data-elementor-id=\"1398\" class=\"elementor elementor-1398 elementor-6\" data-elementor-post-type=\"page\">\n\t\t\t\t<div class=\"elementor-element elementor-element-a93e87b e-flex e-con-boxed e-con e-parent\" data-id=\"a93e87b\" data-element_type=\"container\" data-settings=\"{&quot;background_background&quot;:&quot;classic&quot;}\">\n\t\t\t\t\t<div class=\"e-con-inner\">\n\t\t<div class=\"elementor-element elementor-element-9e0d9ed e-flex e-con-boxed e-con e-child\" data-id=\"9e0d9ed\" data-element_type=\"container\">\n\t\t\t\t\t<div class=\"e-con-inner\">\n\t\t\t\t<div class=\"elementor-element elementor-element-ce36b1f elementor-widget elementor-widget-heading\" data-id=\"ce36b1f\" data-element_type=\"widget\" data-widget_type=\"heading.default\">\n\t\t\t\t<div class=\"elementor-widget-container\">\n\t\t\t\t\t<h1 class=\"elementor-heading-title elementor-size-default\">Conditions g\u00e9n\u00e9rales<\/h1>\t\t\t\t<\/div>\n\t\t\t\t<\/div>\n\t\t\t\t<div class=\"elementor-element elementor-element-170316b1 elementor-widget elementor-widget-text-editor\" data-id=\"170316b1\" data-element_type=\"widget\" data-widget_type=\"text-editor.default\">\n\t\t\t\t<div class=\"elementor-widget-container\">\n\t\t\t\t\t\t\t\t\tLes pr\u00e9sentes conditions g\u00e9n\u00e9rales de vente s\u2019appliquent \u00e0 toutes commandes pass\u00e9es sur le site Internet <a href=\"http:\/\/www.naturella.ch\">www.naturella.ch<\/a><br><br><strong>Article 1\u00a0: Les offres et les prix<\/strong><br><br>Naturella Diffusion SA se r\u00e9serve le droit de modifier ses prix \u00e0 tout moment mais s\u2019engage \u00e0 appliquer les tarifs en vigueur indiqu\u00e9s au moment de la commande, sous r\u00e9serve de disponibilit\u00e9 \u00e0 cette date, selon la confirmation de commande envoy\u00e9e au client.<br><br>Les prix des produits sont indiqu\u00e9s toutes taxes comprises (TTC) et ne tiennent pas compte des frais de livraison, factur\u00e9s en suppl\u00e9ment et indiqu\u00e9s avant la validation de la commande.<br><br>Les offres promotionnelles sont valables pendant la dur\u00e9e de validit\u00e9 mentionn\u00e9e et\/ou tant qu\u2019elles sont affich\u00e9es sur le site Internet ou en saisissant le code promo. Les offres ne sont pas cumulables et sont valables dans la limite des stocks disponibles.<br><br><strong>Article 2\u00a0: Produits<\/strong><br><br>Sur le site Internet <a href=\"http:\/\/www.naturella.ch\">www.naturella.ch<\/a> sont pr\u00e9sent\u00e9s les produits vendus. Naturella Diffusion SA d\u00e9cline toute responsabilit\u00e9 pour d\u2019\u00e9ventuelles erreurs ou omissions par rapport aux textes et aux images figurant sur le site.<br><br>Naturella Diffusion SA ne peut pas garantir une couleur du produit identique pour chaque num\u00e9ro de lot de fabrication, cette derni\u00e8re peut varier en fonction de la maturit\u00e9 de la plante \u00e0 sa r\u00e9colte.<br><br><strong>Article 3\u00a0: Commande<\/strong><br><br>En validant la commande, le client d\u00e9clare avoir pris connaissance des pr\u00e9sentes conditions g\u00e9n\u00e9rales et les accepter.<br><br><strong>3.1 Modalit\u00e9s de livraison et d\u00e9lai de livraison<\/strong><br><br>Les commandes sont trait\u00e9es dans un d\u00e9lai de 2 \u00e0 4 jours ouvrables d\u00e8s r\u00e9ception.<br><br><strong>3.1.1 G\u00e9n\u00e9ralit\u00e9s\u00a0:<\/strong><br><ul>\r\n \t<li>Nous envoyons les commandes uniquement en Suisse.<\/li>\r\n \t<li>La commande est envoy\u00e9e \u00e0 l\u2019adresse indiqu\u00e9e par le client.<\/li>\r\n \t<li>Nous utilisons les services postaux.<\/li>\r\n \t<li>Les commandes sont envoy\u00e9es contre signature \u00e0 partir d&#8217;un montant de fr. 150.-, en dessous de ce montant, les commandes sont envoy\u00e9es par poste normale.<\/li>\r\n \t<li>Le client a la responsabilit\u00e9 de demander un envoi contre signature pour toute commande, ind\u00e9pendamment du montant total de la commande en cas de probl\u00e8mes de vols dans sa maison.<\/li>\r\n<\/ul><br><strong>3.1.2 Frais d\u2019envoi\u00a0:<\/strong><br><ul>\r\n \t<li>La participation aux frais d\u2019envoi se monte \u00e0 fr. 7.50, offerte d\u00e8s fr. 100.- d&#8217;achat net.<\/li>\r\n<\/ul><br><strong>Article 4\u00a0: Droit de retour<\/strong><br><br>Le client est tenu de v\u00e9rifier les produits \u00e0 leur r\u00e9ception et de signaler toute erreur sur le contenu du colis dans les 4 jours d\u00e8s r\u00e9ception.<br><br>Le client b\u00e9n\u00e9ficie d\u2019un droit de retour des articles <strong>non ouverts <\/strong>\u00a0dans un d\u00e9lai de 10 jours d\u00e8s r\u00e9ception.\u00a0 Les frais d\u2019envoi dans le cas d\u2019un retour de marchandise sont \u00e0 la charge du client.<br><br>Dans le cas d\u2019un renvoi partiel, tout comme d\u2019un renvoi total de la commande, la facture doit \u00eatre jointe au colis avec un mot pr\u00e9cisant le motif du retour.<br><br>En cas d\u2019erreur de la part de Naturella Diffusion SA lors de la livraison, Naturella Diffusion SA proc\u00e9dera \u00e0 l\u2019\u00e9change d\u2019un produit ou \u00e0 l\u2019envoi d\u2019un produit manquant \u00e0 ses frais.<br><br>Le client doit au pr\u00e9alable avertir Naturella Diffusion SA par t\u00e9l\u00e9phone ou par mail de l\u2019erreur en question.<br><br><strong>Article 5\u00a0: Paiement <\/strong><br><br>La facture est jointe \u00e0 l\u2019envoi de la commande et est payable dans un d\u00e9lai de 20 jours \u00e0 compter de l\u2019envoi des produits.<br><br>Si le d\u00e9lai de paiement n\u2019est pas respect\u00e9, Naturella Diffusion SA se r\u00e9serve le droit de suspendre les commandes ult\u00e9rieures jusqu\u2019au r\u00e8glement de la facture ouverte.<br><br>En cas de non-paiement de la facture dans le d\u00e9lai imparti (20 jours) il sera envoy\u00e9 au client un premier rappel. Si la facture n\u2019est pas pay\u00e9e, un deuxi\u00e8me puis un troisi\u00e8me rappel sera envoy\u00e9.<br><br>Le troisi\u00e8me rappel comportera l\u2019information suivante :\u00a0 \u00ab Faut de paiement dans le d\u00e9lai imparti, nous ferons valoir notre cr\u00e9ance par voies l\u00e9gales et la transmettrons \u00e0 notre office de recouvrement Debitors \u00e0 Lausanne. \u00bb D\u00e8s lors, le cas sera trait\u00e9 uniquement par D\u00e9bitors et la politique de confidentialit\u00e9 de D\u00e9bitors fait foi.<br><br>Naturella Diffusion SA se r\u00e9serve le droit d\u2019\u00e9tablir une facture proforma et de demander le pr\u00e9paiement de la commande si le client a du retard dans le paiement de ses factures ainsi que pour les nouveaux clients en fonction du contenu de la commande.<br><br><strong>5.1 Paiement par cartes\u00a0<\/strong><br><br>Avec la solution de Postfinance que nous utilisons, nous entrons dans le champ d\u2019application du Payment Card Industry Data Security Standard (PCI DSS). Cela signifie que l\u2019ensemble de leurs partenaires et de leurs sous-traitants doivent respecter le niveau 1 des directives PCI. Amazon AWS est l\u2019un des rares centres de calculs au monde \u00e0 \u00eatre certifi\u00e9 PCI au niveau 1 (niveau de s\u00e9curit\u00e9 le plus \u00e9lev\u00e9).<br><br>Les donn\u00e9es sont crypt\u00e9es et stock\u00e9es de fa\u00e7ons s\u00e9curis\u00e9e, tenues au secret bancaire et Naturella Diffusion SA n\u2019y a pas acc\u00e8s.<br><br><strong>Article 6 : R\u00e8glement g\u00e9n\u00e9ral sur la protection des donn\u00e9es (RGPD) <\/strong><strong>et politique de confidentialit\u00e9<\/strong><br><br>Naturella Diffusion SA (naturella.ch) recueille et conserve les informations n\u00e9cessaires afin de pouvoir livrer votre commande, garantir la s\u00e9curit\u00e9 de vos donn\u00e9es ou r\u00e9colter votre avis sur des pages sp\u00e9cifiques ainsi que pour le bon fonctionnement de notre syst\u00e8me informatique et notre site internet. Les informations que nous conservons sont les suivantes\u00a0:<br><ul>\r\n \t<li>Nom, pr\u00e9nom et adresse<\/li>\r\n \t<li>Adresse \u00e9lectronique<\/li>\r\n \t<li>Num\u00e9ro de t\u00e9l\u00e9phone<\/li>\r\n \t<li>Date de naissance<\/li>\r\n \t<li>D\u00e9tails de connexion et num\u00e9ro de client<\/li>\r\n \t<li>Adresse IP<\/li>\r\n<\/ul><br>Lors de l\u2019utilisation de notre site Internet, les d\u00e9tails mentionn\u00e9s ci-dessus en combinaison avec des cookies nous permettent de voir comment vous utilisez notre site, nos services, et d\u2019identifier vos int\u00e9r\u00eats. Cela nous permet d\u2019am\u00e9liorer notre site, nos services et le ciblage de nos publicit\u00e9s.<br><br>Nous mettons en \u0153uvre des standards de s\u00e9curit\u00e9 \u00e9lev\u00e9s, et maintenons des processus d\u2019am\u00e9lioration continue afin de vous fournir un haut niveau de s\u00e9curit\u00e9 dans le cadre de nos services.<br><br>Vos donn\u00e9es peuvent \u00eatre fournies \u00e0 des tiers exclusivement \u00e0 des fins statistiques.<br><br><strong>Article 7 : Modifications des conditions g\u00e9n\u00e9rales et for juridique<\/strong><br><br>Naturella Diffusion SA se r\u00e9serve la possibilit\u00e9 d\u2019adapter ou de modifier \u00e0 tout moment les pr\u00e9sentes conditions g\u00e9n\u00e9rales de vente. En cas de modification, il sera appliqu\u00e9 \u00e0 chaque commande les conditions g\u00e9n\u00e9rales de vente en vigueur au jour de la commande.<br><br>Il incombe aux clients de s\u2019informer r\u00e9guli\u00e8rement du contenu et des \u00e9ventuelles modifications des pr\u00e9sentes conditions g\u00e9n\u00e9rales.<br><br>En cas de litige, la juridiction comp\u00e9tente est au for juridique de la soci\u00e9t\u00e9 <a href=\"http:\/\/www.google.ch\">Naturella<\/a> Diffusion SA, Case postale 1201, 2301 La Chaux-de-Fonds, Suisse, adresse E-mail <a href=\"mailto:info@naturella.ch\">info@naturella.ch<\/a>\t\t\t\t\t\t\t\t<\/div>\n\t\t\t\t<\/div>\n\t\t\t\t\t<\/div>\n\t\t\t\t<\/div>\n\t\t\t\t\t<\/div>\n\t\t\t\t<\/div>\n\t\t\t\t<\/div>\n\t\t","protected":false},"excerpt":{"rendered":"<p>Conditions g\u00e9n\u00e9rales Les pr\u00e9sentes conditions g\u00e9n\u00e9rales de vente s\u2019appliquent \u00e0 toutes commandes pass\u00e9es sur le site Internet www.naturella.ch Article 1\u00a0: Les offres et les prix Naturella Diffusion SA se r\u00e9serve le droit de modifier ses prix \u00e0 tout moment mais s\u2019engage \u00e0 appliquer les tarifs en vigueur indiqu\u00e9s au moment de la commande, sous r\u00e9serve [&hellip;]<\/p>\n","protected":false},"author":1,"featured_media":0,"parent":0,"menu_order":0,"comment_status":"closed","ping_status":"closed","template":"","meta":{"_acf_changed":false,"powered_cache_disable_cache":false,"powered_cache_disable_lazyload":false,"powered_cache_disable_css_optimization":false,"powered_cache_disable_js_optimization":false,"footnotes":""},"class_list":["post-1398","page","type-page","status-publish","hentry"],"acf":[],"yoast_head":"<!-- This site is optimized with the Yoast SEO Premium plugin v26.9 (Yoast SEO v27.4) - https:\/\/yoast.com\/product\/yoast-seo-premium-wordpress\/ -->\n<title>Allgemeine Gesch\u00e4ftsbedingungen - Naturella<\/title>\n<meta name=\"robots\" content=\"index, follow, max-snippet:-1, max-image-preview:large, max-video-preview:-1\" \/>\n<link rel=\"canonical\" href=\"https:\/\/www.naturella.ch\/de\/allgemeine-geschaftsbedingungen\/\" \/>\n<meta property=\"og:locale\" content=\"de_DE\" \/>\n<meta property=\"og:type\" content=\"article\" \/>\n<meta property=\"og:title\" content=\"Allgemeine Gesch\u00e4ftsbedingungen\" \/>\n<meta property=\"og:description\" content=\"Conditions g\u00e9n\u00e9rales Les pr\u00e9sentes conditions g\u00e9n\u00e9rales de vente s\u2019appliquent \u00e0 toutes commandes pass\u00e9es sur le site Internet www.naturella.ch Article 1\u00a0: Les offres et les prix Naturella Diffusion SA se r\u00e9serve le droit de modifier ses prix \u00e0 tout moment mais s\u2019engage \u00e0 appliquer les tarifs en vigueur indiqu\u00e9s au moment de la commande, sous r\u00e9serve [&hellip;]\" \/>\n<meta property=\"og:url\" content=\"https:\/\/www.naturella.ch\/de\/allgemeine-geschaftsbedingungen\/\" \/>\n<meta property=\"og:site_name\" content=\"Naturella\" \/>\n<meta property=\"article:publisher\" content=\"https:\/\/www.facebook.com\/Naturella-Diffusion-102844258398231\" \/>\n<meta property=\"article:modified_time\" content=\"2026-01-20T10:33:05+00:00\" \/>\n<meta property=\"og:image\" content=\"https:\/\/www.naturella.ch\/wp-content\/uploads\/2021\/03\/facebook_banner-v1.jpg\" \/>\n\t<meta property=\"og:image:width\" content=\"2037\" \/>\n\t<meta property=\"og:image:height\" content=\"754\" \/>\n\t<meta property=\"og:image:type\" content=\"image\/jpeg\" \/>\n<meta name=\"twitter:card\" content=\"summary_large_image\" \/>\n<meta name=\"twitter:label1\" content=\"Gesch\u00e4tzte Lesezeit\" \/>\n\t<meta name=\"twitter:data1\" content=\"6\u00a0Minuten\" \/>\n<script type=\"application\/ld+json\" class=\"yoast-schema-graph\">{\"@context\":\"https:\\\/\\\/schema.org\",\"@graph\":[{\"@type\":\"WebPage\",\"@id\":\"https:\\\/\\\/www.naturella.ch\\\/de\\\/allgemeine-geschaftsbedingungen\\\/\",\"url\":\"https:\\\/\\\/www.naturella.ch\\\/de\\\/allgemeine-geschaftsbedingungen\\\/\",\"name\":\"Allgemeine Gesch\u00e4ftsbedingungen - Naturella\",\"isPartOf\":{\"@id\":\"https:\\\/\\\/www.naturella.ch\\\/de\\\/#website\"},\"datePublished\":\"2019-05-15T07:33:34+00:00\",\"dateModified\":\"2026-01-20T10:33:05+00:00\",\"breadcrumb\":{\"@id\":\"https:\\\/\\\/www.naturella.ch\\\/de\\\/allgemeine-geschaftsbedingungen\\\/#breadcrumb\"},\"inLanguage\":\"de\",\"potentialAction\":[{\"@type\":\"ReadAction\",\"target\":[\"https:\\\/\\\/www.naturella.ch\\\/de\\\/allgemeine-geschaftsbedingungen\\\/\"]}]},{\"@type\":\"BreadcrumbList\",\"@id\":\"https:\\\/\\\/www.naturella.ch\\\/de\\\/allgemeine-geschaftsbedingungen\\\/#breadcrumb\",\"itemListElement\":[{\"@type\":\"ListItem\",\"position\":1,\"name\":\"Accueil\",\"item\":\"https:\\\/\\\/www.naturella.ch\\\/de\\\/\"},{\"@type\":\"ListItem\",\"position\":2,\"name\":\"Allgemeine Gesch\u00e4ftsbedingungen\"}]},{\"@type\":\"WebSite\",\"@id\":\"https:\\\/\\\/www.naturella.ch\\\/de\\\/#website\",\"url\":\"https:\\\/\\\/www.naturella.ch\\\/de\\\/\",\"name\":\"Naturella\",\"description\":\"\",\"publisher\":{\"@id\":\"https:\\\/\\\/www.naturella.ch\\\/de\\\/#organization\"},\"potentialAction\":[{\"@type\":\"SearchAction\",\"target\":{\"@type\":\"EntryPoint\",\"urlTemplate\":\"https:\\\/\\\/www.naturella.ch\\\/de\\\/?s={search_term_string}\"},\"query-input\":{\"@type\":\"PropertyValueSpecification\",\"valueRequired\":true,\"valueName\":\"search_term_string\"}}],\"inLanguage\":\"de\"},{\"@type\":\"Organization\",\"@id\":\"https:\\\/\\\/www.naturella.ch\\\/de\\\/#organization\",\"name\":\"Naturella Diffusion SA\",\"url\":\"https:\\\/\\\/www.naturella.ch\\\/de\\\/\",\"logo\":{\"@type\":\"ImageObject\",\"inLanguage\":\"de\",\"@id\":\"https:\\\/\\\/www.naturella.ch\\\/de\\\/#\\\/schema\\\/logo\\\/image\\\/\",\"url\":\"https:\\\/\\\/www.naturella.ch\\\/wp-content\\\/uploads\\\/2021\\\/04\\\/Logo-Naturella_2021_RVB-e1619530233334.png\",\"contentUrl\":\"https:\\\/\\\/www.naturella.ch\\\/wp-content\\\/uploads\\\/2021\\\/04\\\/Logo-Naturella_2021_RVB-e1619530233334.png\",\"width\":340,\"height\":170,\"caption\":\"Naturella Diffusion SA\"},\"image\":{\"@id\":\"https:\\\/\\\/www.naturella.ch\\\/de\\\/#\\\/schema\\\/logo\\\/image\\\/\"},\"sameAs\":[\"https:\\\/\\\/www.facebook.com\\\/Naturella-Diffusion-102844258398231\",\"https:\\\/\\\/www.instagram.com\\\/naturella_diffusion\\\/\"],\"hasMerchantReturnPolicy\":{\"@type\":\"MerchantReturnPolicy\",\"merchantReturnLink\":\"https:\\\/\\\/www.naturella.ch\\\/remboursements_retours\\\/\"}}]}<\/script>\n<!-- \/ Yoast SEO Premium plugin. -->","yoast_head_json":{"title":"Allgemeine Gesch\u00e4ftsbedingungen - Naturella","robots":{"index":"index","follow":"follow","max-snippet":"max-snippet:-1","max-image-preview":"max-image-preview:large","max-video-preview":"max-video-preview:-1"},"canonical":"https:\/\/www.naturella.ch\/de\/allgemeine-geschaftsbedingungen\/","og_locale":"de_DE","og_type":"article","og_title":"Allgemeine Gesch\u00e4ftsbedingungen","og_description":"Conditions g\u00e9n\u00e9rales Les pr\u00e9sentes conditions g\u00e9n\u00e9rales de vente s\u2019appliquent \u00e0 toutes commandes pass\u00e9es sur le site Internet www.naturella.ch Article 1\u00a0: Les offres et les prix Naturella Diffusion SA se r\u00e9serve le droit de modifier ses prix \u00e0 tout moment mais s\u2019engage \u00e0 appliquer les tarifs en vigueur indiqu\u00e9s au moment de la commande, sous r\u00e9serve [&hellip;]","og_url":"https:\/\/www.naturella.ch\/de\/allgemeine-geschaftsbedingungen\/","og_site_name":"Naturella","article_publisher":"https:\/\/www.facebook.com\/Naturella-Diffusion-102844258398231","article_modified_time":"2026-01-20T10:33:05+00:00","og_image":[{"width":2037,"height":754,"url":"https:\/\/www.naturella.ch\/wp-content\/uploads\/2021\/03\/facebook_banner-v1.jpg","type":"image\/jpeg"}],"twitter_card":"summary_large_image","twitter_misc":{"Gesch\u00e4tzte Lesezeit":"6\u00a0Minuten"},"schema":{"@context":"https:\/\/schema.org","@graph":[{"@type":"WebPage","@id":"https:\/\/www.naturella.ch\/de\/allgemeine-geschaftsbedingungen\/","url":"https:\/\/www.naturella.ch\/de\/allgemeine-geschaftsbedingungen\/","name":"Allgemeine Gesch\u00e4ftsbedingungen - Naturella","isPartOf":{"@id":"https:\/\/www.naturella.ch\/de\/#website"},"datePublished":"2019-05-15T07:33:34+00:00","dateModified":"2026-01-20T10:33:05+00:00","breadcrumb":{"@id":"https:\/\/www.naturella.ch\/de\/allgemeine-geschaftsbedingungen\/#breadcrumb"},"inLanguage":"de","potentialAction":[{"@type":"ReadAction","target":["https:\/\/www.naturella.ch\/de\/allgemeine-geschaftsbedingungen\/"]}]},{"@type":"BreadcrumbList","@id":"https:\/\/www.naturella.ch\/de\/allgemeine-geschaftsbedingungen\/#breadcrumb","itemListElement":[{"@type":"ListItem","position":1,"name":"Accueil","item":"https:\/\/www.naturella.ch\/de\/"},{"@type":"ListItem","position":2,"name":"Allgemeine Gesch\u00e4ftsbedingungen"}]},{"@type":"WebSite","@id":"https:\/\/www.naturella.ch\/de\/#website","url":"https:\/\/www.naturella.ch\/de\/","name":"Naturella","description":"","publisher":{"@id":"https:\/\/www.naturella.ch\/de\/#organization"},"potentialAction":[{"@type":"SearchAction","target":{"@type":"EntryPoint","urlTemplate":"https:\/\/www.naturella.ch\/de\/?s={search_term_string}"},"query-input":{"@type":"PropertyValueSpecification","valueRequired":true,"valueName":"search_term_string"}}],"inLanguage":"de"},{"@type":"Organization","@id":"https:\/\/www.naturella.ch\/de\/#organization","name":"Naturella Diffusion SA","url":"https:\/\/www.naturella.ch\/de\/","logo":{"@type":"ImageObject","inLanguage":"de","@id":"https:\/\/www.naturella.ch\/de\/#\/schema\/logo\/image\/","url":"https:\/\/www.naturella.ch\/wp-content\/uploads\/2021\/04\/Logo-Naturella_2021_RVB-e1619530233334.png","contentUrl":"https:\/\/www.naturella.ch\/wp-content\/uploads\/2021\/04\/Logo-Naturella_2021_RVB-e1619530233334.png","width":340,"height":170,"caption":"Naturella Diffusion SA"},"image":{"@id":"https:\/\/www.naturella.ch\/de\/#\/schema\/logo\/image\/"},"sameAs":["https:\/\/www.facebook.com\/Naturella-Diffusion-102844258398231","https:\/\/www.instagram.com\/naturella_diffusion\/"],"hasMerchantReturnPolicy":{"@type":"MerchantReturnPolicy","merchantReturnLink":"https:\/\/www.naturella.ch\/remboursements_retours\/"}}]}},"_links":{"self":[{"href":"https:\/\/www.naturella.ch\/de\/wp-json\/wp\/v2\/pages\/1398","targetHints":{"allow":["GET"]}}],"collection":[{"href":"https:\/\/www.naturella.ch\/de\/wp-json\/wp\/v2\/pages"}],"about":[{"href":"https:\/\/www.naturella.ch\/de\/wp-json\/wp\/v2\/types\/page"}],"author":[{"embeddable":true,"href":"https:\/\/www.naturella.ch\/de\/wp-json\/wp\/v2\/users\/1"}],"replies":[{"embeddable":true,"href":"https:\/\/www.naturella.ch\/de\/wp-json\/wp\/v2\/comments?post=1398"}],"version-history":[{"count":2,"href":"https:\/\/www.naturella.ch\/de\/wp-json\/wp\/v2\/pages\/1398\/revisions"}],"predecessor-version":[{"id":24015,"href":"https:\/\/www.naturella.ch\/de\/wp-json\/wp\/v2\/pages\/1398\/revisions\/24015"}],"wp:attachment":[{"href":"https:\/\/www.naturella.ch\/de\/wp-json\/wp\/v2\/media?parent=1398"}],"curies":[{"name":"wp","href":"https:\/\/api.w.org\/{rel}","templated":true}]}}