{"id":682,"date":"2019-03-27T10:35:38","date_gmt":"2019-03-27T09:35:38","guid":{"rendered":"https:\/\/www.naturella.chproduit\/fit-silhouette\/"},"modified":"2024-09-03T15:54:57","modified_gmt":"2024-09-03T13:54:57","slug":"fitsil-de","status":"publish","type":"product","link":"https:\/\/www.naturella.ch\/de\/produkt\/fitsil-de\/","title":{"rendered":"Fitsil"},"content":{"rendered":"<p>Mehr Schwung dank unserer neuen Formel !<\/p>\n<p>Was gibt es Nat\u00fcrlicheres als schlank zu bleiben und seine Linie zu bewahren\u2009; dies trotz beruflicher und famili\u00e4rer Aktivit\u00e4ten. Die Mahlzeiten auf die Schnelle, mit dem damit verbundenen Stress, wirken sich ung\u00fcnstig auf das Gewicht aus.<\/p>\n<p>Alles, um Ihre Figur zu verf\u00fchren !<\/p>\n","protected":false},"excerpt":{"rendered":"<h3>Der Pep dazu !<\/h3>\n<p>Wann und warum f\u00fcr Fitsil schwach werden ?<\/p>\n<p>\u2026 um sich schlicht und einfach in seiner Haut wohl zu f\u00fchlen !<\/p>\n","protected":false},"featured_media":12910,"comment_status":"open","ping_status":"closed","template":"","meta":{"_acf_changed":false,"powered_cache_disable_cache":false,"powered_cache_disable_lazyload":false,"powered_cache_disable_css_optimization":false,"powered_cache_disable_js_optimization":false},"product_brand":[],"product_cat":[62],"product_tag":[],"class_list":{"0":"post-682","1":"product","2":"type-product","3":"status-publish","4":"has-post-thumbnail","6":"product_cat-wiege-dein-gewicht","8":"first","9":"instock","10":"shipping-taxable","11":"purchasable","12":"product-type-simple"},"acf":[],"yoast_head":"<!-- This site is optimized with the Yoast SEO Premium plugin v26.9 (Yoast SEO v27.5) - https:\/\/yoast.com\/product\/yoast-seo-premium-wordpress\/ -->\n<title>Fitsil | Schweiz | 100 Kapseln - Naturella Diffusion SA<\/title>\n<meta name=\"description\" content=\"Vorr\u00e4tig | Was gibt es Nat\u00fcrlicheres als schlank zu bleiben und seine Linie zu bewahren\u2009; dies trotz beruflicher und famili\u00e4rer Aktivit\u00e4ten.\" \/>\n<meta name=\"robots\" content=\"index, follow, max-snippet:-1, max-image-preview:large, max-video-preview:-1\" \/>\n<link rel=\"canonical\" href=\"https:\/\/www.naturella.ch\/de\/produkt\/fitsil-de\/\" \/>\n<meta property=\"og:locale\" content=\"de_DE\" \/>\n<meta property=\"og:type\" content=\"article\" \/>\n<meta property=\"og:title\" content=\"Fitsil\" \/>\n<meta property=\"og:description\" content=\"Vorr\u00e4tig | Was gibt es Nat\u00fcrlicheres als schlank zu bleiben und seine Linie zu bewahren\u2009; dies trotz beruflicher und famili\u00e4rer Aktivit\u00e4ten.\" \/>\n<meta property=\"og:url\" content=\"https:\/\/www.naturella.ch\/de\/produkt\/fitsil-de\/\" \/>\n<meta property=\"og:site_name\" content=\"Naturella\" \/>\n<meta property=\"article:publisher\" content=\"https:\/\/www.facebook.com\/Naturella-Diffusion-102844258398231\" \/>\n<meta property=\"article:modified_time\" content=\"2024-09-03T13:54:57+00:00\" \/>\n<meta property=\"og:image\" content=\"http:\/\/www.naturella.ch\/wp-content\/uploads\/2019\/03\/P.FITSIL.png\" \/>\n\t<meta property=\"og:image:width\" content=\"1020\" \/>\n\t<meta property=\"og:image:height\" content=\"1020\" \/>\n\t<meta property=\"og:image:type\" content=\"image\/png\" \/>\n<meta name=\"twitter:card\" content=\"summary_large_image\" \/>\n<meta name=\"twitter:label1\" content=\"Preis\" \/>\n\t<meta name=\"twitter:data1\" content=\"&#067;&#072;&#070;&nbsp;33.00\" \/>\n\t<meta name=\"twitter:label2\" content=\"Verf\u00fcgbarkeit\" \/>\n\t<meta name=\"twitter:data2\" content=\"Auf Lager\" \/>\n<script type=\"application\/ld+json\" class=\"yoast-schema-graph\">{\"@context\":\"https:\\\/\\\/schema.org\",\"@graph\":[{\"@type\":\"WebPage\",\"@id\":\"https:\\\/\\\/www.naturella.ch\\\/de\\\/produkt\\\/fitsil-de\\\/\",\"url\":\"https:\\\/\\\/www.naturella.ch\\\/de\\\/produkt\\\/fitsil-de\\\/\",\"name\":\"Fitsil | Schweiz | 100 Kapseln - Naturella Diffusion SA\",\"isPartOf\":{\"@id\":\"https:\\\/\\\/www.naturella.ch\\\/de\\\/#website\"},\"primaryImageOfPage\":{\"@id\":\"https:\\\/\\\/www.naturella.ch\\\/de\\\/produkt\\\/fitsil-de\\\/#primaryimage\"},\"image\":{\"@id\":\"https:\\\/\\\/www.naturella.ch\\\/de\\\/produkt\\\/fitsil-de\\\/#primaryimage\"},\"thumbnailUrl\":\"https:\\\/\\\/www.naturella.ch\\\/wp-content\\\/uploads\\\/2019\\\/03\\\/P.FITSIL.png\",\"datePublished\":\"2019-03-27T09:35:38+00:00\",\"dateModified\":\"2024-09-03T13:54:57+00:00\",\"description\":\"Vorr\u00e4tig | Was gibt es Nat\u00fcrlicheres als schlank zu bleiben und seine Linie zu bewahren\u2009; dies trotz beruflicher und famili\u00e4rer Aktivit\u00e4ten.\",\"breadcrumb\":{\"@id\":\"https:\\\/\\\/www.naturella.ch\\\/de\\\/produkt\\\/fitsil-de\\\/#breadcrumb\"},\"inLanguage\":\"de\",\"potentialAction\":[{\"@type\":\"ReadAction\",\"target\":[\"https:\\\/\\\/www.naturella.ch\\\/de\\\/produkt\\\/fitsil-de\\\/\"]}]},{\"@type\":\"ImageObject\",\"inLanguage\":\"de\",\"@id\":\"https:\\\/\\\/www.naturella.ch\\\/de\\\/produkt\\\/fitsil-de\\\/#primaryimage\",\"url\":\"https:\\\/\\\/www.naturella.ch\\\/wp-content\\\/uploads\\\/2019\\\/03\\\/P.FITSIL.png\",\"contentUrl\":\"https:\\\/\\\/www.naturella.ch\\\/wp-content\\\/uploads\\\/2019\\\/03\\\/P.FITSIL.png\",\"width\":1020,\"height\":1020,\"caption\":\"Compl\u00e9ment alimentaire\"},{\"@type\":\"BreadcrumbList\",\"@id\":\"https:\\\/\\\/www.naturella.ch\\\/de\\\/produkt\\\/fitsil-de\\\/#breadcrumb\",\"itemListElement\":[{\"@type\":\"ListItem\",\"position\":1,\"name\":\"Accueil\",\"item\":\"https:\\\/\\\/www.naturella.ch\\\/de\\\/\"},{\"@type\":\"ListItem\",\"position\":2,\"name\":\"Online-Shop\",\"item\":\"https:\\\/\\\/www.naturella.ch\\\/de\\\/online-shop\\\/\"},{\"@type\":\"ListItem\",\"position\":3,\"name\":\"Fitsil\"}]},{\"@type\":\"WebSite\",\"@id\":\"https:\\\/\\\/www.naturella.ch\\\/de\\\/#website\",\"url\":\"https:\\\/\\\/www.naturella.ch\\\/de\\\/\",\"name\":\"Naturella\",\"description\":\"\",\"publisher\":{\"@id\":\"https:\\\/\\\/www.naturella.ch\\\/de\\\/#organization\"},\"potentialAction\":[{\"@type\":\"SearchAction\",\"target\":{\"@type\":\"EntryPoint\",\"urlTemplate\":\"https:\\\/\\\/www.naturella.ch\\\/de\\\/?s={search_term_string}\"},\"query-input\":{\"@type\":\"PropertyValueSpecification\",\"valueRequired\":true,\"valueName\":\"search_term_string\"}}],\"inLanguage\":\"de\"},{\"@type\":\"Organization\",\"@id\":\"https:\\\/\\\/www.naturella.ch\\\/de\\\/#organization\",\"name\":\"Naturella Diffusion SA\",\"url\":\"https:\\\/\\\/www.naturella.ch\\\/de\\\/\",\"logo\":{\"@type\":\"ImageObject\",\"inLanguage\":\"de\",\"@id\":\"https:\\\/\\\/www.naturella.ch\\\/de\\\/#\\\/schema\\\/logo\\\/image\\\/\",\"url\":\"https:\\\/\\\/www.naturella.ch\\\/wp-content\\\/uploads\\\/2021\\\/04\\\/Logo-Naturella_2021_RVB-e1619530233334.png\",\"contentUrl\":\"https:\\\/\\\/www.naturella.ch\\\/wp-content\\\/uploads\\\/2021\\\/04\\\/Logo-Naturella_2021_RVB-e1619530233334.png\",\"width\":340,\"height\":170,\"caption\":\"Naturella Diffusion SA\"},\"image\":{\"@id\":\"https:\\\/\\\/www.naturella.ch\\\/de\\\/#\\\/schema\\\/logo\\\/image\\\/\"},\"sameAs\":[\"https:\\\/\\\/www.facebook.com\\\/Naturella-Diffusion-102844258398231\",\"https:\\\/\\\/www.instagram.com\\\/naturella_diffusion\\\/\"],\"hasMerchantReturnPolicy\":{\"@type\":\"MerchantReturnPolicy\",\"merchantReturnLink\":\"https:\\\/\\\/www.naturella.ch\\\/remboursements_retours\\\/\"}}]}<\/script>\n<meta property=\"product:price:amount\" content=\"33.00\" \/>\n<meta property=\"product:price:currency\" content=\"CHF\" \/>\n<meta property=\"og:availability\" content=\"instock\" \/>\n<meta property=\"product:availability\" content=\"instock\" \/>\n<meta property=\"product:retailer_item_id\" content=\"5650\" \/>\n<meta property=\"product:condition\" content=\"new\" \/>\n<!-- \/ Yoast SEO Premium plugin. -->","yoast_head_json":{"title":"Fitsil | Schweiz | 100 Kapseln - Naturella Diffusion SA","description":"Vorr\u00e4tig | Was gibt es Nat\u00fcrlicheres als schlank zu bleiben und seine Linie zu bewahren\u2009; dies trotz beruflicher und famili\u00e4rer Aktivit\u00e4ten.","robots":{"index":"index","follow":"follow","max-snippet":"max-snippet:-1","max-image-preview":"max-image-preview:large","max-video-preview":"max-video-preview:-1"},"canonical":"https:\/\/www.naturella.ch\/de\/produkt\/fitsil-de\/","og_locale":"de_DE","og_type":"article","og_title":"Fitsil","og_description":"Vorr\u00e4tig | Was gibt es Nat\u00fcrlicheres als schlank zu bleiben und seine Linie zu bewahren\u2009; dies trotz beruflicher und famili\u00e4rer Aktivit\u00e4ten.","og_url":"https:\/\/www.naturella.ch\/de\/produkt\/fitsil-de\/","og_site_name":"Naturella","article_publisher":"https:\/\/www.facebook.com\/Naturella-Diffusion-102844258398231","article_modified_time":"2024-09-03T13:54:57+00:00","og_image":[{"width":1020,"height":1020,"url":"http:\/\/www.naturella.ch\/wp-content\/uploads\/2019\/03\/P.FITSIL.png","type":"image\/png"}],"twitter_card":"summary_large_image","twitter_misc":{"Preis":"&#67;&#72;&#70;&nbsp;33.00","Verf\u00fcgbarkeit":"Auf Lager"},"schema":{"@context":"https:\/\/schema.org","@graph":[{"@type":"WebPage","@id":"https:\/\/www.naturella.ch\/de\/produkt\/fitsil-de\/","url":"https:\/\/www.naturella.ch\/de\/produkt\/fitsil-de\/","name":"Fitsil | Schweiz | 100 Kapseln - Naturella Diffusion SA","isPartOf":{"@id":"https:\/\/www.naturella.ch\/de\/#website"},"primaryImageOfPage":{"@id":"https:\/\/www.naturella.ch\/de\/produkt\/fitsil-de\/#primaryimage"},"image":{"@id":"https:\/\/www.naturella.ch\/de\/produkt\/fitsil-de\/#primaryimage"},"thumbnailUrl":"https:\/\/www.naturella.ch\/wp-content\/uploads\/2019\/03\/P.FITSIL.png","datePublished":"2019-03-27T09:35:38+00:00","dateModified":"2024-09-03T13:54:57+00:00","description":"Vorr\u00e4tig | Was gibt es Nat\u00fcrlicheres als schlank zu bleiben und seine Linie zu bewahren\u2009; dies trotz beruflicher und famili\u00e4rer Aktivit\u00e4ten.","breadcrumb":{"@id":"https:\/\/www.naturella.ch\/de\/produkt\/fitsil-de\/#breadcrumb"},"inLanguage":"de","potentialAction":[{"@type":"ReadAction","target":["https:\/\/www.naturella.ch\/de\/produkt\/fitsil-de\/"]}]},{"@type":"ImageObject","inLanguage":"de","@id":"https:\/\/www.naturella.ch\/de\/produkt\/fitsil-de\/#primaryimage","url":"https:\/\/www.naturella.ch\/wp-content\/uploads\/2019\/03\/P.FITSIL.png","contentUrl":"https:\/\/www.naturella.ch\/wp-content\/uploads\/2019\/03\/P.FITSIL.png","width":1020,"height":1020,"caption":"Compl\u00e9ment alimentaire"},{"@type":"BreadcrumbList","@id":"https:\/\/www.naturella.ch\/de\/produkt\/fitsil-de\/#breadcrumb","itemListElement":[{"@type":"ListItem","position":1,"name":"Accueil","item":"https:\/\/www.naturella.ch\/de\/"},{"@type":"ListItem","position":2,"name":"Online-Shop","item":"https:\/\/www.naturella.ch\/de\/online-shop\/"},{"@type":"ListItem","position":3,"name":"Fitsil"}]},{"@type":"WebSite","@id":"https:\/\/www.naturella.ch\/de\/#website","url":"https:\/\/www.naturella.ch\/de\/","name":"Naturella","description":"","publisher":{"@id":"https:\/\/www.naturella.ch\/de\/#organization"},"potentialAction":[{"@type":"SearchAction","target":{"@type":"EntryPoint","urlTemplate":"https:\/\/www.naturella.ch\/de\/?s={search_term_string}"},"query-input":{"@type":"PropertyValueSpecification","valueRequired":true,"valueName":"search_term_string"}}],"inLanguage":"de"},{"@type":"Organization","@id":"https:\/\/www.naturella.ch\/de\/#organization","name":"Naturella Diffusion SA","url":"https:\/\/www.naturella.ch\/de\/","logo":{"@type":"ImageObject","inLanguage":"de","@id":"https:\/\/www.naturella.ch\/de\/#\/schema\/logo\/image\/","url":"https:\/\/www.naturella.ch\/wp-content\/uploads\/2021\/04\/Logo-Naturella_2021_RVB-e1619530233334.png","contentUrl":"https:\/\/www.naturella.ch\/wp-content\/uploads\/2021\/04\/Logo-Naturella_2021_RVB-e1619530233334.png","width":340,"height":170,"caption":"Naturella Diffusion SA"},"image":{"@id":"https:\/\/www.naturella.ch\/de\/#\/schema\/logo\/image\/"},"sameAs":["https:\/\/www.facebook.com\/Naturella-Diffusion-102844258398231","https:\/\/www.instagram.com\/naturella_diffusion\/"],"hasMerchantReturnPolicy":{"@type":"MerchantReturnPolicy","merchantReturnLink":"https:\/\/www.naturella.ch\/remboursements_retours\/"}}]},"product_price_amount":"33.00","product_price_currency":"CHF","og_availability":"instock","product_availability":"instock","product_retailer_item_id":"5650","product_condition":"new"},"_links":{"self":[{"href":"https:\/\/www.naturella.ch\/de\/wp-json\/wp\/v2\/product\/682","targetHints":{"allow":["GET"]}}],"collection":[{"href":"https:\/\/www.naturella.ch\/de\/wp-json\/wp\/v2\/product"}],"about":[{"href":"https:\/\/www.naturella.ch\/de\/wp-json\/wp\/v2\/types\/product"}],"replies":[{"embeddable":true,"href":"https:\/\/www.naturella.ch\/de\/wp-json\/wp\/v2\/comments?post=682"}],"wp:featuredmedia":[{"embeddable":true,"href":"https:\/\/www.naturella.ch\/de\/wp-json\/wp\/v2\/media\/12910"}],"wp:attachment":[{"href":"https:\/\/www.naturella.ch\/de\/wp-json\/wp\/v2\/media?parent=682"}],"wp:term":[{"taxonomy":"product_brand","embeddable":true,"href":"https:\/\/www.naturella.ch\/de\/wp-json\/wp\/v2\/product_brand?post=682"},{"taxonomy":"product_cat","embeddable":true,"href":"https:\/\/www.naturella.ch\/de\/wp-json\/wp\/v2\/product_cat?post=682"},{"taxonomy":"product_tag","embeddable":true,"href":"https:\/\/www.naturella.ch\/de\/wp-json\/wp\/v2\/product_tag?post=682"}],"curies":[{"name":"wp","href":"https:\/\/api.w.org\/{rel}","templated":true}]}}