{"id":688,"date":"2019-03-27T10:40:28","date_gmt":"2019-03-27T09:40:28","guid":{"rendered":"https:\/\/www.naturella.chproduit\/aprikosenkerne-gel-creme\/"},"modified":"2025-12-15T13:57:10","modified_gmt":"2025-12-15T12:57:10","slug":"feuchtigkeitsbalsam-aus-aprikosen","status":"publish","type":"product","link":"https:\/\/www.naturella.ch\/de\/produkt\/feuchtigkeitsbalsam-aus-aprikosen\/","title":{"rendered":"Feuchtigkeitsbalsam aus Aprikosen"},"content":{"rendered":"<p><em>Sonnenbrand, Insektenstiche, trockene und verletzliche Haut.<\/em><\/p>\n<p>Die Aprikose stammt urspr\u00fcnglich aus Zentralasien und wurde \u00fcber Armenien nach Europa gebracht, was ihren wissenschaftlichen Namen \u201ePrunus armeniaca\u201c erkl\u00e4rt. Die in ihren Kernen enthaltenen Mandeln werden kalt gepresst, um Aprikosen\u00f6l zu gewinnen. Dieses \u00d6l ist seit langem f\u00fcr seine kosmetischen Eigenschaften bekannt und wird insbesondere von den Hunzafrauen in Pakistan seit mehreren Jahrhunderten verwendet. Dank dessen ausserordentlichen Eigenschaften behielten sie bis ins hohe Alter eine glatte, reine und faltenfreie Haut. Dieses \u00d6l ist heute ein wichtiger Bestandteil vieler Hautpflegeprodukte. Die leichte Textur und der dezente Duft machen es zu einer beliebten Wahl f\u00fcr die Hautpflege.<\/p>\n<p><strong>Aprikosenkern\u00f6l<\/strong>\u00a0ist sehr g\u00fcnstig bei Hautirritationen usw.<\/p>\n<p>Ausserdem enth\u00e4lt unsere neue Formel <strong>Weizenkeim\u00f6l<\/strong>. Letzteres ist das \u00d6l mit dem h\u00f6chsten Gehalt an Vitamin E, das ein nat\u00fcrliches Antioxidans ist. Um diese sch\u00f6ne Formel zu vervollst\u00e4ndigen und Ihre Haut besonders gut zu pflegen, enth\u00e4lt unser Balsam <strong>Bio-Kakaobutter<\/strong>, die reich an Vitaminen und Mineralien ist.<\/p>\n<p>Kann f\u00fcr einen strahlenden Teint ganzj\u00e4hrlich angewendet werden.<\/p>\n<p>&nbsp;<\/p>\n<p><strong>Unsere neue Formel ist :<\/strong><\/p>\n<ul>\n<li>Nahezu 60% Aprikosen\u00f6l<\/li>\n<li>Entwickelt und hergestellt im Wallis<\/li>\n<li>Nur 6 Inhaltsstoffe<\/li>\n<li>100% Inhaltsstoffe nat\u00fcrlichen und pflanzlichen Ursprungs<\/li>\n<li>Nat\u00fcrlicher veganer Aprikosenduft<\/li>\n<\/ul>\n<p>&nbsp;<\/p>\n","protected":false},"excerpt":{"rendered":"<h2>Neue Formel<\/h2>\n<h3>schweizer Produkt !<\/h3>\n<p>Von K\u00e4lte betroffene Haut, rissige Lippen, trockene und verletzliche Haut.<\/p>\n","protected":false},"featured_media":22328,"comment_status":"open","ping_status":"closed","template":"","meta":{"_acf_changed":false,"powered_cache_disable_cache":false,"powered_cache_disable_lazyload":false,"powered_cache_disable_css_optimization":false,"powered_cache_disable_js_optimization":false},"product_brand":[],"product_cat":[58,140,64,63],"product_tag":[105],"class_list":{"0":"post-688","1":"product","2":"type-product","3":"status-publish","4":"has-post-thumbnail","6":"product_cat-kosmetik-schonheit","7":"product_cat-sommer","8":"product_cat-sonne","9":"product_cat-winter","10":"product_tag-valais-de","12":"first","13":"instock","14":"shipping-taxable","15":"purchasable","16":"product-type-simple"},"acf":[],"yoast_head":"<!-- This site is optimized with the Yoast SEO Premium plugin v26.9 (Yoast SEO v27.6) - https:\/\/yoast.com\/product\/yoast-seo-premium-wordpress\/ -->\n<title>Feuchtigkeitsbalsam aus Aprikosen | Schweiz | 50 ml - Naturella Diffusion SA<\/title>\n<meta name=\"description\" content=\"Vorr\u00e4tig | \u2605\u2605\u2605 Hergestellt im Wallis \u2605\u2605 Von K\u00e4lte betroffene Haut, rissige Lippen, trockene und verletzliche Haut.\" \/>\n<meta name=\"robots\" content=\"index, follow, max-snippet:-1, max-image-preview:large, max-video-preview:-1\" \/>\n<link rel=\"canonical\" href=\"https:\/\/www.naturella.ch\/de\/produkt\/feuchtigkeitsbalsam-aus-aprikosen\/\" \/>\n<meta property=\"og:locale\" content=\"de_DE\" \/>\n<meta property=\"og:type\" content=\"article\" \/>\n<meta property=\"og:title\" content=\"Feuchtigkeitsbalsam aus Aprikosen\" \/>\n<meta property=\"og:description\" content=\"Vorr\u00e4tig | \u2605\u2605\u2605 Hergestellt im Wallis \u2605\u2605 Von K\u00e4lte betroffene Haut, rissige Lippen, trockene und verletzliche Haut.\" \/>\n<meta property=\"og:url\" content=\"https:\/\/www.naturella.ch\/de\/produkt\/feuchtigkeitsbalsam-aus-aprikosen\/\" \/>\n<meta property=\"og:site_name\" content=\"Naturella\" \/>\n<meta property=\"article:publisher\" content=\"https:\/\/www.facebook.com\/Naturella-Diffusion-102844258398231\" \/>\n<meta property=\"article:modified_time\" content=\"2025-12-15T12:57:10+00:00\" \/>\n<meta property=\"og:image\" content=\"https:\/\/www.naturella.ch\/wp-content\/uploads\/2019\/03\/P.GEL-ABRICOT.png\" \/>\n\t<meta property=\"og:image:width\" content=\"1020\" \/>\n\t<meta property=\"og:image:height\" content=\"1020\" \/>\n\t<meta property=\"og:image:type\" content=\"image\/png\" \/>\n<meta name=\"twitter:card\" content=\"summary_large_image\" \/>\n<meta name=\"twitter:label1\" content=\"Preis\" \/>\n\t<meta name=\"twitter:data1\" content=\"&#067;&#072;&#070;&nbsp;42.00\" \/>\n\t<meta name=\"twitter:label2\" content=\"Verf\u00fcgbarkeit\" \/>\n\t<meta name=\"twitter:data2\" content=\"Auf Lager\" \/>\n<script type=\"application\/ld+json\" class=\"yoast-schema-graph\">{\"@context\":\"https:\\\/\\\/schema.org\",\"@graph\":[{\"@type\":\"WebPage\",\"@id\":\"https:\\\/\\\/www.naturella.ch\\\/de\\\/produkt\\\/feuchtigkeitsbalsam-aus-aprikosen\\\/\",\"url\":\"https:\\\/\\\/www.naturella.ch\\\/de\\\/produkt\\\/feuchtigkeitsbalsam-aus-aprikosen\\\/\",\"name\":\"Feuchtigkeitsbalsam aus Aprikosen | Schweiz | 50 ml - Naturella Diffusion SA\",\"isPartOf\":{\"@id\":\"https:\\\/\\\/www.naturella.ch\\\/de\\\/#website\"},\"primaryImageOfPage\":{\"@id\":\"https:\\\/\\\/www.naturella.ch\\\/de\\\/produkt\\\/feuchtigkeitsbalsam-aus-aprikosen\\\/#primaryimage\"},\"image\":{\"@id\":\"https:\\\/\\\/www.naturella.ch\\\/de\\\/produkt\\\/feuchtigkeitsbalsam-aus-aprikosen\\\/#primaryimage\"},\"thumbnailUrl\":\"https:\\\/\\\/www.naturella.ch\\\/wp-content\\\/uploads\\\/2019\\\/03\\\/Baume-douceur-abricot.png\",\"datePublished\":\"2019-03-27T09:40:28+00:00\",\"dateModified\":\"2025-12-15T12:57:10+00:00\",\"description\":\"Vorr\u00e4tig | \u2605\u2605\u2605 Hergestellt im Wallis \u2605\u2605 Von K\u00e4lte betroffene Haut, rissige Lippen, trockene und verletzliche Haut.\",\"breadcrumb\":{\"@id\":\"https:\\\/\\\/www.naturella.ch\\\/de\\\/produkt\\\/feuchtigkeitsbalsam-aus-aprikosen\\\/#breadcrumb\"},\"inLanguage\":\"de\",\"potentialAction\":[{\"@type\":\"ReadAction\",\"target\":[\"https:\\\/\\\/www.naturella.ch\\\/de\\\/produkt\\\/feuchtigkeitsbalsam-aus-aprikosen\\\/\"]}]},{\"@type\":\"ImageObject\",\"inLanguage\":\"de\",\"@id\":\"https:\\\/\\\/www.naturella.ch\\\/de\\\/produkt\\\/feuchtigkeitsbalsam-aus-aprikosen\\\/#primaryimage\",\"url\":\"https:\\\/\\\/www.naturella.ch\\\/wp-content\\\/uploads\\\/2019\\\/03\\\/Baume-douceur-abricot.png\",\"contentUrl\":\"https:\\\/\\\/www.naturella.ch\\\/wp-content\\\/uploads\\\/2019\\\/03\\\/Baume-douceur-abricot.png\",\"width\":1020,\"height\":1020},{\"@type\":\"BreadcrumbList\",\"@id\":\"https:\\\/\\\/www.naturella.ch\\\/de\\\/produkt\\\/feuchtigkeitsbalsam-aus-aprikosen\\\/#breadcrumb\",\"itemListElement\":[{\"@type\":\"ListItem\",\"position\":1,\"name\":\"Accueil\",\"item\":\"https:\\\/\\\/www.naturella.ch\\\/de\\\/\"},{\"@type\":\"ListItem\",\"position\":2,\"name\":\"Online-Shop\",\"item\":\"https:\\\/\\\/www.naturella.ch\\\/de\\\/online-shop\\\/\"},{\"@type\":\"ListItem\",\"position\":3,\"name\":\"Feuchtigkeitsbalsam aus Aprikosen\"}]},{\"@type\":\"WebSite\",\"@id\":\"https:\\\/\\\/www.naturella.ch\\\/de\\\/#website\",\"url\":\"https:\\\/\\\/www.naturella.ch\\\/de\\\/\",\"name\":\"Naturella\",\"description\":\"\",\"publisher\":{\"@id\":\"https:\\\/\\\/www.naturella.ch\\\/de\\\/#organization\"},\"potentialAction\":[{\"@type\":\"SearchAction\",\"target\":{\"@type\":\"EntryPoint\",\"urlTemplate\":\"https:\\\/\\\/www.naturella.ch\\\/de\\\/?s={search_term_string}\"},\"query-input\":{\"@type\":\"PropertyValueSpecification\",\"valueRequired\":true,\"valueName\":\"search_term_string\"}}],\"inLanguage\":\"de\"},{\"@type\":\"Organization\",\"@id\":\"https:\\\/\\\/www.naturella.ch\\\/de\\\/#organization\",\"name\":\"Naturella Diffusion SA\",\"url\":\"https:\\\/\\\/www.naturella.ch\\\/de\\\/\",\"logo\":{\"@type\":\"ImageObject\",\"inLanguage\":\"de\",\"@id\":\"https:\\\/\\\/www.naturella.ch\\\/de\\\/#\\\/schema\\\/logo\\\/image\\\/\",\"url\":\"https:\\\/\\\/www.naturella.ch\\\/wp-content\\\/uploads\\\/2021\\\/04\\\/Logo-Naturella_2021_RVB-e1619530233334.png\",\"contentUrl\":\"https:\\\/\\\/www.naturella.ch\\\/wp-content\\\/uploads\\\/2021\\\/04\\\/Logo-Naturella_2021_RVB-e1619530233334.png\",\"width\":340,\"height\":170,\"caption\":\"Naturella Diffusion SA\"},\"image\":{\"@id\":\"https:\\\/\\\/www.naturella.ch\\\/de\\\/#\\\/schema\\\/logo\\\/image\\\/\"},\"sameAs\":[\"https:\\\/\\\/www.facebook.com\\\/Naturella-Diffusion-102844258398231\",\"https:\\\/\\\/www.instagram.com\\\/naturella_diffusion\\\/\"],\"hasMerchantReturnPolicy\":{\"@type\":\"MerchantReturnPolicy\",\"merchantReturnLink\":\"https:\\\/\\\/www.naturella.ch\\\/remboursements_retours\\\/\"}}]}<\/script>\n<meta property=\"product:price:amount\" content=\"42.00\" \/>\n<meta property=\"product:price:currency\" content=\"CHF\" \/>\n<meta property=\"og:availability\" content=\"instock\" \/>\n<meta property=\"product:availability\" content=\"instock\" \/>\n<meta property=\"product:retailer_item_id\" content=\"3017\" \/>\n<meta property=\"product:condition\" content=\"new\" \/>\n<!-- \/ Yoast SEO Premium plugin. -->","yoast_head_json":{"title":"Feuchtigkeitsbalsam aus Aprikosen | Schweiz | 50 ml - Naturella Diffusion SA","description":"Vorr\u00e4tig | \u2605\u2605\u2605 Hergestellt im Wallis \u2605\u2605 Von K\u00e4lte betroffene Haut, rissige Lippen, trockene und verletzliche Haut.","robots":{"index":"index","follow":"follow","max-snippet":"max-snippet:-1","max-image-preview":"max-image-preview:large","max-video-preview":"max-video-preview:-1"},"canonical":"https:\/\/www.naturella.ch\/de\/produkt\/feuchtigkeitsbalsam-aus-aprikosen\/","og_locale":"de_DE","og_type":"article","og_title":"Feuchtigkeitsbalsam aus Aprikosen","og_description":"Vorr\u00e4tig | \u2605\u2605\u2605 Hergestellt im Wallis \u2605\u2605 Von K\u00e4lte betroffene Haut, rissige Lippen, trockene und verletzliche Haut.","og_url":"https:\/\/www.naturella.ch\/de\/produkt\/feuchtigkeitsbalsam-aus-aprikosen\/","og_site_name":"Naturella","article_publisher":"https:\/\/www.facebook.com\/Naturella-Diffusion-102844258398231","article_modified_time":"2025-12-15T12:57:10+00:00","og_image":[{"width":1020,"height":1020,"url":"https:\/\/www.naturella.ch\/wp-content\/uploads\/2019\/03\/P.GEL-ABRICOT.png","type":"image\/png"}],"twitter_card":"summary_large_image","twitter_misc":{"Preis":"&#67;&#72;&#70;&nbsp;42.00","Verf\u00fcgbarkeit":"Auf Lager"},"schema":{"@context":"https:\/\/schema.org","@graph":[{"@type":"WebPage","@id":"https:\/\/www.naturella.ch\/de\/produkt\/feuchtigkeitsbalsam-aus-aprikosen\/","url":"https:\/\/www.naturella.ch\/de\/produkt\/feuchtigkeitsbalsam-aus-aprikosen\/","name":"Feuchtigkeitsbalsam aus Aprikosen | Schweiz | 50 ml - Naturella Diffusion SA","isPartOf":{"@id":"https:\/\/www.naturella.ch\/de\/#website"},"primaryImageOfPage":{"@id":"https:\/\/www.naturella.ch\/de\/produkt\/feuchtigkeitsbalsam-aus-aprikosen\/#primaryimage"},"image":{"@id":"https:\/\/www.naturella.ch\/de\/produkt\/feuchtigkeitsbalsam-aus-aprikosen\/#primaryimage"},"thumbnailUrl":"https:\/\/www.naturella.ch\/wp-content\/uploads\/2019\/03\/Baume-douceur-abricot.png","datePublished":"2019-03-27T09:40:28+00:00","dateModified":"2025-12-15T12:57:10+00:00","description":"Vorr\u00e4tig | \u2605\u2605\u2605 Hergestellt im Wallis \u2605\u2605 Von K\u00e4lte betroffene Haut, rissige Lippen, trockene und verletzliche Haut.","breadcrumb":{"@id":"https:\/\/www.naturella.ch\/de\/produkt\/feuchtigkeitsbalsam-aus-aprikosen\/#breadcrumb"},"inLanguage":"de","potentialAction":[{"@type":"ReadAction","target":["https:\/\/www.naturella.ch\/de\/produkt\/feuchtigkeitsbalsam-aus-aprikosen\/"]}]},{"@type":"ImageObject","inLanguage":"de","@id":"https:\/\/www.naturella.ch\/de\/produkt\/feuchtigkeitsbalsam-aus-aprikosen\/#primaryimage","url":"https:\/\/www.naturella.ch\/wp-content\/uploads\/2019\/03\/Baume-douceur-abricot.png","contentUrl":"https:\/\/www.naturella.ch\/wp-content\/uploads\/2019\/03\/Baume-douceur-abricot.png","width":1020,"height":1020},{"@type":"BreadcrumbList","@id":"https:\/\/www.naturella.ch\/de\/produkt\/feuchtigkeitsbalsam-aus-aprikosen\/#breadcrumb","itemListElement":[{"@type":"ListItem","position":1,"name":"Accueil","item":"https:\/\/www.naturella.ch\/de\/"},{"@type":"ListItem","position":2,"name":"Online-Shop","item":"https:\/\/www.naturella.ch\/de\/online-shop\/"},{"@type":"ListItem","position":3,"name":"Feuchtigkeitsbalsam aus Aprikosen"}]},{"@type":"WebSite","@id":"https:\/\/www.naturella.ch\/de\/#website","url":"https:\/\/www.naturella.ch\/de\/","name":"Naturella","description":"","publisher":{"@id":"https:\/\/www.naturella.ch\/de\/#organization"},"potentialAction":[{"@type":"SearchAction","target":{"@type":"EntryPoint","urlTemplate":"https:\/\/www.naturella.ch\/de\/?s={search_term_string}"},"query-input":{"@type":"PropertyValueSpecification","valueRequired":true,"valueName":"search_term_string"}}],"inLanguage":"de"},{"@type":"Organization","@id":"https:\/\/www.naturella.ch\/de\/#organization","name":"Naturella Diffusion SA","url":"https:\/\/www.naturella.ch\/de\/","logo":{"@type":"ImageObject","inLanguage":"de","@id":"https:\/\/www.naturella.ch\/de\/#\/schema\/logo\/image\/","url":"https:\/\/www.naturella.ch\/wp-content\/uploads\/2021\/04\/Logo-Naturella_2021_RVB-e1619530233334.png","contentUrl":"https:\/\/www.naturella.ch\/wp-content\/uploads\/2021\/04\/Logo-Naturella_2021_RVB-e1619530233334.png","width":340,"height":170,"caption":"Naturella Diffusion SA"},"image":{"@id":"https:\/\/www.naturella.ch\/de\/#\/schema\/logo\/image\/"},"sameAs":["https:\/\/www.facebook.com\/Naturella-Diffusion-102844258398231","https:\/\/www.instagram.com\/naturella_diffusion\/"],"hasMerchantReturnPolicy":{"@type":"MerchantReturnPolicy","merchantReturnLink":"https:\/\/www.naturella.ch\/remboursements_retours\/"}}]},"product_price_amount":"42.00","product_price_currency":"CHF","og_availability":"instock","product_availability":"instock","product_retailer_item_id":"3017","product_condition":"new"},"_links":{"self":[{"href":"https:\/\/www.naturella.ch\/de\/wp-json\/wp\/v2\/product\/688","targetHints":{"allow":["GET"]}}],"collection":[{"href":"https:\/\/www.naturella.ch\/de\/wp-json\/wp\/v2\/product"}],"about":[{"href":"https:\/\/www.naturella.ch\/de\/wp-json\/wp\/v2\/types\/product"}],"replies":[{"embeddable":true,"href":"https:\/\/www.naturella.ch\/de\/wp-json\/wp\/v2\/comments?post=688"}],"wp:featuredmedia":[{"embeddable":true,"href":"https:\/\/www.naturella.ch\/de\/wp-json\/wp\/v2\/media\/22328"}],"wp:attachment":[{"href":"https:\/\/www.naturella.ch\/de\/wp-json\/wp\/v2\/media?parent=688"}],"wp:term":[{"taxonomy":"product_brand","embeddable":true,"href":"https:\/\/www.naturella.ch\/de\/wp-json\/wp\/v2\/product_brand?post=688"},{"taxonomy":"product_cat","embeddable":true,"href":"https:\/\/www.naturella.ch\/de\/wp-json\/wp\/v2\/product_cat?post=688"},{"taxonomy":"product_tag","embeddable":true,"href":"https:\/\/www.naturella.ch\/de\/wp-json\/wp\/v2\/product_tag?post=688"}],"curies":[{"name":"wp","href":"https:\/\/api.w.org\/{rel}","templated":true}]}}