{"id":702,"date":"2019-03-27T10:51:49","date_gmt":"2019-03-27T09:51:49","guid":{"rendered":"https:\/\/www.naturella.chproduit\/guarana\/"},"modified":"2025-06-20T10:32:13","modified_gmt":"2025-06-20T08:32:13","slug":"guarana-de","status":"publish","type":"product","link":"https:\/\/www.naturella.ch\/de\/produkt\/guarana-de\/","title":{"rendered":"Guarana BIO"},"content":{"rendered":"<p>Aber das ist noch nicht alles. <strong>Guarana<\/strong> ist so anregend.<br \/>\nDen Amanzonas-Indiandern war es wohl bekannt : Bevor sie zum Fischen oder auf die Jagd gingen, haben sie immer davon gegessen, um so Kraft, Ausdauer und Wachsamkeit zu st\u00e4rken. Heute erweist es sich als besonders wertvoll, um aktiv zu bleiben und in jeder Situation die Kontrolle zu behalten !<\/p>\n<p><strong>Guarana<\/strong>, ein Strauch aus dem brasilianischen Becken, ist eine Pflanze mit einem sehr hohen Koffeingehalt.<\/p>\n<p>Gute Nachricht : Auch Sie k\u00f6nnen von den belebenden Wirkungen des <strong>Guarana<\/strong> profitieren !<\/p>\n<p>Geerntet, getrocknet und nach alt\u00fcberlieferten Methoden zu Pulver gemahlen, werden seine Samen ab heute tats\u00e4chlich als praktische Nahrungserg\u00e4nzung angeboten.<\/p>\n<p>Diese Qualit\u00e4ten machen <strong>Guarana<\/strong> zu Ihrem grossen Verb\u00fcndeten, um sich in Ihrer Haut und in Ihrem Kopf wohlzuf\u00fchlen haben die grosse Form, aber nicht die K\u00f6rperformen !<\/p>\n<p>Denken Sie an ihn, jedesmal wenn das Leben etwas mehr von Ihnen fordert, sei es k\u00f6rperlich oder seelisch.<\/p>\n","protected":false},"excerpt":{"rendered":"<h6>Tonisierende und stimulierende Wirkung<\/h6>\n<h3>Energie in ihrer urspr\u00fcnglichen Form !<\/h3>\n<p>Sein sehr hoher Koffeingehalt macht ihn zu einem wertvollen Verb\u00fcndeten, wann immer es darum geht, die Waage im Auge zu behalten&#8230;<\/p>\n","protected":false},"featured_media":8528,"comment_status":"open","ping_status":"closed","template":"","meta":{"_acf_changed":false,"powered_cache_disable_cache":false,"powered_cache_disable_lazyload":false,"powered_cache_disable_css_optimization":false,"powered_cache_disable_js_optimization":false},"product_brand":[],"product_cat":[75,62],"product_tag":[],"class_list":{"0":"post-702","1":"product","2":"type-product","3":"status-publish","4":"has-post-thumbnail","6":"product_cat-energie-de","7":"product_cat-wiege-dein-gewicht","9":"first","10":"instock","11":"shipping-taxable","12":"purchasable","13":"product-type-simple"},"acf":[],"yoast_head":"<!-- This site is optimized with the Yoast SEO Premium plugin v26.9 (Yoast SEO v27.3) - https:\/\/yoast.com\/product\/yoast-seo-premium-wordpress\/ -->\n<title>Guarana BIO | Schweiz | 100 Kapseln - Naturella Diffusion SA<\/title>\n<meta name=\"description\" content=\"Vorr\u00e4tig | Belebende und stimulierende Wirkung. Energie in ihrer reinsten Form ! Sein sehr hoher Koffeingehalt macht ihn zu einem wertvollen Verb\u00fcndeten.\" \/>\n<meta name=\"robots\" content=\"index, follow, max-snippet:-1, max-image-preview:large, max-video-preview:-1\" \/>\n<link rel=\"canonical\" href=\"https:\/\/www.naturella.ch\/de\/produkt\/guarana-de\/\" \/>\n<meta property=\"og:locale\" content=\"de_DE\" \/>\n<meta property=\"og:type\" content=\"article\" \/>\n<meta property=\"og:title\" content=\"Guarana BIO\" \/>\n<meta property=\"og:description\" content=\"Vorr\u00e4tig | Belebende und stimulierende Wirkung. Energie in ihrer reinsten Form ! Sein sehr hoher Koffeingehalt macht ihn zu einem wertvollen Verb\u00fcndeten.\" \/>\n<meta property=\"og:url\" content=\"https:\/\/www.naturella.ch\/de\/produkt\/guarana-de\/\" \/>\n<meta property=\"og:site_name\" content=\"Naturella\" \/>\n<meta property=\"article:publisher\" content=\"https:\/\/www.facebook.com\/Naturella-Diffusion-102844258398231\" \/>\n<meta property=\"article:modified_time\" content=\"2025-06-20T08:32:13+00:00\" \/>\n<meta property=\"og:image\" content=\"https:\/\/www.naturella.ch\/wp-content\/uploads\/2019\/03\/P.GUARANA-1.png\" \/>\n\t<meta property=\"og:image:width\" content=\"1020\" \/>\n\t<meta property=\"og:image:height\" content=\"1020\" \/>\n\t<meta property=\"og:image:type\" content=\"image\/png\" \/>\n<meta name=\"twitter:card\" content=\"summary_large_image\" \/>\n<meta name=\"twitter:label1\" content=\"Preis\" \/>\n\t<meta name=\"twitter:data1\" content=\"&#067;&#072;&#070;&nbsp;30.00\" \/>\n\t<meta name=\"twitter:label2\" content=\"Verf\u00fcgbarkeit\" \/>\n\t<meta name=\"twitter:data2\" content=\"Auf Lager\" \/>\n<script type=\"application\/ld+json\" class=\"yoast-schema-graph\">{\"@context\":\"https:\\\/\\\/schema.org\",\"@graph\":[{\"@type\":\"WebPage\",\"@id\":\"https:\\\/\\\/www.naturella.ch\\\/de\\\/produkt\\\/guarana-de\\\/\",\"url\":\"https:\\\/\\\/www.naturella.ch\\\/de\\\/produkt\\\/guarana-de\\\/\",\"name\":\"Guarana BIO | Schweiz | 100 Kapseln - Naturella Diffusion SA\",\"isPartOf\":{\"@id\":\"https:\\\/\\\/www.naturella.ch\\\/de\\\/#website\"},\"primaryImageOfPage\":{\"@id\":\"https:\\\/\\\/www.naturella.ch\\\/de\\\/produkt\\\/guarana-de\\\/#primaryimage\"},\"image\":{\"@id\":\"https:\\\/\\\/www.naturella.ch\\\/de\\\/produkt\\\/guarana-de\\\/#primaryimage\"},\"thumbnailUrl\":\"https:\\\/\\\/www.naturella.ch\\\/wp-content\\\/uploads\\\/2019\\\/03\\\/P.GUARANA-1.png\",\"datePublished\":\"2019-03-27T09:51:49+00:00\",\"dateModified\":\"2025-06-20T08:32:13+00:00\",\"description\":\"Vorr\u00e4tig | Belebende und stimulierende Wirkung. Energie in ihrer reinsten Form ! Sein sehr hoher Koffeingehalt macht ihn zu einem wertvollen Verb\u00fcndeten.\",\"breadcrumb\":{\"@id\":\"https:\\\/\\\/www.naturella.ch\\\/de\\\/produkt\\\/guarana-de\\\/#breadcrumb\"},\"inLanguage\":\"de\",\"potentialAction\":[{\"@type\":\"ReadAction\",\"target\":[\"https:\\\/\\\/www.naturella.ch\\\/de\\\/produkt\\\/guarana-de\\\/\"]}]},{\"@type\":\"ImageObject\",\"inLanguage\":\"de\",\"@id\":\"https:\\\/\\\/www.naturella.ch\\\/de\\\/produkt\\\/guarana-de\\\/#primaryimage\",\"url\":\"https:\\\/\\\/www.naturella.ch\\\/wp-content\\\/uploads\\\/2019\\\/03\\\/P.GUARANA-1.png\",\"contentUrl\":\"https:\\\/\\\/www.naturella.ch\\\/wp-content\\\/uploads\\\/2019\\\/03\\\/P.GUARANA-1.png\",\"width\":1020,\"height\":1020,\"caption\":\"Guarana\"},{\"@type\":\"BreadcrumbList\",\"@id\":\"https:\\\/\\\/www.naturella.ch\\\/de\\\/produkt\\\/guarana-de\\\/#breadcrumb\",\"itemListElement\":[{\"@type\":\"ListItem\",\"position\":1,\"name\":\"Accueil\",\"item\":\"https:\\\/\\\/www.naturella.ch\\\/de\\\/\"},{\"@type\":\"ListItem\",\"position\":2,\"name\":\"Online-Shop\",\"item\":\"https:\\\/\\\/www.naturella.ch\\\/de\\\/online-shop\\\/\"},{\"@type\":\"ListItem\",\"position\":3,\"name\":\"Guarana BIO\"}]},{\"@type\":\"WebSite\",\"@id\":\"https:\\\/\\\/www.naturella.ch\\\/de\\\/#website\",\"url\":\"https:\\\/\\\/www.naturella.ch\\\/de\\\/\",\"name\":\"Naturella\",\"description\":\"\",\"publisher\":{\"@id\":\"https:\\\/\\\/www.naturella.ch\\\/de\\\/#organization\"},\"potentialAction\":[{\"@type\":\"SearchAction\",\"target\":{\"@type\":\"EntryPoint\",\"urlTemplate\":\"https:\\\/\\\/www.naturella.ch\\\/de\\\/?s={search_term_string}\"},\"query-input\":{\"@type\":\"PropertyValueSpecification\",\"valueRequired\":true,\"valueName\":\"search_term_string\"}}],\"inLanguage\":\"de\"},{\"@type\":\"Organization\",\"@id\":\"https:\\\/\\\/www.naturella.ch\\\/de\\\/#organization\",\"name\":\"Naturella Diffusion SA\",\"url\":\"https:\\\/\\\/www.naturella.ch\\\/de\\\/\",\"logo\":{\"@type\":\"ImageObject\",\"inLanguage\":\"de\",\"@id\":\"https:\\\/\\\/www.naturella.ch\\\/de\\\/#\\\/schema\\\/logo\\\/image\\\/\",\"url\":\"https:\\\/\\\/www.naturella.ch\\\/wp-content\\\/uploads\\\/2021\\\/04\\\/Logo-Naturella_2021_RVB-e1619530233334.png\",\"contentUrl\":\"https:\\\/\\\/www.naturella.ch\\\/wp-content\\\/uploads\\\/2021\\\/04\\\/Logo-Naturella_2021_RVB-e1619530233334.png\",\"width\":340,\"height\":170,\"caption\":\"Naturella Diffusion SA\"},\"image\":{\"@id\":\"https:\\\/\\\/www.naturella.ch\\\/de\\\/#\\\/schema\\\/logo\\\/image\\\/\"},\"sameAs\":[\"https:\\\/\\\/www.facebook.com\\\/Naturella-Diffusion-102844258398231\",\"https:\\\/\\\/www.instagram.com\\\/naturella_diffusion\\\/\"],\"hasMerchantReturnPolicy\":{\"@type\":\"MerchantReturnPolicy\",\"merchantReturnLink\":\"https:\\\/\\\/www.naturella.ch\\\/remboursements_retours\\\/\"}}]}<\/script>\n<meta property=\"product:price:amount\" content=\"30.00\" \/>\n<meta property=\"product:price:currency\" content=\"CHF\" \/>\n<meta property=\"og:availability\" content=\"instock\" \/>\n<meta property=\"product:availability\" content=\"instock\" \/>\n<meta property=\"product:retailer_item_id\" content=\"1381\" \/>\n<meta property=\"product:condition\" content=\"new\" \/>\n<!-- \/ Yoast SEO Premium plugin. -->","yoast_head_json":{"title":"Guarana BIO | Schweiz | 100 Kapseln - Naturella Diffusion SA","description":"Vorr\u00e4tig | Belebende und stimulierende Wirkung. Energie in ihrer reinsten Form ! Sein sehr hoher Koffeingehalt macht ihn zu einem wertvollen Verb\u00fcndeten.","robots":{"index":"index","follow":"follow","max-snippet":"max-snippet:-1","max-image-preview":"max-image-preview:large","max-video-preview":"max-video-preview:-1"},"canonical":"https:\/\/www.naturella.ch\/de\/produkt\/guarana-de\/","og_locale":"de_DE","og_type":"article","og_title":"Guarana BIO","og_description":"Vorr\u00e4tig | Belebende und stimulierende Wirkung. Energie in ihrer reinsten Form ! Sein sehr hoher Koffeingehalt macht ihn zu einem wertvollen Verb\u00fcndeten.","og_url":"https:\/\/www.naturella.ch\/de\/produkt\/guarana-de\/","og_site_name":"Naturella","article_publisher":"https:\/\/www.facebook.com\/Naturella-Diffusion-102844258398231","article_modified_time":"2025-06-20T08:32:13+00:00","og_image":[{"width":1020,"height":1020,"url":"https:\/\/www.naturella.ch\/wp-content\/uploads\/2019\/03\/P.GUARANA-1.png","type":"image\/png"}],"twitter_card":"summary_large_image","twitter_misc":{"Preis":"&#67;&#72;&#70;&nbsp;30.00","Verf\u00fcgbarkeit":"Auf Lager"},"schema":{"@context":"https:\/\/schema.org","@graph":[{"@type":"WebPage","@id":"https:\/\/www.naturella.ch\/de\/produkt\/guarana-de\/","url":"https:\/\/www.naturella.ch\/de\/produkt\/guarana-de\/","name":"Guarana BIO | Schweiz | 100 Kapseln - Naturella Diffusion SA","isPartOf":{"@id":"https:\/\/www.naturella.ch\/de\/#website"},"primaryImageOfPage":{"@id":"https:\/\/www.naturella.ch\/de\/produkt\/guarana-de\/#primaryimage"},"image":{"@id":"https:\/\/www.naturella.ch\/de\/produkt\/guarana-de\/#primaryimage"},"thumbnailUrl":"https:\/\/www.naturella.ch\/wp-content\/uploads\/2019\/03\/P.GUARANA-1.png","datePublished":"2019-03-27T09:51:49+00:00","dateModified":"2025-06-20T08:32:13+00:00","description":"Vorr\u00e4tig | Belebende und stimulierende Wirkung. Energie in ihrer reinsten Form ! Sein sehr hoher Koffeingehalt macht ihn zu einem wertvollen Verb\u00fcndeten.","breadcrumb":{"@id":"https:\/\/www.naturella.ch\/de\/produkt\/guarana-de\/#breadcrumb"},"inLanguage":"de","potentialAction":[{"@type":"ReadAction","target":["https:\/\/www.naturella.ch\/de\/produkt\/guarana-de\/"]}]},{"@type":"ImageObject","inLanguage":"de","@id":"https:\/\/www.naturella.ch\/de\/produkt\/guarana-de\/#primaryimage","url":"https:\/\/www.naturella.ch\/wp-content\/uploads\/2019\/03\/P.GUARANA-1.png","contentUrl":"https:\/\/www.naturella.ch\/wp-content\/uploads\/2019\/03\/P.GUARANA-1.png","width":1020,"height":1020,"caption":"Guarana"},{"@type":"BreadcrumbList","@id":"https:\/\/www.naturella.ch\/de\/produkt\/guarana-de\/#breadcrumb","itemListElement":[{"@type":"ListItem","position":1,"name":"Accueil","item":"https:\/\/www.naturella.ch\/de\/"},{"@type":"ListItem","position":2,"name":"Online-Shop","item":"https:\/\/www.naturella.ch\/de\/online-shop\/"},{"@type":"ListItem","position":3,"name":"Guarana BIO"}]},{"@type":"WebSite","@id":"https:\/\/www.naturella.ch\/de\/#website","url":"https:\/\/www.naturella.ch\/de\/","name":"Naturella","description":"","publisher":{"@id":"https:\/\/www.naturella.ch\/de\/#organization"},"potentialAction":[{"@type":"SearchAction","target":{"@type":"EntryPoint","urlTemplate":"https:\/\/www.naturella.ch\/de\/?s={search_term_string}"},"query-input":{"@type":"PropertyValueSpecification","valueRequired":true,"valueName":"search_term_string"}}],"inLanguage":"de"},{"@type":"Organization","@id":"https:\/\/www.naturella.ch\/de\/#organization","name":"Naturella Diffusion SA","url":"https:\/\/www.naturella.ch\/de\/","logo":{"@type":"ImageObject","inLanguage":"de","@id":"https:\/\/www.naturella.ch\/de\/#\/schema\/logo\/image\/","url":"https:\/\/www.naturella.ch\/wp-content\/uploads\/2021\/04\/Logo-Naturella_2021_RVB-e1619530233334.png","contentUrl":"https:\/\/www.naturella.ch\/wp-content\/uploads\/2021\/04\/Logo-Naturella_2021_RVB-e1619530233334.png","width":340,"height":170,"caption":"Naturella Diffusion SA"},"image":{"@id":"https:\/\/www.naturella.ch\/de\/#\/schema\/logo\/image\/"},"sameAs":["https:\/\/www.facebook.com\/Naturella-Diffusion-102844258398231","https:\/\/www.instagram.com\/naturella_diffusion\/"],"hasMerchantReturnPolicy":{"@type":"MerchantReturnPolicy","merchantReturnLink":"https:\/\/www.naturella.ch\/remboursements_retours\/"}}]},"product_price_amount":"30.00","product_price_currency":"CHF","og_availability":"instock","product_availability":"instock","product_retailer_item_id":"1381","product_condition":"new"},"_links":{"self":[{"href":"https:\/\/www.naturella.ch\/de\/wp-json\/wp\/v2\/product\/702","targetHints":{"allow":["GET"]}}],"collection":[{"href":"https:\/\/www.naturella.ch\/de\/wp-json\/wp\/v2\/product"}],"about":[{"href":"https:\/\/www.naturella.ch\/de\/wp-json\/wp\/v2\/types\/product"}],"replies":[{"embeddable":true,"href":"https:\/\/www.naturella.ch\/de\/wp-json\/wp\/v2\/comments?post=702"}],"wp:featuredmedia":[{"embeddable":true,"href":"https:\/\/www.naturella.ch\/de\/wp-json\/wp\/v2\/media\/8528"}],"wp:attachment":[{"href":"https:\/\/www.naturella.ch\/de\/wp-json\/wp\/v2\/media?parent=702"}],"wp:term":[{"taxonomy":"product_brand","embeddable":true,"href":"https:\/\/www.naturella.ch\/de\/wp-json\/wp\/v2\/product_brand?post=702"},{"taxonomy":"product_cat","embeddable":true,"href":"https:\/\/www.naturella.ch\/de\/wp-json\/wp\/v2\/product_cat?post=702"},{"taxonomy":"product_tag","embeddable":true,"href":"https:\/\/www.naturella.ch\/de\/wp-json\/wp\/v2\/product_tag?post=702"}],"curies":[{"name":"wp","href":"https:\/\/api.w.org\/{rel}","templated":true}]}}