{"id":717,"date":"2019-03-27T11:16:11","date_gmt":"2019-03-27T10:16:11","guid":{"rendered":"https:\/\/www.naturella.chproduit\/trockenol\/"},"modified":"2024-09-06T16:07:02","modified_gmt":"2024-09-06T14:07:02","slug":"trockenol-fur-den-korper","status":"publish","type":"product","link":"https:\/\/www.naturella.ch\/de\/produkt\/trockenol-fur-den-korper\/","title":{"rendered":"Trocken\u00f6l f\u00fcr den K\u00f6rper"},"content":{"rendered":"<p>Es hat die Qualit\u00e4ten eines Sch\u00f6nheits\u00f6ls, ohne die Unannehmlichkeiten\u2009: mit ihm riskieren Sie weder \u00d6lflecken auf Ihren Kleidern, noch eine gl\u00e4nzende Haut\u2009! Reichhaltig und leicht, werden Sie das Trocken\u00f6l f\u00fcr den K\u00f6rper wegen seiner feinen und seidigen Textur lieben, mehr noch f\u00fcr das samtige Erscheinungsbild Ihrer Haut.<br \/>\nEbenso angenehm auf dem K\u00f6rper und einfach zum Mitnehmen, ist es ein praktischer und wirksamer Sch\u00f6nheitsverb\u00fcndeter. Sie werden es w\u00e4hrend des ganzen Jahres sch\u00e4tzen, besonders im Sommer, wenn Ihre Haut auf eine leichte, gleichzeitig pflegende und versch\u00f6nernde Pflege Lust hat. Eine einfache Geste mit maximaler Wirkung, zus\u00e4tzlich mit allen Qualit\u00e4ten des Argan\u00f6ls und der Aloe Vera\u2009!<\/p>\n<p>Verteilen sie das Trocken\u00f6l nach der Dusche auf Ihrem K\u00f6rper. Morgens oder abends, wenn Sie es m\u00f6chten beide Male und jedes Mal, wenn Sie Lust haben, die Sinnlichkeit einzuladen.<\/p>\n<p>Ein Trocken\u00f6l ist ein \u00ab entfettetes\u00bb \u00d6l, welches somit kein Gef\u00fchl fettiger Haut hinterl\u00e4sst und in welchem die Wirkstoffe erhalten bleiben.<\/p>\n","protected":false},"excerpt":{"rendered":"<h6>Ein Gl\u00fcck f\u00fcr den K\u00f6rper<\/h6>\n<h3>Die streichelzarte Sinnlichkeit<\/h3>\n<p>Reichhaltig und sinnlich, mit seiner feinen Textur, leicht eindringend und nicht fettend verschafft unser Trocken\u00f6l f\u00fcr den K\u00f6rper ein k\u00f6stliches samtenes, reparierendes Gef\u00fchl. Sch\u00fctzend und n\u00e4hrend, dank seinem Gehalt an essentiellen Fetts\u00e4uren und an pflanzlichen \u00d6len, wird Ihre Haut entspannt, weich und angenehm.<br \/>\nSie werden es das ganze Jahr ben\u00fctzen wollen, ganz gleich welcher Hauttyp Sie haben !<\/p>\n","protected":false},"featured_media":22404,"comment_status":"open","ping_status":"closed","template":"","meta":{"_acf_changed":false,"powered_cache_disable_cache":false,"powered_cache_disable_lazyload":false,"powered_cache_disable_css_optimization":false,"powered_cache_disable_js_optimization":false},"product_brand":[],"product_cat":[58],"product_tag":[104],"class_list":{"0":"post-717","1":"product","2":"type-product","3":"status-publish","4":"has-post-thumbnail","6":"product_cat-kosmetik-schonheit","7":"product_tag-provence-de","9":"first","10":"instock","11":"shipping-taxable","12":"purchasable","13":"product-type-simple"},"acf":[],"yoast_head":"<!-- This site is optimized with the Yoast SEO Premium plugin v26.9 (Yoast SEO v27.5) - https:\/\/yoast.com\/product\/yoast-seo-premium-wordpress\/ -->\n<title>Trocken\u00f6l f\u00fcr den K\u00f6rper | Schweiz | 100 ml - Naturella Diffusion SA<\/title>\n<meta name=\"description\" content=\"Vorr\u00e4tig | Mit seiner feinen, durchdringenden, nicht fettenden Textur verleiht das Trocken\u00f6l ein herrlich satinierendes, reparierendes Gef\u00fchl.\" \/>\n<meta name=\"robots\" content=\"index, follow, max-snippet:-1, max-image-preview:large, max-video-preview:-1\" \/>\n<link rel=\"canonical\" href=\"https:\/\/www.naturella.ch\/de\/produkt\/trockenol-fur-den-korper\/\" \/>\n<meta property=\"og:locale\" content=\"de_DE\" \/>\n<meta property=\"og:type\" content=\"article\" \/>\n<meta property=\"og:title\" content=\"Trocken\u00f6l f\u00fcr den K\u00f6rper\" \/>\n<meta property=\"og:description\" content=\"Vorr\u00e4tig | Mit seiner feinen, durchdringenden, nicht fettenden Textur verleiht das Trocken\u00f6l ein herrlich satinierendes, reparierendes Gef\u00fchl.\" \/>\n<meta property=\"og:url\" content=\"https:\/\/www.naturella.ch\/de\/produkt\/trockenol-fur-den-korper\/\" \/>\n<meta property=\"og:site_name\" content=\"Naturella\" \/>\n<meta property=\"article:publisher\" content=\"https:\/\/www.facebook.com\/Naturella-Diffusion-102844258398231\" \/>\n<meta property=\"article:modified_time\" content=\"2024-09-06T14:07:02+00:00\" \/>\n<meta property=\"og:image\" content=\"http:\/\/www.naturella.ch\/wp-content\/uploads\/2019\/03\/Huile-seche-compressor.png\" \/>\n\t<meta property=\"og:image:width\" content=\"1020\" \/>\n\t<meta property=\"og:image:height\" content=\"1020\" \/>\n\t<meta property=\"og:image:type\" content=\"image\/png\" \/>\n<meta name=\"twitter:card\" content=\"summary_large_image\" \/>\n<meta name=\"twitter:label1\" content=\"Preis\" \/>\n\t<meta name=\"twitter:data1\" content=\"&#067;&#072;&#070;&nbsp;20.00\" \/>\n\t<meta name=\"twitter:label2\" content=\"Verf\u00fcgbarkeit\" \/>\n\t<meta name=\"twitter:data2\" content=\"Auf Lager\" \/>\n<script type=\"application\/ld+json\" class=\"yoast-schema-graph\">{\"@context\":\"https:\\\/\\\/schema.org\",\"@graph\":[{\"@type\":\"WebPage\",\"@id\":\"https:\\\/\\\/www.naturella.ch\\\/de\\\/produkt\\\/trockenol-fur-den-korper\\\/\",\"url\":\"https:\\\/\\\/www.naturella.ch\\\/de\\\/produkt\\\/trockenol-fur-den-korper\\\/\",\"name\":\"Trocken\u00f6l f\u00fcr den K\u00f6rper | Schweiz | 100 ml - Naturella Diffusion SA\",\"isPartOf\":{\"@id\":\"https:\\\/\\\/www.naturella.ch\\\/de\\\/#website\"},\"primaryImageOfPage\":{\"@id\":\"https:\\\/\\\/www.naturella.ch\\\/de\\\/produkt\\\/trockenol-fur-den-korper\\\/#primaryimage\"},\"image\":{\"@id\":\"https:\\\/\\\/www.naturella.ch\\\/de\\\/produkt\\\/trockenol-fur-den-korper\\\/#primaryimage\"},\"thumbnailUrl\":\"https:\\\/\\\/www.naturella.ch\\\/wp-content\\\/uploads\\\/2019\\\/03\\\/huile-seche_web25-1.png\",\"datePublished\":\"2019-03-27T10:16:11+00:00\",\"dateModified\":\"2024-09-06T14:07:02+00:00\",\"description\":\"Vorr\u00e4tig | Mit seiner feinen, durchdringenden, nicht fettenden Textur verleiht das Trocken\u00f6l ein herrlich satinierendes, reparierendes Gef\u00fchl.\",\"breadcrumb\":{\"@id\":\"https:\\\/\\\/www.naturella.ch\\\/de\\\/produkt\\\/trockenol-fur-den-korper\\\/#breadcrumb\"},\"inLanguage\":\"de\",\"potentialAction\":[{\"@type\":\"ReadAction\",\"target\":[\"https:\\\/\\\/www.naturella.ch\\\/de\\\/produkt\\\/trockenol-fur-den-korper\\\/\"]}]},{\"@type\":\"ImageObject\",\"inLanguage\":\"de\",\"@id\":\"https:\\\/\\\/www.naturella.ch\\\/de\\\/produkt\\\/trockenol-fur-den-korper\\\/#primaryimage\",\"url\":\"https:\\\/\\\/www.naturella.ch\\\/wp-content\\\/uploads\\\/2019\\\/03\\\/huile-seche_web25-1.png\",\"contentUrl\":\"https:\\\/\\\/www.naturella.ch\\\/wp-content\\\/uploads\\\/2019\\\/03\\\/huile-seche_web25-1.png\",\"width\":1020,\"height\":1020},{\"@type\":\"BreadcrumbList\",\"@id\":\"https:\\\/\\\/www.naturella.ch\\\/de\\\/produkt\\\/trockenol-fur-den-korper\\\/#breadcrumb\",\"itemListElement\":[{\"@type\":\"ListItem\",\"position\":1,\"name\":\"Accueil\",\"item\":\"https:\\\/\\\/www.naturella.ch\\\/de\\\/\"},{\"@type\":\"ListItem\",\"position\":2,\"name\":\"Online-Shop\",\"item\":\"https:\\\/\\\/www.naturella.ch\\\/de\\\/online-shop\\\/\"},{\"@type\":\"ListItem\",\"position\":3,\"name\":\"Trocken\u00f6l f\u00fcr den K\u00f6rper\"}]},{\"@type\":\"WebSite\",\"@id\":\"https:\\\/\\\/www.naturella.ch\\\/de\\\/#website\",\"url\":\"https:\\\/\\\/www.naturella.ch\\\/de\\\/\",\"name\":\"Naturella\",\"description\":\"\",\"publisher\":{\"@id\":\"https:\\\/\\\/www.naturella.ch\\\/de\\\/#organization\"},\"potentialAction\":[{\"@type\":\"SearchAction\",\"target\":{\"@type\":\"EntryPoint\",\"urlTemplate\":\"https:\\\/\\\/www.naturella.ch\\\/de\\\/?s={search_term_string}\"},\"query-input\":{\"@type\":\"PropertyValueSpecification\",\"valueRequired\":true,\"valueName\":\"search_term_string\"}}],\"inLanguage\":\"de\"},{\"@type\":\"Organization\",\"@id\":\"https:\\\/\\\/www.naturella.ch\\\/de\\\/#organization\",\"name\":\"Naturella Diffusion SA\",\"url\":\"https:\\\/\\\/www.naturella.ch\\\/de\\\/\",\"logo\":{\"@type\":\"ImageObject\",\"inLanguage\":\"de\",\"@id\":\"https:\\\/\\\/www.naturella.ch\\\/de\\\/#\\\/schema\\\/logo\\\/image\\\/\",\"url\":\"https:\\\/\\\/www.naturella.ch\\\/wp-content\\\/uploads\\\/2021\\\/04\\\/Logo-Naturella_2021_RVB-e1619530233334.png\",\"contentUrl\":\"https:\\\/\\\/www.naturella.ch\\\/wp-content\\\/uploads\\\/2021\\\/04\\\/Logo-Naturella_2021_RVB-e1619530233334.png\",\"width\":340,\"height\":170,\"caption\":\"Naturella Diffusion SA\"},\"image\":{\"@id\":\"https:\\\/\\\/www.naturella.ch\\\/de\\\/#\\\/schema\\\/logo\\\/image\\\/\"},\"sameAs\":[\"https:\\\/\\\/www.facebook.com\\\/Naturella-Diffusion-102844258398231\",\"https:\\\/\\\/www.instagram.com\\\/naturella_diffusion\\\/\"],\"hasMerchantReturnPolicy\":{\"@type\":\"MerchantReturnPolicy\",\"merchantReturnLink\":\"https:\\\/\\\/www.naturella.ch\\\/remboursements_retours\\\/\"}}]}<\/script>\n<meta property=\"product:price:amount\" content=\"20.00\" \/>\n<meta property=\"product:price:currency\" content=\"CHF\" \/>\n<meta property=\"og:availability\" content=\"instock\" \/>\n<meta property=\"product:availability\" content=\"instock\" \/>\n<meta property=\"product:retailer_item_id\" content=\"4007\" \/>\n<meta property=\"product:condition\" content=\"new\" \/>\n<!-- \/ Yoast SEO Premium plugin. -->","yoast_head_json":{"title":"Trocken\u00f6l f\u00fcr den K\u00f6rper | Schweiz | 100 ml - Naturella Diffusion SA","description":"Vorr\u00e4tig | Mit seiner feinen, durchdringenden, nicht fettenden Textur verleiht das Trocken\u00f6l ein herrlich satinierendes, reparierendes Gef\u00fchl.","robots":{"index":"index","follow":"follow","max-snippet":"max-snippet:-1","max-image-preview":"max-image-preview:large","max-video-preview":"max-video-preview:-1"},"canonical":"https:\/\/www.naturella.ch\/de\/produkt\/trockenol-fur-den-korper\/","og_locale":"de_DE","og_type":"article","og_title":"Trocken\u00f6l f\u00fcr den K\u00f6rper","og_description":"Vorr\u00e4tig | Mit seiner feinen, durchdringenden, nicht fettenden Textur verleiht das Trocken\u00f6l ein herrlich satinierendes, reparierendes Gef\u00fchl.","og_url":"https:\/\/www.naturella.ch\/de\/produkt\/trockenol-fur-den-korper\/","og_site_name":"Naturella","article_publisher":"https:\/\/www.facebook.com\/Naturella-Diffusion-102844258398231","article_modified_time":"2024-09-06T14:07:02+00:00","og_image":[{"width":1020,"height":1020,"url":"http:\/\/www.naturella.ch\/wp-content\/uploads\/2019\/03\/Huile-seche-compressor.png","type":"image\/png"}],"twitter_card":"summary_large_image","twitter_misc":{"Preis":"&#67;&#72;&#70;&nbsp;20.00","Verf\u00fcgbarkeit":"Auf Lager"},"schema":{"@context":"https:\/\/schema.org","@graph":[{"@type":"WebPage","@id":"https:\/\/www.naturella.ch\/de\/produkt\/trockenol-fur-den-korper\/","url":"https:\/\/www.naturella.ch\/de\/produkt\/trockenol-fur-den-korper\/","name":"Trocken\u00f6l f\u00fcr den K\u00f6rper | Schweiz | 100 ml - Naturella Diffusion SA","isPartOf":{"@id":"https:\/\/www.naturella.ch\/de\/#website"},"primaryImageOfPage":{"@id":"https:\/\/www.naturella.ch\/de\/produkt\/trockenol-fur-den-korper\/#primaryimage"},"image":{"@id":"https:\/\/www.naturella.ch\/de\/produkt\/trockenol-fur-den-korper\/#primaryimage"},"thumbnailUrl":"https:\/\/www.naturella.ch\/wp-content\/uploads\/2019\/03\/huile-seche_web25-1.png","datePublished":"2019-03-27T10:16:11+00:00","dateModified":"2024-09-06T14:07:02+00:00","description":"Vorr\u00e4tig | Mit seiner feinen, durchdringenden, nicht fettenden Textur verleiht das Trocken\u00f6l ein herrlich satinierendes, reparierendes Gef\u00fchl.","breadcrumb":{"@id":"https:\/\/www.naturella.ch\/de\/produkt\/trockenol-fur-den-korper\/#breadcrumb"},"inLanguage":"de","potentialAction":[{"@type":"ReadAction","target":["https:\/\/www.naturella.ch\/de\/produkt\/trockenol-fur-den-korper\/"]}]},{"@type":"ImageObject","inLanguage":"de","@id":"https:\/\/www.naturella.ch\/de\/produkt\/trockenol-fur-den-korper\/#primaryimage","url":"https:\/\/www.naturella.ch\/wp-content\/uploads\/2019\/03\/huile-seche_web25-1.png","contentUrl":"https:\/\/www.naturella.ch\/wp-content\/uploads\/2019\/03\/huile-seche_web25-1.png","width":1020,"height":1020},{"@type":"BreadcrumbList","@id":"https:\/\/www.naturella.ch\/de\/produkt\/trockenol-fur-den-korper\/#breadcrumb","itemListElement":[{"@type":"ListItem","position":1,"name":"Accueil","item":"https:\/\/www.naturella.ch\/de\/"},{"@type":"ListItem","position":2,"name":"Online-Shop","item":"https:\/\/www.naturella.ch\/de\/online-shop\/"},{"@type":"ListItem","position":3,"name":"Trocken\u00f6l f\u00fcr den K\u00f6rper"}]},{"@type":"WebSite","@id":"https:\/\/www.naturella.ch\/de\/#website","url":"https:\/\/www.naturella.ch\/de\/","name":"Naturella","description":"","publisher":{"@id":"https:\/\/www.naturella.ch\/de\/#organization"},"potentialAction":[{"@type":"SearchAction","target":{"@type":"EntryPoint","urlTemplate":"https:\/\/www.naturella.ch\/de\/?s={search_term_string}"},"query-input":{"@type":"PropertyValueSpecification","valueRequired":true,"valueName":"search_term_string"}}],"inLanguage":"de"},{"@type":"Organization","@id":"https:\/\/www.naturella.ch\/de\/#organization","name":"Naturella Diffusion SA","url":"https:\/\/www.naturella.ch\/de\/","logo":{"@type":"ImageObject","inLanguage":"de","@id":"https:\/\/www.naturella.ch\/de\/#\/schema\/logo\/image\/","url":"https:\/\/www.naturella.ch\/wp-content\/uploads\/2021\/04\/Logo-Naturella_2021_RVB-e1619530233334.png","contentUrl":"https:\/\/www.naturella.ch\/wp-content\/uploads\/2021\/04\/Logo-Naturella_2021_RVB-e1619530233334.png","width":340,"height":170,"caption":"Naturella Diffusion SA"},"image":{"@id":"https:\/\/www.naturella.ch\/de\/#\/schema\/logo\/image\/"},"sameAs":["https:\/\/www.facebook.com\/Naturella-Diffusion-102844258398231","https:\/\/www.instagram.com\/naturella_diffusion\/"],"hasMerchantReturnPolicy":{"@type":"MerchantReturnPolicy","merchantReturnLink":"https:\/\/www.naturella.ch\/remboursements_retours\/"}}]},"product_price_amount":"20.00","product_price_currency":"CHF","og_availability":"instock","product_availability":"instock","product_retailer_item_id":"4007","product_condition":"new"},"_links":{"self":[{"href":"https:\/\/www.naturella.ch\/de\/wp-json\/wp\/v2\/product\/717","targetHints":{"allow":["GET"]}}],"collection":[{"href":"https:\/\/www.naturella.ch\/de\/wp-json\/wp\/v2\/product"}],"about":[{"href":"https:\/\/www.naturella.ch\/de\/wp-json\/wp\/v2\/types\/product"}],"replies":[{"embeddable":true,"href":"https:\/\/www.naturella.ch\/de\/wp-json\/wp\/v2\/comments?post=717"}],"wp:featuredmedia":[{"embeddable":true,"href":"https:\/\/www.naturella.ch\/de\/wp-json\/wp\/v2\/media\/22404"}],"wp:attachment":[{"href":"https:\/\/www.naturella.ch\/de\/wp-json\/wp\/v2\/media?parent=717"}],"wp:term":[{"taxonomy":"product_brand","embeddable":true,"href":"https:\/\/www.naturella.ch\/de\/wp-json\/wp\/v2\/product_brand?post=717"},{"taxonomy":"product_cat","embeddable":true,"href":"https:\/\/www.naturella.ch\/de\/wp-json\/wp\/v2\/product_cat?post=717"},{"taxonomy":"product_tag","embeddable":true,"href":"https:\/\/www.naturella.ch\/de\/wp-json\/wp\/v2\/product_tag?post=717"}],"curies":[{"name":"wp","href":"https:\/\/api.w.org\/{rel}","templated":true}]}}