{"id":844,"date":"2019-03-27T11:43:49","date_gmt":"2019-03-27T10:43:49","guid":{"rendered":"https:\/\/www.naturella.chproduit\/schisandra-guarana-maca\/"},"modified":"2024-12-20T14:09:44","modified_gmt":"2024-12-20T13:09:44","slug":"schisandra-guarana-maca","status":"publish","type":"product","link":"https:\/\/www.naturella.ch\/de\/produkt\/schisandra-guarana-maca\/","title":{"rendered":"Schisandra + Guarana + Maca"},"content":{"rendered":"<p>Dank dem wertvollen Inhalt dessen kleiner Fr\u00fcchte, ist das <strong>Schisandra<\/strong> ein \u201eChampion\u201c zum wiederauftanken von Energie. Gem\u00e4ss den Chinesen handelt es sich hier um eine \u201eh\u00f6here Pflanze\u201c, das heisst, eine der seltenen, welche die F\u00e4higkeit besitzt, ein Katalysator f\u00fcr den gesamten Organismus zu sein. Und auch sein h\u00fcbscher \u00dcbername \u201eFrucht der Liebe\u201c ist nicht aus der Luft gegriffen\u2026<\/p>\n<p>Was <strong>Guarana<\/strong> betrifft, so ist diese Pflanze sehr koffeinhaltig.<\/p>\n<p>Die Eigenschaften des <strong>Macas<\/strong> machen es zu einem bemerkenswerten Verb\u00fcndeten bei der Bew\u00e4ltigung von Druck und anderen ersch\u00f6pfenden Faktoren des heutigen Lebens, aber auch zur nat\u00fcrlichen Steigerung des Wohlbefindens.<\/p>\n<p>Profitieren Sie mit diesem ausserordentlichen Trio, von der vereinten Kraft vom <strong>Schisandra<\/strong>, dem <strong>Guarana<\/strong> und dem <strong>Maca<\/strong>, jedesmal wenn das Leben ein wenig mehr von Ihnen fordert, um eine wunderbare Lebendigkeit zu behalten !<\/p>\n","protected":false},"excerpt":{"rendered":"<p>Pure Energie !<\/p>\n<h3>Schisandra + Guarana + Maca f\u00fcr die Harmonie in Ihrer Partnerschaft.<\/h3>\n<p>In Form sein und es bleiben ? Ein Traum ! Damit dieser Traum zur Realit\u00e4t wird, muss dem manchmal ein bisschen nachgeholfen werden\u2026<\/p>\n","protected":false},"featured_media":815,"comment_status":"open","ping_status":"closed","template":"","meta":{"_acf_changed":false,"powered_cache_disable_cache":false,"powered_cache_disable_lazyload":false,"powered_cache_disable_css_optimization":false,"powered_cache_disable_js_optimization":false},"product_brand":[],"product_cat":[75,59,77],"product_tag":[105],"class_list":{"0":"post-844","1":"product","2":"type-product","3":"status-publish","4":"has-post-thumbnail","6":"product_cat-energie-de","7":"product_cat-paarharmonie","8":"product_cat-sinergis-de","9":"product_tag-valais-de","11":"first","12":"instock","13":"shipping-taxable","14":"purchasable","15":"product-type-simple"},"acf":[],"yoast_head":"<!-- This site is optimized with the Yoast SEO Premium plugin v26.9 (Yoast SEO v27.3) - https:\/\/yoast.com\/product\/yoast-seo-premium-wordpress\/ -->\n<title>Schisandra + Guarana + Maca | Schweiz | 200 ml - Naturella Diffusion SA<\/title>\n<meta name=\"description\" content=\"Vorr\u00e4tig | Profitieren Sie mit diesem ausserordentlichen Trio, von der vereinten Kraft vom Schisandra, dem Guarana und dem Maca, jedesmal wenn das Leben ein wenig mehr von Ihnen fordert.\" \/>\n<meta name=\"robots\" content=\"index, follow, max-snippet:-1, max-image-preview:large, max-video-preview:-1\" \/>\n<link rel=\"canonical\" href=\"https:\/\/www.naturella.ch\/de\/produkt\/schisandra-guarana-maca\/\" \/>\n<meta property=\"og:locale\" content=\"de_DE\" \/>\n<meta property=\"og:type\" content=\"article\" \/>\n<meta property=\"og:title\" content=\"Schisandra + Guarana + Maca\" \/>\n<meta property=\"og:description\" content=\"Vorr\u00e4tig | Profitieren Sie mit diesem ausserordentlichen Trio, von der vereinten Kraft vom Schisandra, dem Guarana und dem Maca, jedesmal wenn das Leben ein wenig mehr von Ihnen fordert.\" \/>\n<meta property=\"og:url\" content=\"https:\/\/www.naturella.ch\/de\/produkt\/schisandra-guarana-maca\/\" \/>\n<meta property=\"og:site_name\" content=\"Naturella\" \/>\n<meta property=\"article:publisher\" content=\"https:\/\/www.facebook.com\/Naturella-Diffusion-102844258398231\" \/>\n<meta property=\"article:modified_time\" content=\"2024-12-20T13:09:44+00:00\" \/>\n<meta property=\"og:image\" content=\"http:\/\/www.naturella.ch\/wp-content\/uploads\/2019\/03\/Schisandra-Guarana-Maca-compressor.png\" \/>\n\t<meta property=\"og:image:width\" content=\"1020\" \/>\n\t<meta property=\"og:image:height\" content=\"1020\" \/>\n\t<meta property=\"og:image:type\" content=\"image\/png\" \/>\n<meta name=\"twitter:card\" content=\"summary_large_image\" \/>\n<meta name=\"twitter:label1\" content=\"Preis\" \/>\n\t<meta name=\"twitter:data1\" content=\"&#067;&#072;&#070;&nbsp;35.00\" \/>\n\t<meta name=\"twitter:label2\" content=\"Verf\u00fcgbarkeit\" \/>\n\t<meta name=\"twitter:data2\" content=\"Auf Lager\" \/>\n<script type=\"application\/ld+json\" class=\"yoast-schema-graph\">{\"@context\":\"https:\\\/\\\/schema.org\",\"@graph\":[{\"@type\":\"WebPage\",\"@id\":\"https:\\\/\\\/www.naturella.ch\\\/de\\\/produkt\\\/schisandra-guarana-maca\\\/\",\"url\":\"https:\\\/\\\/www.naturella.ch\\\/de\\\/produkt\\\/schisandra-guarana-maca\\\/\",\"name\":\"Schisandra + Guarana + Maca | Schweiz | 200 ml - Naturella Diffusion SA\",\"isPartOf\":{\"@id\":\"https:\\\/\\\/www.naturella.ch\\\/de\\\/#website\"},\"primaryImageOfPage\":{\"@id\":\"https:\\\/\\\/www.naturella.ch\\\/de\\\/produkt\\\/schisandra-guarana-maca\\\/#primaryimage\"},\"image\":{\"@id\":\"https:\\\/\\\/www.naturella.ch\\\/de\\\/produkt\\\/schisandra-guarana-maca\\\/#primaryimage\"},\"thumbnailUrl\":\"https:\\\/\\\/www.naturella.ch\\\/wp-content\\\/uploads\\\/2019\\\/03\\\/Schisandra-Guarana-Maca-compressor.png\",\"datePublished\":\"2019-03-27T10:43:49+00:00\",\"dateModified\":\"2024-12-20T13:09:44+00:00\",\"description\":\"Vorr\u00e4tig | Profitieren Sie mit diesem ausserordentlichen Trio, von der vereinten Kraft vom Schisandra, dem Guarana und dem Maca, jedesmal wenn das Leben ein wenig mehr von Ihnen fordert.\",\"breadcrumb\":{\"@id\":\"https:\\\/\\\/www.naturella.ch\\\/de\\\/produkt\\\/schisandra-guarana-maca\\\/#breadcrumb\"},\"inLanguage\":\"de\",\"potentialAction\":[{\"@type\":\"ReadAction\",\"target\":[\"https:\\\/\\\/www.naturella.ch\\\/de\\\/produkt\\\/schisandra-guarana-maca\\\/\"]}]},{\"@type\":\"ImageObject\",\"inLanguage\":\"de\",\"@id\":\"https:\\\/\\\/www.naturella.ch\\\/de\\\/produkt\\\/schisandra-guarana-maca\\\/#primaryimage\",\"url\":\"https:\\\/\\\/www.naturella.ch\\\/wp-content\\\/uploads\\\/2019\\\/03\\\/Schisandra-Guarana-Maca-compressor.png\",\"contentUrl\":\"https:\\\/\\\/www.naturella.ch\\\/wp-content\\\/uploads\\\/2019\\\/03\\\/Schisandra-Guarana-Maca-compressor.png\",\"width\":1020,\"height\":1020,\"caption\":\"Schisandra \\\/ Guarana \\\/ Maca 200ml\"},{\"@type\":\"BreadcrumbList\",\"@id\":\"https:\\\/\\\/www.naturella.ch\\\/de\\\/produkt\\\/schisandra-guarana-maca\\\/#breadcrumb\",\"itemListElement\":[{\"@type\":\"ListItem\",\"position\":1,\"name\":\"Accueil\",\"item\":\"https:\\\/\\\/www.naturella.ch\\\/de\\\/\"},{\"@type\":\"ListItem\",\"position\":2,\"name\":\"Online-Shop\",\"item\":\"https:\\\/\\\/www.naturella.ch\\\/de\\\/online-shop\\\/\"},{\"@type\":\"ListItem\",\"position\":3,\"name\":\"Schisandra + Guarana + Maca\"}]},{\"@type\":\"WebSite\",\"@id\":\"https:\\\/\\\/www.naturella.ch\\\/de\\\/#website\",\"url\":\"https:\\\/\\\/www.naturella.ch\\\/de\\\/\",\"name\":\"Naturella\",\"description\":\"\",\"publisher\":{\"@id\":\"https:\\\/\\\/www.naturella.ch\\\/de\\\/#organization\"},\"potentialAction\":[{\"@type\":\"SearchAction\",\"target\":{\"@type\":\"EntryPoint\",\"urlTemplate\":\"https:\\\/\\\/www.naturella.ch\\\/de\\\/?s={search_term_string}\"},\"query-input\":{\"@type\":\"PropertyValueSpecification\",\"valueRequired\":true,\"valueName\":\"search_term_string\"}}],\"inLanguage\":\"de\"},{\"@type\":\"Organization\",\"@id\":\"https:\\\/\\\/www.naturella.ch\\\/de\\\/#organization\",\"name\":\"Naturella Diffusion SA\",\"url\":\"https:\\\/\\\/www.naturella.ch\\\/de\\\/\",\"logo\":{\"@type\":\"ImageObject\",\"inLanguage\":\"de\",\"@id\":\"https:\\\/\\\/www.naturella.ch\\\/de\\\/#\\\/schema\\\/logo\\\/image\\\/\",\"url\":\"https:\\\/\\\/www.naturella.ch\\\/wp-content\\\/uploads\\\/2021\\\/04\\\/Logo-Naturella_2021_RVB-e1619530233334.png\",\"contentUrl\":\"https:\\\/\\\/www.naturella.ch\\\/wp-content\\\/uploads\\\/2021\\\/04\\\/Logo-Naturella_2021_RVB-e1619530233334.png\",\"width\":340,\"height\":170,\"caption\":\"Naturella Diffusion SA\"},\"image\":{\"@id\":\"https:\\\/\\\/www.naturella.ch\\\/de\\\/#\\\/schema\\\/logo\\\/image\\\/\"},\"sameAs\":[\"https:\\\/\\\/www.facebook.com\\\/Naturella-Diffusion-102844258398231\",\"https:\\\/\\\/www.instagram.com\\\/naturella_diffusion\\\/\"],\"hasMerchantReturnPolicy\":{\"@type\":\"MerchantReturnPolicy\",\"merchantReturnLink\":\"https:\\\/\\\/www.naturella.ch\\\/remboursements_retours\\\/\"}}]}<\/script>\n<meta property=\"product:price:amount\" content=\"35.00\" \/>\n<meta property=\"product:price:currency\" content=\"CHF\" \/>\n<meta property=\"og:availability\" content=\"instock\" \/>\n<meta property=\"product:availability\" content=\"instock\" \/>\n<meta property=\"product:retailer_item_id\" content=\"1951\" \/>\n<meta property=\"product:condition\" content=\"new\" \/>\n<!-- \/ Yoast SEO Premium plugin. -->","yoast_head_json":{"title":"Schisandra + Guarana + Maca | Schweiz | 200 ml - Naturella Diffusion SA","description":"Vorr\u00e4tig | Profitieren Sie mit diesem ausserordentlichen Trio, von der vereinten Kraft vom Schisandra, dem Guarana und dem Maca, jedesmal wenn das Leben ein wenig mehr von Ihnen fordert.","robots":{"index":"index","follow":"follow","max-snippet":"max-snippet:-1","max-image-preview":"max-image-preview:large","max-video-preview":"max-video-preview:-1"},"canonical":"https:\/\/www.naturella.ch\/de\/produkt\/schisandra-guarana-maca\/","og_locale":"de_DE","og_type":"article","og_title":"Schisandra + Guarana + Maca","og_description":"Vorr\u00e4tig | Profitieren Sie mit diesem ausserordentlichen Trio, von der vereinten Kraft vom Schisandra, dem Guarana und dem Maca, jedesmal wenn das Leben ein wenig mehr von Ihnen fordert.","og_url":"https:\/\/www.naturella.ch\/de\/produkt\/schisandra-guarana-maca\/","og_site_name":"Naturella","article_publisher":"https:\/\/www.facebook.com\/Naturella-Diffusion-102844258398231","article_modified_time":"2024-12-20T13:09:44+00:00","og_image":[{"width":1020,"height":1020,"url":"http:\/\/www.naturella.ch\/wp-content\/uploads\/2019\/03\/Schisandra-Guarana-Maca-compressor.png","type":"image\/png"}],"twitter_card":"summary_large_image","twitter_misc":{"Preis":"&#67;&#72;&#70;&nbsp;35.00","Verf\u00fcgbarkeit":"Auf Lager"},"schema":{"@context":"https:\/\/schema.org","@graph":[{"@type":"WebPage","@id":"https:\/\/www.naturella.ch\/de\/produkt\/schisandra-guarana-maca\/","url":"https:\/\/www.naturella.ch\/de\/produkt\/schisandra-guarana-maca\/","name":"Schisandra + Guarana + Maca | Schweiz | 200 ml - Naturella Diffusion SA","isPartOf":{"@id":"https:\/\/www.naturella.ch\/de\/#website"},"primaryImageOfPage":{"@id":"https:\/\/www.naturella.ch\/de\/produkt\/schisandra-guarana-maca\/#primaryimage"},"image":{"@id":"https:\/\/www.naturella.ch\/de\/produkt\/schisandra-guarana-maca\/#primaryimage"},"thumbnailUrl":"https:\/\/www.naturella.ch\/wp-content\/uploads\/2019\/03\/Schisandra-Guarana-Maca-compressor.png","datePublished":"2019-03-27T10:43:49+00:00","dateModified":"2024-12-20T13:09:44+00:00","description":"Vorr\u00e4tig | Profitieren Sie mit diesem ausserordentlichen Trio, von der vereinten Kraft vom Schisandra, dem Guarana und dem Maca, jedesmal wenn das Leben ein wenig mehr von Ihnen fordert.","breadcrumb":{"@id":"https:\/\/www.naturella.ch\/de\/produkt\/schisandra-guarana-maca\/#breadcrumb"},"inLanguage":"de","potentialAction":[{"@type":"ReadAction","target":["https:\/\/www.naturella.ch\/de\/produkt\/schisandra-guarana-maca\/"]}]},{"@type":"ImageObject","inLanguage":"de","@id":"https:\/\/www.naturella.ch\/de\/produkt\/schisandra-guarana-maca\/#primaryimage","url":"https:\/\/www.naturella.ch\/wp-content\/uploads\/2019\/03\/Schisandra-Guarana-Maca-compressor.png","contentUrl":"https:\/\/www.naturella.ch\/wp-content\/uploads\/2019\/03\/Schisandra-Guarana-Maca-compressor.png","width":1020,"height":1020,"caption":"Schisandra \/ Guarana \/ Maca 200ml"},{"@type":"BreadcrumbList","@id":"https:\/\/www.naturella.ch\/de\/produkt\/schisandra-guarana-maca\/#breadcrumb","itemListElement":[{"@type":"ListItem","position":1,"name":"Accueil","item":"https:\/\/www.naturella.ch\/de\/"},{"@type":"ListItem","position":2,"name":"Online-Shop","item":"https:\/\/www.naturella.ch\/de\/online-shop\/"},{"@type":"ListItem","position":3,"name":"Schisandra + Guarana + Maca"}]},{"@type":"WebSite","@id":"https:\/\/www.naturella.ch\/de\/#website","url":"https:\/\/www.naturella.ch\/de\/","name":"Naturella","description":"","publisher":{"@id":"https:\/\/www.naturella.ch\/de\/#organization"},"potentialAction":[{"@type":"SearchAction","target":{"@type":"EntryPoint","urlTemplate":"https:\/\/www.naturella.ch\/de\/?s={search_term_string}"},"query-input":{"@type":"PropertyValueSpecification","valueRequired":true,"valueName":"search_term_string"}}],"inLanguage":"de"},{"@type":"Organization","@id":"https:\/\/www.naturella.ch\/de\/#organization","name":"Naturella Diffusion SA","url":"https:\/\/www.naturella.ch\/de\/","logo":{"@type":"ImageObject","inLanguage":"de","@id":"https:\/\/www.naturella.ch\/de\/#\/schema\/logo\/image\/","url":"https:\/\/www.naturella.ch\/wp-content\/uploads\/2021\/04\/Logo-Naturella_2021_RVB-e1619530233334.png","contentUrl":"https:\/\/www.naturella.ch\/wp-content\/uploads\/2021\/04\/Logo-Naturella_2021_RVB-e1619530233334.png","width":340,"height":170,"caption":"Naturella Diffusion SA"},"image":{"@id":"https:\/\/www.naturella.ch\/de\/#\/schema\/logo\/image\/"},"sameAs":["https:\/\/www.facebook.com\/Naturella-Diffusion-102844258398231","https:\/\/www.instagram.com\/naturella_diffusion\/"],"hasMerchantReturnPolicy":{"@type":"MerchantReturnPolicy","merchantReturnLink":"https:\/\/www.naturella.ch\/remboursements_retours\/"}}]},"product_price_amount":"35.00","product_price_currency":"CHF","og_availability":"instock","product_availability":"instock","product_retailer_item_id":"1951","product_condition":"new"},"_links":{"self":[{"href":"https:\/\/www.naturella.ch\/de\/wp-json\/wp\/v2\/product\/844","targetHints":{"allow":["GET"]}}],"collection":[{"href":"https:\/\/www.naturella.ch\/de\/wp-json\/wp\/v2\/product"}],"about":[{"href":"https:\/\/www.naturella.ch\/de\/wp-json\/wp\/v2\/types\/product"}],"replies":[{"embeddable":true,"href":"https:\/\/www.naturella.ch\/de\/wp-json\/wp\/v2\/comments?post=844"}],"wp:featuredmedia":[{"embeddable":true,"href":"https:\/\/www.naturella.ch\/de\/wp-json\/wp\/v2\/media\/815"}],"wp:attachment":[{"href":"https:\/\/www.naturella.ch\/de\/wp-json\/wp\/v2\/media?parent=844"}],"wp:term":[{"taxonomy":"product_brand","embeddable":true,"href":"https:\/\/www.naturella.ch\/de\/wp-json\/wp\/v2\/product_brand?post=844"},{"taxonomy":"product_cat","embeddable":true,"href":"https:\/\/www.naturella.ch\/de\/wp-json\/wp\/v2\/product_cat?post=844"},{"taxonomy":"product_tag","embeddable":true,"href":"https:\/\/www.naturella.ch\/de\/wp-json\/wp\/v2\/product_tag?post=844"}],"curies":[{"name":"wp","href":"https:\/\/api.w.org\/{rel}","templated":true}]}}