{"id":847,"date":"2019-03-27T00:02:49","date_gmt":"2019-03-27T10:49:49","guid":{"rendered":"https:\/\/www.naturella.chproduit\/schwarzer-holunder\/"},"modified":"2024-10-17T17:49:39","modified_gmt":"2024-10-17T15:49:39","slug":"schwarzer-holunder","status":"publish","type":"product","link":"https:\/\/www.naturella.ch\/de\/produkt\/schwarzer-holunder\/","title":{"rendered":"Schwarzer Holunder"},"content":{"rendered":"<p>Gesch\u00e4tzt seit Urzeiten, wird er Sie auch heute noch \u00fcberraschen&#8230;<\/p>\n<p>Verschiedenen Legenden zufolge und f\u00fcr diejenigen, die sie sehen k\u00f6nnen, soll der <strong>schwarze Holunder<\/strong> (Sambucus Nigra) eine Vielzahl kleiner Kobolde beherbergen&#8230;<\/p>\n<p>Bl\u00fcten, Bl\u00e4tter und Beeren &#8211; in <strong>Holunder<\/strong> ist alles gut ! Als Gaumenfreude, als Creme, Sirup, Kuchen, Krapfen oder sogar als Champagner, aber auch f\u00fcr das Wohlbefinden.<\/p>\n<p>Die Ayurveda, eine uralte indische Medizin, und die Ureinwohner Amerikas sch\u00e4tzten bereits seine zahlreichen positiven Eigenschaften. N\u00e4her bei uns empfahl ihn Galen, ein griechischer Arzt aus dem 2. Jahrhundert, gegen Husten.<\/p>\n<p>Der <strong>Holunder<\/strong>, der als Volksheilmittel bereits sehr beliebt war, l\u00fcftete in den 1980er Jahren ein bis dahin gut geh\u00fctetes Geheimnis : Seine Beeren enthalten Wirkstoffe, deren Wirkung sich als besonders erfreulich herausstellte.<\/p>\n<p>Die Beeren des <strong>schwarzen Holunders<\/strong> sind besonders reich an Vitaminen der B-Gruppe, Albumin, Kalzium und Phosphor und sorgen so gleich doppelt f\u00fcr Ihr Wohlbefinden.<\/p>\n<p><strong>Holunder<\/strong> tonisiert den gesamten Organismus.<\/p>\n<p>Jede(r) kann davon profitieren. Unser Tipp f\u00fcr ein optimales Ergebnis : Nehmen Sie <strong>Holunder<\/strong> vorbeugend ein !<\/p>\n","protected":false},"excerpt":{"rendered":"<h2>Kleine Beeren voller grosser Versprechungen<\/h2>\n<p>Seine zahlreichen Eigenschaften werden schon seit mehr als 2500 Jahren sehr gesch\u00e4tzt, der <strong>schwarze Holunder<\/strong> ist noch f\u00fcr manche \u00dcberraschung gut.<\/p>\n<h3>Ihr Verb\u00fcndeter f\u00fcr die Monate mit \u201e r \u201e<\/h3>\n<h3><\/h3>\n","protected":false},"featured_media":8562,"comment_status":"open","ping_status":"closed","template":"","meta":{"_acf_changed":false,"powered_cache_disable_cache":false,"powered_cache_disable_lazyload":false,"powered_cache_disable_css_optimization":false,"powered_cache_disable_js_optimization":false},"product_brand":[],"product_cat":[138,63],"product_tag":[],"class_list":{"0":"post-847","1":"product","2":"type-product","3":"status-publish","4":"has-post-thumbnail","6":"product_cat-herbst","7":"product_cat-winter","9":"first","10":"instock","11":"featured","12":"shipping-taxable","13":"purchasable","14":"product-type-simple"},"acf":[],"yoast_head":"<!-- This site is optimized with the Yoast SEO Premium plugin v26.9 (Yoast SEO v27.6) - https:\/\/yoast.com\/product\/yoast-seo-premium-wordpress\/ -->\n<title>Schwarzer Holunder | Schweiz | 100 Kapseln -Naturella Diffusion SA<\/title>\n<meta name=\"description\" content=\"Vorr\u00e4tig | Der schwarze Holunder wird seit \u00fcber 2500 Jahren wegen seiner zahlreichen positiven Eigenschaften hoch gesch\u00e4tzt und \u00fcberrascht uns immer wieder.\" \/>\n<meta name=\"robots\" content=\"index, follow, max-snippet:-1, max-image-preview:large, max-video-preview:-1\" \/>\n<link rel=\"canonical\" href=\"https:\/\/www.naturella.ch\/de\/produkt\/schwarzer-holunder\/\" \/>\n<meta property=\"og:locale\" content=\"de_DE\" \/>\n<meta property=\"og:type\" content=\"article\" \/>\n<meta property=\"og:title\" content=\"Schwarzer Holunder\" \/>\n<meta property=\"og:description\" content=\"Vorr\u00e4tig | Der schwarze Holunder wird seit \u00fcber 2500 Jahren wegen seiner zahlreichen positiven Eigenschaften hoch gesch\u00e4tzt und \u00fcberrascht uns immer wieder.\" \/>\n<meta property=\"og:url\" content=\"https:\/\/www.naturella.ch\/de\/produkt\/schwarzer-holunder\/\" \/>\n<meta property=\"og:site_name\" content=\"Naturella\" \/>\n<meta property=\"article:publisher\" content=\"https:\/\/www.facebook.com\/Naturella-Diffusion-102844258398231\" \/>\n<meta property=\"article:modified_time\" content=\"2024-10-17T15:49:39+00:00\" \/>\n<meta property=\"og:image\" content=\"http:\/\/www.naturella.ch\/wp-content\/uploads\/2019\/03\/P.SUREAU-NOIR-1.png\" \/>\n\t<meta property=\"og:image:width\" content=\"1020\" \/>\n\t<meta property=\"og:image:height\" content=\"1020\" \/>\n\t<meta property=\"og:image:type\" content=\"image\/png\" \/>\n<meta name=\"twitter:card\" content=\"summary_large_image\" \/>\n<meta name=\"twitter:label1\" content=\"Preis\" \/>\n\t<meta name=\"twitter:data1\" content=\"&#067;&#072;&#070;&nbsp;29.00\" \/>\n\t<meta name=\"twitter:label2\" content=\"Verf\u00fcgbarkeit\" \/>\n\t<meta name=\"twitter:data2\" content=\"Auf Lager\" \/>\n<script type=\"application\/ld+json\" class=\"yoast-schema-graph\">{\"@context\":\"https:\\\/\\\/schema.org\",\"@graph\":[{\"@type\":\"WebPage\",\"@id\":\"https:\\\/\\\/www.naturella.ch\\\/de\\\/produkt\\\/schwarzer-holunder\\\/\",\"url\":\"https:\\\/\\\/www.naturella.ch\\\/de\\\/produkt\\\/schwarzer-holunder\\\/\",\"name\":\"Schwarzer Holunder | Schweiz | 100 Kapseln -Naturella Diffusion SA\",\"isPartOf\":{\"@id\":\"https:\\\/\\\/www.naturella.ch\\\/de\\\/#website\"},\"primaryImageOfPage\":{\"@id\":\"https:\\\/\\\/www.naturella.ch\\\/de\\\/produkt\\\/schwarzer-holunder\\\/#primaryimage\"},\"image\":{\"@id\":\"https:\\\/\\\/www.naturella.ch\\\/de\\\/produkt\\\/schwarzer-holunder\\\/#primaryimage\"},\"thumbnailUrl\":\"https:\\\/\\\/www.naturella.ch\\\/wp-content\\\/uploads\\\/2019\\\/03\\\/P.SUREAU-NOIR-1.png\",\"datePublished\":\"2019-03-27T10:49:49+00:00\",\"dateModified\":\"2024-10-17T15:49:39+00:00\",\"description\":\"Vorr\u00e4tig | Der schwarze Holunder wird seit \u00fcber 2500 Jahren wegen seiner zahlreichen positiven Eigenschaften hoch gesch\u00e4tzt und \u00fcberrascht uns immer wieder.\",\"breadcrumb\":{\"@id\":\"https:\\\/\\\/www.naturella.ch\\\/de\\\/produkt\\\/schwarzer-holunder\\\/#breadcrumb\"},\"inLanguage\":\"de\",\"potentialAction\":[{\"@type\":\"ReadAction\",\"target\":[\"https:\\\/\\\/www.naturella.ch\\\/de\\\/produkt\\\/schwarzer-holunder\\\/\"]}]},{\"@type\":\"ImageObject\",\"inLanguage\":\"de\",\"@id\":\"https:\\\/\\\/www.naturella.ch\\\/de\\\/produkt\\\/schwarzer-holunder\\\/#primaryimage\",\"url\":\"https:\\\/\\\/www.naturella.ch\\\/wp-content\\\/uploads\\\/2019\\\/03\\\/P.SUREAU-NOIR-1.png\",\"contentUrl\":\"https:\\\/\\\/www.naturella.ch\\\/wp-content\\\/uploads\\\/2019\\\/03\\\/P.SUREAU-NOIR-1.png\",\"width\":1020,\"height\":1020,\"caption\":\"Sureau noir\"},{\"@type\":\"BreadcrumbList\",\"@id\":\"https:\\\/\\\/www.naturella.ch\\\/de\\\/produkt\\\/schwarzer-holunder\\\/#breadcrumb\",\"itemListElement\":[{\"@type\":\"ListItem\",\"position\":1,\"name\":\"Accueil\",\"item\":\"https:\\\/\\\/www.naturella.ch\\\/de\\\/\"},{\"@type\":\"ListItem\",\"position\":2,\"name\":\"Online-Shop\",\"item\":\"https:\\\/\\\/www.naturella.ch\\\/de\\\/online-shop\\\/\"},{\"@type\":\"ListItem\",\"position\":3,\"name\":\"Schwarzer Holunder\"}]},{\"@type\":\"WebSite\",\"@id\":\"https:\\\/\\\/www.naturella.ch\\\/de\\\/#website\",\"url\":\"https:\\\/\\\/www.naturella.ch\\\/de\\\/\",\"name\":\"Naturella\",\"description\":\"\",\"publisher\":{\"@id\":\"https:\\\/\\\/www.naturella.ch\\\/de\\\/#organization\"},\"potentialAction\":[{\"@type\":\"SearchAction\",\"target\":{\"@type\":\"EntryPoint\",\"urlTemplate\":\"https:\\\/\\\/www.naturella.ch\\\/de\\\/?s={search_term_string}\"},\"query-input\":{\"@type\":\"PropertyValueSpecification\",\"valueRequired\":true,\"valueName\":\"search_term_string\"}}],\"inLanguage\":\"de\"},{\"@type\":\"Organization\",\"@id\":\"https:\\\/\\\/www.naturella.ch\\\/de\\\/#organization\",\"name\":\"Naturella Diffusion SA\",\"url\":\"https:\\\/\\\/www.naturella.ch\\\/de\\\/\",\"logo\":{\"@type\":\"ImageObject\",\"inLanguage\":\"de\",\"@id\":\"https:\\\/\\\/www.naturella.ch\\\/de\\\/#\\\/schema\\\/logo\\\/image\\\/\",\"url\":\"https:\\\/\\\/www.naturella.ch\\\/wp-content\\\/uploads\\\/2021\\\/04\\\/Logo-Naturella_2021_RVB-e1619530233334.png\",\"contentUrl\":\"https:\\\/\\\/www.naturella.ch\\\/wp-content\\\/uploads\\\/2021\\\/04\\\/Logo-Naturella_2021_RVB-e1619530233334.png\",\"width\":340,\"height\":170,\"caption\":\"Naturella Diffusion SA\"},\"image\":{\"@id\":\"https:\\\/\\\/www.naturella.ch\\\/de\\\/#\\\/schema\\\/logo\\\/image\\\/\"},\"sameAs\":[\"https:\\\/\\\/www.facebook.com\\\/Naturella-Diffusion-102844258398231\",\"https:\\\/\\\/www.instagram.com\\\/naturella_diffusion\\\/\"],\"hasMerchantReturnPolicy\":{\"@type\":\"MerchantReturnPolicy\",\"merchantReturnLink\":\"https:\\\/\\\/www.naturella.ch\\\/remboursements_retours\\\/\"}}]}<\/script>\n<meta property=\"product:price:amount\" content=\"29.00\" \/>\n<meta property=\"product:price:currency\" content=\"CHF\" \/>\n<meta property=\"og:availability\" content=\"instock\" \/>\n<meta property=\"product:availability\" content=\"instock\" \/>\n<meta property=\"product:retailer_item_id\" content=\"1220\" \/>\n<meta property=\"product:condition\" content=\"new\" \/>\n<!-- \/ Yoast SEO Premium plugin. -->","yoast_head_json":{"title":"Schwarzer Holunder | Schweiz | 100 Kapseln -Naturella Diffusion SA","description":"Vorr\u00e4tig | Der schwarze Holunder wird seit \u00fcber 2500 Jahren wegen seiner zahlreichen positiven Eigenschaften hoch gesch\u00e4tzt und \u00fcberrascht uns immer wieder.","robots":{"index":"index","follow":"follow","max-snippet":"max-snippet:-1","max-image-preview":"max-image-preview:large","max-video-preview":"max-video-preview:-1"},"canonical":"https:\/\/www.naturella.ch\/de\/produkt\/schwarzer-holunder\/","og_locale":"de_DE","og_type":"article","og_title":"Schwarzer Holunder","og_description":"Vorr\u00e4tig | Der schwarze Holunder wird seit \u00fcber 2500 Jahren wegen seiner zahlreichen positiven Eigenschaften hoch gesch\u00e4tzt und \u00fcberrascht uns immer wieder.","og_url":"https:\/\/www.naturella.ch\/de\/produkt\/schwarzer-holunder\/","og_site_name":"Naturella","article_publisher":"https:\/\/www.facebook.com\/Naturella-Diffusion-102844258398231","article_modified_time":"2024-10-17T15:49:39+00:00","og_image":[{"width":1020,"height":1020,"url":"http:\/\/www.naturella.ch\/wp-content\/uploads\/2019\/03\/P.SUREAU-NOIR-1.png","type":"image\/png"}],"twitter_card":"summary_large_image","twitter_misc":{"Preis":"&#67;&#72;&#70;&nbsp;29.00","Verf\u00fcgbarkeit":"Auf Lager"},"schema":{"@context":"https:\/\/schema.org","@graph":[{"@type":"WebPage","@id":"https:\/\/www.naturella.ch\/de\/produkt\/schwarzer-holunder\/","url":"https:\/\/www.naturella.ch\/de\/produkt\/schwarzer-holunder\/","name":"Schwarzer Holunder | Schweiz | 100 Kapseln -Naturella Diffusion SA","isPartOf":{"@id":"https:\/\/www.naturella.ch\/de\/#website"},"primaryImageOfPage":{"@id":"https:\/\/www.naturella.ch\/de\/produkt\/schwarzer-holunder\/#primaryimage"},"image":{"@id":"https:\/\/www.naturella.ch\/de\/produkt\/schwarzer-holunder\/#primaryimage"},"thumbnailUrl":"https:\/\/www.naturella.ch\/wp-content\/uploads\/2019\/03\/P.SUREAU-NOIR-1.png","datePublished":"2019-03-27T10:49:49+00:00","dateModified":"2024-10-17T15:49:39+00:00","description":"Vorr\u00e4tig | Der schwarze Holunder wird seit \u00fcber 2500 Jahren wegen seiner zahlreichen positiven Eigenschaften hoch gesch\u00e4tzt und \u00fcberrascht uns immer wieder.","breadcrumb":{"@id":"https:\/\/www.naturella.ch\/de\/produkt\/schwarzer-holunder\/#breadcrumb"},"inLanguage":"de","potentialAction":[{"@type":"ReadAction","target":["https:\/\/www.naturella.ch\/de\/produkt\/schwarzer-holunder\/"]}]},{"@type":"ImageObject","inLanguage":"de","@id":"https:\/\/www.naturella.ch\/de\/produkt\/schwarzer-holunder\/#primaryimage","url":"https:\/\/www.naturella.ch\/wp-content\/uploads\/2019\/03\/P.SUREAU-NOIR-1.png","contentUrl":"https:\/\/www.naturella.ch\/wp-content\/uploads\/2019\/03\/P.SUREAU-NOIR-1.png","width":1020,"height":1020,"caption":"Sureau noir"},{"@type":"BreadcrumbList","@id":"https:\/\/www.naturella.ch\/de\/produkt\/schwarzer-holunder\/#breadcrumb","itemListElement":[{"@type":"ListItem","position":1,"name":"Accueil","item":"https:\/\/www.naturella.ch\/de\/"},{"@type":"ListItem","position":2,"name":"Online-Shop","item":"https:\/\/www.naturella.ch\/de\/online-shop\/"},{"@type":"ListItem","position":3,"name":"Schwarzer Holunder"}]},{"@type":"WebSite","@id":"https:\/\/www.naturella.ch\/de\/#website","url":"https:\/\/www.naturella.ch\/de\/","name":"Naturella","description":"","publisher":{"@id":"https:\/\/www.naturella.ch\/de\/#organization"},"potentialAction":[{"@type":"SearchAction","target":{"@type":"EntryPoint","urlTemplate":"https:\/\/www.naturella.ch\/de\/?s={search_term_string}"},"query-input":{"@type":"PropertyValueSpecification","valueRequired":true,"valueName":"search_term_string"}}],"inLanguage":"de"},{"@type":"Organization","@id":"https:\/\/www.naturella.ch\/de\/#organization","name":"Naturella Diffusion SA","url":"https:\/\/www.naturella.ch\/de\/","logo":{"@type":"ImageObject","inLanguage":"de","@id":"https:\/\/www.naturella.ch\/de\/#\/schema\/logo\/image\/","url":"https:\/\/www.naturella.ch\/wp-content\/uploads\/2021\/04\/Logo-Naturella_2021_RVB-e1619530233334.png","contentUrl":"https:\/\/www.naturella.ch\/wp-content\/uploads\/2021\/04\/Logo-Naturella_2021_RVB-e1619530233334.png","width":340,"height":170,"caption":"Naturella Diffusion SA"},"image":{"@id":"https:\/\/www.naturella.ch\/de\/#\/schema\/logo\/image\/"},"sameAs":["https:\/\/www.facebook.com\/Naturella-Diffusion-102844258398231","https:\/\/www.instagram.com\/naturella_diffusion\/"],"hasMerchantReturnPolicy":{"@type":"MerchantReturnPolicy","merchantReturnLink":"https:\/\/www.naturella.ch\/remboursements_retours\/"}}]},"product_price_amount":"29.00","product_price_currency":"CHF","og_availability":"instock","product_availability":"instock","product_retailer_item_id":"1220","product_condition":"new"},"_links":{"self":[{"href":"https:\/\/www.naturella.ch\/de\/wp-json\/wp\/v2\/product\/847","targetHints":{"allow":["GET"]}}],"collection":[{"href":"https:\/\/www.naturella.ch\/de\/wp-json\/wp\/v2\/product"}],"about":[{"href":"https:\/\/www.naturella.ch\/de\/wp-json\/wp\/v2\/types\/product"}],"replies":[{"embeddable":true,"href":"https:\/\/www.naturella.ch\/de\/wp-json\/wp\/v2\/comments?post=847"}],"wp:featuredmedia":[{"embeddable":true,"href":"https:\/\/www.naturella.ch\/de\/wp-json\/wp\/v2\/media\/8562"}],"wp:attachment":[{"href":"https:\/\/www.naturella.ch\/de\/wp-json\/wp\/v2\/media?parent=847"}],"wp:term":[{"taxonomy":"product_brand","embeddable":true,"href":"https:\/\/www.naturella.ch\/de\/wp-json\/wp\/v2\/product_brand?post=847"},{"taxonomy":"product_cat","embeddable":true,"href":"https:\/\/www.naturella.ch\/de\/wp-json\/wp\/v2\/product_cat?post=847"},{"taxonomy":"product_tag","embeddable":true,"href":"https:\/\/www.naturella.ch\/de\/wp-json\/wp\/v2\/product_tag?post=847"}],"curies":[{"name":"wp","href":"https:\/\/api.w.org\/{rel}","templated":true}]}}