{"id":849,"date":"2019-03-27T11:53:10","date_gmt":"2019-03-27T10:53:10","guid":{"rendered":"https:\/\/www.naturella.chproduit\/turbo\/"},"modified":"2025-01-27T09:41:42","modified_gmt":"2025-01-27T08:41:42","slug":"turbo-de","status":"publish","type":"product","link":"https:\/\/www.naturella.ch\/de\/produkt\/turbo-de\/","title":{"rendered":"Turbo"},"content":{"rendered":"<p><strong>Turbo<\/strong> ist der explosive Cocktail, den Sie haben m\u00fcssen !<\/p>\n<p>Wir wissen es : Auch wenn wir bei bester Gesundheit sind, gibt es Zeiten, w\u00e4hrend denen wir uns verletzlicher f\u00fchlen.<\/p>\n<p>Mehrarbeit, \u00dcberbeanspruchung oder ganz einfach zu wenig Schlaf, was oft zu \u00dcberm\u00fcdung und Gem\u00fctsverstimmung f\u00fchrt.<\/p>\n<p>Die dunkle Jahreszeit, mit ihren kurzen und k\u00fchleren Tagen, unterschiedliche \u00dcberbeanspruchungen, Sonnenmangel, das Ganze garniert mit Niesen der Einen oder Anderen, f\u00fchren zu Schw\u00e4chung und Antriebsmangel\u2026<\/p>\n<p>Nicht zu vergessen sind die zahlreichen Lebensumst\u00e4nde, wo man beruflich oder gesellschaftlich, k\u00f6rperlich oder emotionell zus\u00e4tzlich gefordert wird.<\/p>\n<p>Wie soll all diesen Situationen, ohne zu versagen, begegnet werden ? Wie kann man \u00ab boosten \u00bb, kurz gesagt\u2026 wie auf Kurs bleiben ?<\/p>\n<p>Die fabelhaften Eigenschaften von Acerola, Ginseng, Guarana und Gelee Royale entfalten gemeinsam ihre Synergien. <strong>Turbo<\/strong> bietet Ihnen das Beste !<\/p>\n<p>Eine quasi magische Formel f\u00fcr eine Nahrungserg\u00e4nzung !<\/p>\n","protected":false},"excerpt":{"rendered":"<h5>Brauchen Sie einen Energieschub f\u00fcr Ihren Schwung und Ihre Dynamik ?<\/h5>\n<h3>Ein explosiver Cocktail !<\/h3>\n<p><strong>Turbo<\/strong> ist genau das Richtige f\u00fcr Sie : ein supertonisierender Komplex, wann immer das Leben etwas mehr als das N\u00f6tigste verlangt.<\/p>\n<p>Ginseng, Gelee Royale, Acerola und Guarana : das Gewinnerquartett f\u00fcr eine nat\u00fcrliche Nahrungserg\u00e4nzung !<\/p>\n<p>&nbsp;<\/p>\n","protected":false},"featured_media":822,"comment_status":"open","ping_status":"closed","template":"","meta":{"_acf_changed":false,"powered_cache_disable_cache":false,"powered_cache_disable_lazyload":false,"powered_cache_disable_css_optimization":false,"powered_cache_disable_js_optimization":false},"product_brand":[],"product_cat":[75,138,77,63],"product_tag":[105],"class_list":{"0":"post-849","1":"product","2":"type-product","3":"status-publish","4":"has-post-thumbnail","6":"product_cat-energie-de","7":"product_cat-herbst","8":"product_cat-sinergis-de","9":"product_cat-winter","10":"product_tag-valais-de","12":"first","13":"instock","14":"shipping-taxable","15":"purchasable","16":"product-type-simple"},"acf":[],"yoast_head":"<!-- This site is optimized with the Yoast SEO Premium plugin v26.9 (Yoast SEO v27.3) - https:\/\/yoast.com\/product\/yoast-seo-premium-wordpress\/ -->\n<title>Turbo | Schweiz | 200 ml - Naturella Diffusion SA<\/title>\n<meta name=\"description\" content=\"Vorr\u00e4tig | \u2605\u2605\u2605 Hergestellt im Wallis \u2605\u2605 Acerola, Ginseng, Guarana und Gelee Royale : eine quasi magische Formel f\u00fcr eine Nahrungserg\u00e4nzung !\" \/>\n<meta name=\"robots\" content=\"index, follow, max-snippet:-1, max-image-preview:large, max-video-preview:-1\" \/>\n<link rel=\"canonical\" href=\"https:\/\/www.naturella.ch\/de\/produkt\/turbo-de\/\" \/>\n<meta property=\"og:locale\" content=\"de_DE\" \/>\n<meta property=\"og:type\" content=\"article\" \/>\n<meta property=\"og:title\" content=\"Turbo\" \/>\n<meta property=\"og:description\" content=\"Vorr\u00e4tig | \u2605\u2605\u2605 Hergestellt im Wallis \u2605\u2605 Acerola, Ginseng, Guarana und Gelee Royale : eine quasi magische Formel f\u00fcr eine Nahrungserg\u00e4nzung !\" \/>\n<meta property=\"og:url\" content=\"https:\/\/www.naturella.ch\/de\/produkt\/turbo-de\/\" \/>\n<meta property=\"og:site_name\" content=\"Naturella\" \/>\n<meta property=\"article:publisher\" content=\"https:\/\/www.facebook.com\/Naturella-Diffusion-102844258398231\" \/>\n<meta property=\"article:modified_time\" content=\"2025-01-27T08:41:42+00:00\" \/>\n<meta property=\"og:image\" content=\"http:\/\/www.naturella.ch\/wp-content\/uploads\/2019\/03\/Turbo-compressor.png\" \/>\n\t<meta property=\"og:image:width\" content=\"1020\" \/>\n\t<meta property=\"og:image:height\" content=\"1020\" \/>\n\t<meta property=\"og:image:type\" content=\"image\/png\" \/>\n<meta name=\"twitter:card\" content=\"summary_large_image\" \/>\n<meta name=\"twitter:label1\" content=\"Preis\" \/>\n\t<meta name=\"twitter:data1\" content=\"&#067;&#072;&#070;&nbsp;35.00\" \/>\n\t<meta name=\"twitter:label2\" content=\"Verf\u00fcgbarkeit\" \/>\n\t<meta name=\"twitter:data2\" content=\"Auf Lager\" \/>\n<script type=\"application\/ld+json\" class=\"yoast-schema-graph\">{\"@context\":\"https:\\\/\\\/schema.org\",\"@graph\":[{\"@type\":\"WebPage\",\"@id\":\"https:\\\/\\\/www.naturella.ch\\\/de\\\/produkt\\\/turbo-de\\\/\",\"url\":\"https:\\\/\\\/www.naturella.ch\\\/de\\\/produkt\\\/turbo-de\\\/\",\"name\":\"Turbo | Schweiz | 200 ml - Naturella Diffusion SA\",\"isPartOf\":{\"@id\":\"https:\\\/\\\/www.naturella.ch\\\/de\\\/#website\"},\"primaryImageOfPage\":{\"@id\":\"https:\\\/\\\/www.naturella.ch\\\/de\\\/produkt\\\/turbo-de\\\/#primaryimage\"},\"image\":{\"@id\":\"https:\\\/\\\/www.naturella.ch\\\/de\\\/produkt\\\/turbo-de\\\/#primaryimage\"},\"thumbnailUrl\":\"https:\\\/\\\/www.naturella.ch\\\/wp-content\\\/uploads\\\/2019\\\/03\\\/Turbo-compressor.png\",\"datePublished\":\"2019-03-27T10:53:10+00:00\",\"dateModified\":\"2025-01-27T08:41:42+00:00\",\"description\":\"Vorr\u00e4tig | \u2605\u2605\u2605 Hergestellt im Wallis \u2605\u2605 Acerola, Ginseng, Guarana und Gelee Royale : eine quasi magische Formel f\u00fcr eine Nahrungserg\u00e4nzung !\",\"breadcrumb\":{\"@id\":\"https:\\\/\\\/www.naturella.ch\\\/de\\\/produkt\\\/turbo-de\\\/#breadcrumb\"},\"inLanguage\":\"de\",\"potentialAction\":[{\"@type\":\"ReadAction\",\"target\":[\"https:\\\/\\\/www.naturella.ch\\\/de\\\/produkt\\\/turbo-de\\\/\"]}]},{\"@type\":\"ImageObject\",\"inLanguage\":\"de\",\"@id\":\"https:\\\/\\\/www.naturella.ch\\\/de\\\/produkt\\\/turbo-de\\\/#primaryimage\",\"url\":\"https:\\\/\\\/www.naturella.ch\\\/wp-content\\\/uploads\\\/2019\\\/03\\\/Turbo-compressor.png\",\"contentUrl\":\"https:\\\/\\\/www.naturella.ch\\\/wp-content\\\/uploads\\\/2019\\\/03\\\/Turbo-compressor.png\",\"width\":1020,\"height\":1020,\"caption\":\"Compl\u00e9ment alimentaire vitalit\u00e9 - Turbo\"},{\"@type\":\"BreadcrumbList\",\"@id\":\"https:\\\/\\\/www.naturella.ch\\\/de\\\/produkt\\\/turbo-de\\\/#breadcrumb\",\"itemListElement\":[{\"@type\":\"ListItem\",\"position\":1,\"name\":\"Accueil\",\"item\":\"https:\\\/\\\/www.naturella.ch\\\/de\\\/\"},{\"@type\":\"ListItem\",\"position\":2,\"name\":\"Online-Shop\",\"item\":\"https:\\\/\\\/www.naturella.ch\\\/de\\\/online-shop\\\/\"},{\"@type\":\"ListItem\",\"position\":3,\"name\":\"Turbo\"}]},{\"@type\":\"WebSite\",\"@id\":\"https:\\\/\\\/www.naturella.ch\\\/de\\\/#website\",\"url\":\"https:\\\/\\\/www.naturella.ch\\\/de\\\/\",\"name\":\"Naturella\",\"description\":\"\",\"publisher\":{\"@id\":\"https:\\\/\\\/www.naturella.ch\\\/de\\\/#organization\"},\"potentialAction\":[{\"@type\":\"SearchAction\",\"target\":{\"@type\":\"EntryPoint\",\"urlTemplate\":\"https:\\\/\\\/www.naturella.ch\\\/de\\\/?s={search_term_string}\"},\"query-input\":{\"@type\":\"PropertyValueSpecification\",\"valueRequired\":true,\"valueName\":\"search_term_string\"}}],\"inLanguage\":\"de\"},{\"@type\":\"Organization\",\"@id\":\"https:\\\/\\\/www.naturella.ch\\\/de\\\/#organization\",\"name\":\"Naturella Diffusion SA\",\"url\":\"https:\\\/\\\/www.naturella.ch\\\/de\\\/\",\"logo\":{\"@type\":\"ImageObject\",\"inLanguage\":\"de\",\"@id\":\"https:\\\/\\\/www.naturella.ch\\\/de\\\/#\\\/schema\\\/logo\\\/image\\\/\",\"url\":\"https:\\\/\\\/www.naturella.ch\\\/wp-content\\\/uploads\\\/2021\\\/04\\\/Logo-Naturella_2021_RVB-e1619530233334.png\",\"contentUrl\":\"https:\\\/\\\/www.naturella.ch\\\/wp-content\\\/uploads\\\/2021\\\/04\\\/Logo-Naturella_2021_RVB-e1619530233334.png\",\"width\":340,\"height\":170,\"caption\":\"Naturella Diffusion SA\"},\"image\":{\"@id\":\"https:\\\/\\\/www.naturella.ch\\\/de\\\/#\\\/schema\\\/logo\\\/image\\\/\"},\"sameAs\":[\"https:\\\/\\\/www.facebook.com\\\/Naturella-Diffusion-102844258398231\",\"https:\\\/\\\/www.instagram.com\\\/naturella_diffusion\\\/\"],\"hasMerchantReturnPolicy\":{\"@type\":\"MerchantReturnPolicy\",\"merchantReturnLink\":\"https:\\\/\\\/www.naturella.ch\\\/remboursements_retours\\\/\"}}]}<\/script>\n<meta property=\"product:price:amount\" content=\"35.00\" \/>\n<meta property=\"product:price:currency\" content=\"CHF\" \/>\n<meta property=\"og:availability\" content=\"instock\" \/>\n<meta property=\"product:availability\" content=\"instock\" \/>\n<meta property=\"product:retailer_item_id\" content=\"1110\" \/>\n<meta property=\"product:condition\" content=\"new\" \/>\n<!-- \/ Yoast SEO Premium plugin. -->","yoast_head_json":{"title":"Turbo | Schweiz | 200 ml - Naturella Diffusion SA","description":"Vorr\u00e4tig | \u2605\u2605\u2605 Hergestellt im Wallis \u2605\u2605 Acerola, Ginseng, Guarana und Gelee Royale : eine quasi magische Formel f\u00fcr eine Nahrungserg\u00e4nzung !","robots":{"index":"index","follow":"follow","max-snippet":"max-snippet:-1","max-image-preview":"max-image-preview:large","max-video-preview":"max-video-preview:-1"},"canonical":"https:\/\/www.naturella.ch\/de\/produkt\/turbo-de\/","og_locale":"de_DE","og_type":"article","og_title":"Turbo","og_description":"Vorr\u00e4tig | \u2605\u2605\u2605 Hergestellt im Wallis \u2605\u2605 Acerola, Ginseng, Guarana und Gelee Royale : eine quasi magische Formel f\u00fcr eine Nahrungserg\u00e4nzung !","og_url":"https:\/\/www.naturella.ch\/de\/produkt\/turbo-de\/","og_site_name":"Naturella","article_publisher":"https:\/\/www.facebook.com\/Naturella-Diffusion-102844258398231","article_modified_time":"2025-01-27T08:41:42+00:00","og_image":[{"width":1020,"height":1020,"url":"http:\/\/www.naturella.ch\/wp-content\/uploads\/2019\/03\/Turbo-compressor.png","type":"image\/png"}],"twitter_card":"summary_large_image","twitter_misc":{"Preis":"&#67;&#72;&#70;&nbsp;35.00","Verf\u00fcgbarkeit":"Auf Lager"},"schema":{"@context":"https:\/\/schema.org","@graph":[{"@type":"WebPage","@id":"https:\/\/www.naturella.ch\/de\/produkt\/turbo-de\/","url":"https:\/\/www.naturella.ch\/de\/produkt\/turbo-de\/","name":"Turbo | Schweiz | 200 ml - Naturella Diffusion SA","isPartOf":{"@id":"https:\/\/www.naturella.ch\/de\/#website"},"primaryImageOfPage":{"@id":"https:\/\/www.naturella.ch\/de\/produkt\/turbo-de\/#primaryimage"},"image":{"@id":"https:\/\/www.naturella.ch\/de\/produkt\/turbo-de\/#primaryimage"},"thumbnailUrl":"https:\/\/www.naturella.ch\/wp-content\/uploads\/2019\/03\/Turbo-compressor.png","datePublished":"2019-03-27T10:53:10+00:00","dateModified":"2025-01-27T08:41:42+00:00","description":"Vorr\u00e4tig | \u2605\u2605\u2605 Hergestellt im Wallis \u2605\u2605 Acerola, Ginseng, Guarana und Gelee Royale : eine quasi magische Formel f\u00fcr eine Nahrungserg\u00e4nzung !","breadcrumb":{"@id":"https:\/\/www.naturella.ch\/de\/produkt\/turbo-de\/#breadcrumb"},"inLanguage":"de","potentialAction":[{"@type":"ReadAction","target":["https:\/\/www.naturella.ch\/de\/produkt\/turbo-de\/"]}]},{"@type":"ImageObject","inLanguage":"de","@id":"https:\/\/www.naturella.ch\/de\/produkt\/turbo-de\/#primaryimage","url":"https:\/\/www.naturella.ch\/wp-content\/uploads\/2019\/03\/Turbo-compressor.png","contentUrl":"https:\/\/www.naturella.ch\/wp-content\/uploads\/2019\/03\/Turbo-compressor.png","width":1020,"height":1020,"caption":"Compl\u00e9ment alimentaire vitalit\u00e9 - Turbo"},{"@type":"BreadcrumbList","@id":"https:\/\/www.naturella.ch\/de\/produkt\/turbo-de\/#breadcrumb","itemListElement":[{"@type":"ListItem","position":1,"name":"Accueil","item":"https:\/\/www.naturella.ch\/de\/"},{"@type":"ListItem","position":2,"name":"Online-Shop","item":"https:\/\/www.naturella.ch\/de\/online-shop\/"},{"@type":"ListItem","position":3,"name":"Turbo"}]},{"@type":"WebSite","@id":"https:\/\/www.naturella.ch\/de\/#website","url":"https:\/\/www.naturella.ch\/de\/","name":"Naturella","description":"","publisher":{"@id":"https:\/\/www.naturella.ch\/de\/#organization"},"potentialAction":[{"@type":"SearchAction","target":{"@type":"EntryPoint","urlTemplate":"https:\/\/www.naturella.ch\/de\/?s={search_term_string}"},"query-input":{"@type":"PropertyValueSpecification","valueRequired":true,"valueName":"search_term_string"}}],"inLanguage":"de"},{"@type":"Organization","@id":"https:\/\/www.naturella.ch\/de\/#organization","name":"Naturella Diffusion SA","url":"https:\/\/www.naturella.ch\/de\/","logo":{"@type":"ImageObject","inLanguage":"de","@id":"https:\/\/www.naturella.ch\/de\/#\/schema\/logo\/image\/","url":"https:\/\/www.naturella.ch\/wp-content\/uploads\/2021\/04\/Logo-Naturella_2021_RVB-e1619530233334.png","contentUrl":"https:\/\/www.naturella.ch\/wp-content\/uploads\/2021\/04\/Logo-Naturella_2021_RVB-e1619530233334.png","width":340,"height":170,"caption":"Naturella Diffusion SA"},"image":{"@id":"https:\/\/www.naturella.ch\/de\/#\/schema\/logo\/image\/"},"sameAs":["https:\/\/www.facebook.com\/Naturella-Diffusion-102844258398231","https:\/\/www.instagram.com\/naturella_diffusion\/"],"hasMerchantReturnPolicy":{"@type":"MerchantReturnPolicy","merchantReturnLink":"https:\/\/www.naturella.ch\/remboursements_retours\/"}}]},"product_price_amount":"35.00","product_price_currency":"CHF","og_availability":"instock","product_availability":"instock","product_retailer_item_id":"1110","product_condition":"new"},"_links":{"self":[{"href":"https:\/\/www.naturella.ch\/de\/wp-json\/wp\/v2\/product\/849","targetHints":{"allow":["GET"]}}],"collection":[{"href":"https:\/\/www.naturella.ch\/de\/wp-json\/wp\/v2\/product"}],"about":[{"href":"https:\/\/www.naturella.ch\/de\/wp-json\/wp\/v2\/types\/product"}],"replies":[{"embeddable":true,"href":"https:\/\/www.naturella.ch\/de\/wp-json\/wp\/v2\/comments?post=849"}],"wp:featuredmedia":[{"embeddable":true,"href":"https:\/\/www.naturella.ch\/de\/wp-json\/wp\/v2\/media\/822"}],"wp:attachment":[{"href":"https:\/\/www.naturella.ch\/de\/wp-json\/wp\/v2\/media?parent=849"}],"wp:term":[{"taxonomy":"product_brand","embeddable":true,"href":"https:\/\/www.naturella.ch\/de\/wp-json\/wp\/v2\/product_brand?post=849"},{"taxonomy":"product_cat","embeddable":true,"href":"https:\/\/www.naturella.ch\/de\/wp-json\/wp\/v2\/product_cat?post=849"},{"taxonomy":"product_tag","embeddable":true,"href":"https:\/\/www.naturella.ch\/de\/wp-json\/wp\/v2\/product_tag?post=849"}],"curies":[{"name":"wp","href":"https:\/\/api.w.org\/{rel}","templated":true}]}}