{"id":850,"date":"2019-03-27T11:54:14","date_gmt":"2019-03-27T10:54:14","guid":{"rendered":"https:\/\/www.naturella.chproduit\/rotes-weinlaub\/"},"modified":"2024-09-24T10:41:08","modified_gmt":"2024-09-24T08:41:08","slug":"rotes-weinlaub","status":"publish","type":"product","link":"https:\/\/www.naturella.ch\/de\/produkt\/rotes-weinlaub\/","title":{"rendered":"Rotes Weinlaub"},"content":{"rendered":"<p>Die <strong>rote Weinrebe<\/strong> begn\u00fcgt sich nicht nur uns phantastisch nahrhafte, vitamin- und mineralreiche und \u00fcberdies auch noch leckere Fr\u00fcchte zu offerieren !<\/p>\n<p>Daher die ber\u00fchmte Traubenkur, die bei manchen so beliebt ist.<\/p>\n<p>Aber das ist noch nicht alles &#8230;<\/p>\n<p>Mit <strong>roter Weinrebe<\/strong> bleibt Ihr Kreislauf im gr\u00fcnen Bereich !<\/p>\n","protected":false},"excerpt":{"rendered":"<h3>Mit ihm wechselt die Zirkulation auf gr\u00fcn\u2026<\/h3>\n","protected":false},"featured_media":10180,"comment_status":"open","ping_status":"closed","template":"","meta":{"_acf_changed":false,"powered_cache_disable_cache":false,"powered_cache_disable_lazyload":false,"powered_cache_disable_css_optimization":false,"powered_cache_disable_js_optimization":false},"product_brand":[],"product_cat":[140,54],"product_tag":[],"class_list":{"0":"post-850","1":"product","2":"type-product","3":"status-publish","4":"has-post-thumbnail","6":"product_cat-sommer","7":"product_cat-zirkulaktion","9":"first","10":"instock","11":"shipping-taxable","12":"purchasable","13":"product-type-simple"},"acf":[],"yoast_head":"<!-- This site is optimized with the Yoast SEO Premium plugin v26.9 (Yoast SEO v27.3) - https:\/\/yoast.com\/product\/yoast-seo-premium-wordpress\/ -->\n<title>Rotes Weinlaub | Schweiz | 100 Kps. 300 mg - Naturella Diffusion SA<\/title>\n<meta name=\"description\" content=\"Vorr\u00e4tig | Mit roter Weinrebe bleibt der Kreislauf im gr\u00fcnen Bereich... Sie steckt voller Vitamine und Mineralien und schmeckt dazu noch saftig !\" \/>\n<meta name=\"robots\" content=\"index, follow, max-snippet:-1, max-image-preview:large, max-video-preview:-1\" \/>\n<link rel=\"canonical\" href=\"https:\/\/www.naturella.ch\/de\/produkt\/rotes-weinlaub\/\" \/>\n<meta property=\"og:locale\" content=\"de_DE\" \/>\n<meta property=\"og:type\" content=\"article\" \/>\n<meta property=\"og:title\" content=\"Rotes Weinlaub\" \/>\n<meta property=\"og:description\" content=\"Vorr\u00e4tig | Mit roter Weinrebe bleibt der Kreislauf im gr\u00fcnen Bereich... Sie steckt voller Vitamine und Mineralien und schmeckt dazu noch saftig !\" \/>\n<meta property=\"og:url\" content=\"https:\/\/www.naturella.ch\/de\/produkt\/rotes-weinlaub\/\" \/>\n<meta property=\"og:site_name\" content=\"Naturella\" \/>\n<meta property=\"article:publisher\" content=\"https:\/\/www.facebook.com\/Naturella-Diffusion-102844258398231\" \/>\n<meta property=\"article:modified_time\" content=\"2024-09-24T08:41:08+00:00\" \/>\n<meta property=\"og:image\" content=\"http:\/\/www.naturella.ch\/wp-content\/uploads\/2019\/03\/P.VIGNE-ROUGE.png\" \/>\n\t<meta property=\"og:image:width\" content=\"1020\" \/>\n\t<meta property=\"og:image:height\" content=\"1020\" \/>\n\t<meta property=\"og:image:type\" content=\"image\/png\" \/>\n<meta name=\"twitter:card\" content=\"summary_large_image\" \/>\n<meta name=\"twitter:label1\" content=\"Preis\" \/>\n\t<meta name=\"twitter:data1\" content=\"&#067;&#072;&#070;&nbsp;32.00\" \/>\n\t<meta name=\"twitter:label2\" content=\"Verf\u00fcgbarkeit\" \/>\n\t<meta name=\"twitter:data2\" content=\"Auf Lager\" \/>\n<script type=\"application\/ld+json\" class=\"yoast-schema-graph\">{\"@context\":\"https:\\\/\\\/schema.org\",\"@graph\":[{\"@type\":\"WebPage\",\"@id\":\"https:\\\/\\\/www.naturella.ch\\\/de\\\/produkt\\\/rotes-weinlaub\\\/\",\"url\":\"https:\\\/\\\/www.naturella.ch\\\/de\\\/produkt\\\/rotes-weinlaub\\\/\",\"name\":\"Rotes Weinlaub | Schweiz | 100 Kps. 300 mg - Naturella Diffusion SA\",\"isPartOf\":{\"@id\":\"https:\\\/\\\/www.naturella.ch\\\/de\\\/#website\"},\"primaryImageOfPage\":{\"@id\":\"https:\\\/\\\/www.naturella.ch\\\/de\\\/produkt\\\/rotes-weinlaub\\\/#primaryimage\"},\"image\":{\"@id\":\"https:\\\/\\\/www.naturella.ch\\\/de\\\/produkt\\\/rotes-weinlaub\\\/#primaryimage\"},\"thumbnailUrl\":\"https:\\\/\\\/www.naturella.ch\\\/wp-content\\\/uploads\\\/2019\\\/03\\\/P.VIGNE-ROUGE.png\",\"datePublished\":\"2019-03-27T10:54:14+00:00\",\"dateModified\":\"2024-09-24T08:41:08+00:00\",\"description\":\"Vorr\u00e4tig | Mit roter Weinrebe bleibt der Kreislauf im gr\u00fcnen Bereich... Sie steckt voller Vitamine und Mineralien und schmeckt dazu noch saftig !\",\"breadcrumb\":{\"@id\":\"https:\\\/\\\/www.naturella.ch\\\/de\\\/produkt\\\/rotes-weinlaub\\\/#breadcrumb\"},\"inLanguage\":\"de\",\"potentialAction\":[{\"@type\":\"ReadAction\",\"target\":[\"https:\\\/\\\/www.naturella.ch\\\/de\\\/produkt\\\/rotes-weinlaub\\\/\"]}]},{\"@type\":\"ImageObject\",\"inLanguage\":\"de\",\"@id\":\"https:\\\/\\\/www.naturella.ch\\\/de\\\/produkt\\\/rotes-weinlaub\\\/#primaryimage\",\"url\":\"https:\\\/\\\/www.naturella.ch\\\/wp-content\\\/uploads\\\/2019\\\/03\\\/P.VIGNE-ROUGE.png\",\"contentUrl\":\"https:\\\/\\\/www.naturella.ch\\\/wp-content\\\/uploads\\\/2019\\\/03\\\/P.VIGNE-ROUGE.png\",\"width\":1020,\"height\":1020,\"caption\":\"Vigne rouge\"},{\"@type\":\"BreadcrumbList\",\"@id\":\"https:\\\/\\\/www.naturella.ch\\\/de\\\/produkt\\\/rotes-weinlaub\\\/#breadcrumb\",\"itemListElement\":[{\"@type\":\"ListItem\",\"position\":1,\"name\":\"Accueil\",\"item\":\"https:\\\/\\\/www.naturella.ch\\\/de\\\/\"},{\"@type\":\"ListItem\",\"position\":2,\"name\":\"Online-Shop\",\"item\":\"https:\\\/\\\/www.naturella.ch\\\/de\\\/online-shop\\\/\"},{\"@type\":\"ListItem\",\"position\":3,\"name\":\"Rotes Weinlaub\"}]},{\"@type\":\"WebSite\",\"@id\":\"https:\\\/\\\/www.naturella.ch\\\/de\\\/#website\",\"url\":\"https:\\\/\\\/www.naturella.ch\\\/de\\\/\",\"name\":\"Naturella\",\"description\":\"\",\"publisher\":{\"@id\":\"https:\\\/\\\/www.naturella.ch\\\/de\\\/#organization\"},\"potentialAction\":[{\"@type\":\"SearchAction\",\"target\":{\"@type\":\"EntryPoint\",\"urlTemplate\":\"https:\\\/\\\/www.naturella.ch\\\/de\\\/?s={search_term_string}\"},\"query-input\":{\"@type\":\"PropertyValueSpecification\",\"valueRequired\":true,\"valueName\":\"search_term_string\"}}],\"inLanguage\":\"de\"},{\"@type\":\"Organization\",\"@id\":\"https:\\\/\\\/www.naturella.ch\\\/de\\\/#organization\",\"name\":\"Naturella Diffusion SA\",\"url\":\"https:\\\/\\\/www.naturella.ch\\\/de\\\/\",\"logo\":{\"@type\":\"ImageObject\",\"inLanguage\":\"de\",\"@id\":\"https:\\\/\\\/www.naturella.ch\\\/de\\\/#\\\/schema\\\/logo\\\/image\\\/\",\"url\":\"https:\\\/\\\/www.naturella.ch\\\/wp-content\\\/uploads\\\/2021\\\/04\\\/Logo-Naturella_2021_RVB-e1619530233334.png\",\"contentUrl\":\"https:\\\/\\\/www.naturella.ch\\\/wp-content\\\/uploads\\\/2021\\\/04\\\/Logo-Naturella_2021_RVB-e1619530233334.png\",\"width\":340,\"height\":170,\"caption\":\"Naturella Diffusion SA\"},\"image\":{\"@id\":\"https:\\\/\\\/www.naturella.ch\\\/de\\\/#\\\/schema\\\/logo\\\/image\\\/\"},\"sameAs\":[\"https:\\\/\\\/www.facebook.com\\\/Naturella-Diffusion-102844258398231\",\"https:\\\/\\\/www.instagram.com\\\/naturella_diffusion\\\/\"],\"hasMerchantReturnPolicy\":{\"@type\":\"MerchantReturnPolicy\",\"merchantReturnLink\":\"https:\\\/\\\/www.naturella.ch\\\/remboursements_retours\\\/\"}}]}<\/script>\n<meta property=\"product:price:amount\" content=\"32.00\" \/>\n<meta property=\"product:price:currency\" content=\"CHF\" \/>\n<meta property=\"og:availability\" content=\"instock\" \/>\n<meta property=\"product:availability\" content=\"instock\" \/>\n<meta property=\"product:retailer_item_id\" content=\"1969\" \/>\n<meta property=\"product:condition\" content=\"new\" \/>\n<!-- \/ Yoast SEO Premium plugin. -->","yoast_head_json":{"title":"Rotes Weinlaub | Schweiz | 100 Kps. 300 mg - Naturella Diffusion SA","description":"Vorr\u00e4tig | Mit roter Weinrebe bleibt der Kreislauf im gr\u00fcnen Bereich... Sie steckt voller Vitamine und Mineralien und schmeckt dazu noch saftig !","robots":{"index":"index","follow":"follow","max-snippet":"max-snippet:-1","max-image-preview":"max-image-preview:large","max-video-preview":"max-video-preview:-1"},"canonical":"https:\/\/www.naturella.ch\/de\/produkt\/rotes-weinlaub\/","og_locale":"de_DE","og_type":"article","og_title":"Rotes Weinlaub","og_description":"Vorr\u00e4tig | Mit roter Weinrebe bleibt der Kreislauf im gr\u00fcnen Bereich... Sie steckt voller Vitamine und Mineralien und schmeckt dazu noch saftig !","og_url":"https:\/\/www.naturella.ch\/de\/produkt\/rotes-weinlaub\/","og_site_name":"Naturella","article_publisher":"https:\/\/www.facebook.com\/Naturella-Diffusion-102844258398231","article_modified_time":"2024-09-24T08:41:08+00:00","og_image":[{"width":1020,"height":1020,"url":"http:\/\/www.naturella.ch\/wp-content\/uploads\/2019\/03\/P.VIGNE-ROUGE.png","type":"image\/png"}],"twitter_card":"summary_large_image","twitter_misc":{"Preis":"&#67;&#72;&#70;&nbsp;32.00","Verf\u00fcgbarkeit":"Auf Lager"},"schema":{"@context":"https:\/\/schema.org","@graph":[{"@type":"WebPage","@id":"https:\/\/www.naturella.ch\/de\/produkt\/rotes-weinlaub\/","url":"https:\/\/www.naturella.ch\/de\/produkt\/rotes-weinlaub\/","name":"Rotes Weinlaub | Schweiz | 100 Kps. 300 mg - Naturella Diffusion SA","isPartOf":{"@id":"https:\/\/www.naturella.ch\/de\/#website"},"primaryImageOfPage":{"@id":"https:\/\/www.naturella.ch\/de\/produkt\/rotes-weinlaub\/#primaryimage"},"image":{"@id":"https:\/\/www.naturella.ch\/de\/produkt\/rotes-weinlaub\/#primaryimage"},"thumbnailUrl":"https:\/\/www.naturella.ch\/wp-content\/uploads\/2019\/03\/P.VIGNE-ROUGE.png","datePublished":"2019-03-27T10:54:14+00:00","dateModified":"2024-09-24T08:41:08+00:00","description":"Vorr\u00e4tig | Mit roter Weinrebe bleibt der Kreislauf im gr\u00fcnen Bereich... Sie steckt voller Vitamine und Mineralien und schmeckt dazu noch saftig !","breadcrumb":{"@id":"https:\/\/www.naturella.ch\/de\/produkt\/rotes-weinlaub\/#breadcrumb"},"inLanguage":"de","potentialAction":[{"@type":"ReadAction","target":["https:\/\/www.naturella.ch\/de\/produkt\/rotes-weinlaub\/"]}]},{"@type":"ImageObject","inLanguage":"de","@id":"https:\/\/www.naturella.ch\/de\/produkt\/rotes-weinlaub\/#primaryimage","url":"https:\/\/www.naturella.ch\/wp-content\/uploads\/2019\/03\/P.VIGNE-ROUGE.png","contentUrl":"https:\/\/www.naturella.ch\/wp-content\/uploads\/2019\/03\/P.VIGNE-ROUGE.png","width":1020,"height":1020,"caption":"Vigne rouge"},{"@type":"BreadcrumbList","@id":"https:\/\/www.naturella.ch\/de\/produkt\/rotes-weinlaub\/#breadcrumb","itemListElement":[{"@type":"ListItem","position":1,"name":"Accueil","item":"https:\/\/www.naturella.ch\/de\/"},{"@type":"ListItem","position":2,"name":"Online-Shop","item":"https:\/\/www.naturella.ch\/de\/online-shop\/"},{"@type":"ListItem","position":3,"name":"Rotes Weinlaub"}]},{"@type":"WebSite","@id":"https:\/\/www.naturella.ch\/de\/#website","url":"https:\/\/www.naturella.ch\/de\/","name":"Naturella","description":"","publisher":{"@id":"https:\/\/www.naturella.ch\/de\/#organization"},"potentialAction":[{"@type":"SearchAction","target":{"@type":"EntryPoint","urlTemplate":"https:\/\/www.naturella.ch\/de\/?s={search_term_string}"},"query-input":{"@type":"PropertyValueSpecification","valueRequired":true,"valueName":"search_term_string"}}],"inLanguage":"de"},{"@type":"Organization","@id":"https:\/\/www.naturella.ch\/de\/#organization","name":"Naturella Diffusion SA","url":"https:\/\/www.naturella.ch\/de\/","logo":{"@type":"ImageObject","inLanguage":"de","@id":"https:\/\/www.naturella.ch\/de\/#\/schema\/logo\/image\/","url":"https:\/\/www.naturella.ch\/wp-content\/uploads\/2021\/04\/Logo-Naturella_2021_RVB-e1619530233334.png","contentUrl":"https:\/\/www.naturella.ch\/wp-content\/uploads\/2021\/04\/Logo-Naturella_2021_RVB-e1619530233334.png","width":340,"height":170,"caption":"Naturella Diffusion SA"},"image":{"@id":"https:\/\/www.naturella.ch\/de\/#\/schema\/logo\/image\/"},"sameAs":["https:\/\/www.facebook.com\/Naturella-Diffusion-102844258398231","https:\/\/www.instagram.com\/naturella_diffusion\/"],"hasMerchantReturnPolicy":{"@type":"MerchantReturnPolicy","merchantReturnLink":"https:\/\/www.naturella.ch\/remboursements_retours\/"}}]},"product_price_amount":"32.00","product_price_currency":"CHF","og_availability":"instock","product_availability":"instock","product_retailer_item_id":"1969","product_condition":"new"},"_links":{"self":[{"href":"https:\/\/www.naturella.ch\/de\/wp-json\/wp\/v2\/product\/850","targetHints":{"allow":["GET"]}}],"collection":[{"href":"https:\/\/www.naturella.ch\/de\/wp-json\/wp\/v2\/product"}],"about":[{"href":"https:\/\/www.naturella.ch\/de\/wp-json\/wp\/v2\/types\/product"}],"replies":[{"embeddable":true,"href":"https:\/\/www.naturella.ch\/de\/wp-json\/wp\/v2\/comments?post=850"}],"wp:featuredmedia":[{"embeddable":true,"href":"https:\/\/www.naturella.ch\/de\/wp-json\/wp\/v2\/media\/10180"}],"wp:attachment":[{"href":"https:\/\/www.naturella.ch\/de\/wp-json\/wp\/v2\/media?parent=850"}],"wp:term":[{"taxonomy":"product_brand","embeddable":true,"href":"https:\/\/www.naturella.ch\/de\/wp-json\/wp\/v2\/product_brand?post=850"},{"taxonomy":"product_cat","embeddable":true,"href":"https:\/\/www.naturella.ch\/de\/wp-json\/wp\/v2\/product_cat?post=850"},{"taxonomy":"product_tag","embeddable":true,"href":"https:\/\/www.naturella.ch\/de\/wp-json\/wp\/v2\/product_tag?post=850"}],"curies":[{"name":"wp","href":"https:\/\/api.w.org\/{rel}","templated":true}]}}