{"id":857,"date":"2019-04-23T13:44:39","date_gmt":"2019-04-23T11:44:39","guid":{"rendered":"https:\/\/www.naturella.chproduit\/prabiotika\/"},"modified":"2024-09-20T15:14:22","modified_gmt":"2024-09-20T13:14:22","slug":"lowenzahn","status":"publish","type":"product","link":"https:\/\/www.naturella.ch\/de\/produkt\/lowenzahn\/","title":{"rendered":"L\u00f6wenzahn"},"content":{"rendered":"<p>Um in Form zu bleiben muss sich der Organismus auf ein leistungsf\u00e4higes Entsorgungssystem verlassen k\u00f6nnen.<\/p>\n<p>Wenn dieses nicht mehr voll funktioniert, vor allem durch schlechte Essgewohnheiten und ein zu grosser Konsum an Nahrungsmitteln, so ist die Darmflora geschw\u00e4cht und dies \u00f6ffnet die T\u00fcr f\u00fcr manche Beschwerden.<\/p>\n<p>Der erste Schritt um wieder fit zu werden und damit beizutragen dass alles wieder gut zirkuliert, ist, dass Sie der Darmflora Pr\u00e4biotika, Sorten von aktiven Mineralien, zuf\u00fchren, welche sie n\u00e4hren und st\u00e4rken.<\/p>\n<p>Denn nur wenn sie ihr Gleichgewicht wiedergefunden hat, k\u00f6nnen die anderen Kuren ihre wohltuende Wirksamkeit voll entfalten. L\u00f6wenzahnwurzel, Kieselerde und Magnesium sind in unserer Formel vereint !<\/p>\n","protected":false},"excerpt":{"rendered":"<h4>Wie geht es Ihrer Darmflora ?<\/h4>\n<h2>Halten Sie Ihre Flora im Gleichgewicht.<\/h2>\n","protected":false},"featured_media":12099,"comment_status":"open","ping_status":"closed","template":"","meta":{"_acf_changed":false,"powered_cache_disable_cache":false,"powered_cache_disable_lazyload":false,"powered_cache_disable_css_optimization":false,"powered_cache_disable_js_optimization":false},"product_brand":[],"product_cat":[141,73],"product_tag":[],"class_list":{"0":"post-857","1":"product","2":"type-product","3":"status-publish","4":"has-post-thumbnail","6":"product_cat-fruehling","7":"product_cat-verdauungskomfort","9":"first","10":"instock","11":"shipping-taxable","12":"purchasable","13":"product-type-simple"},"acf":[],"yoast_head":"<!-- This site is optimized with the Yoast SEO Premium plugin v26.9 (Yoast SEO v27.3) - https:\/\/yoast.com\/product\/yoast-seo-premium-wordpress\/ -->\n<title>L\u00f6wenzahn | Schweiz | 100 Kapseln - Naturella Diffusion<\/title>\n<meta name=\"description\" content=\"L\u00f6wenzahnwurzel, Kieselerde und Magnesium sind in unserer Formel vereint !\" \/>\n<meta name=\"robots\" content=\"index, follow, max-snippet:-1, max-image-preview:large, max-video-preview:-1\" \/>\n<link rel=\"canonical\" href=\"https:\/\/www.naturella.ch\/de\/produkt\/lowenzahn\/\" \/>\n<meta property=\"og:locale\" content=\"de_DE\" \/>\n<meta property=\"og:type\" content=\"article\" \/>\n<meta property=\"og:title\" content=\"L\u00f6wenzahn\" \/>\n<meta property=\"og:description\" content=\"L\u00f6wenzahnwurzel, Kieselerde und Magnesium sind in unserer Formel vereint !\" \/>\n<meta property=\"og:url\" content=\"https:\/\/www.naturella.ch\/de\/produkt\/lowenzahn\/\" \/>\n<meta property=\"og:site_name\" content=\"Naturella\" \/>\n<meta property=\"article:publisher\" content=\"https:\/\/www.facebook.com\/Naturella-Diffusion-102844258398231\" \/>\n<meta property=\"article:modified_time\" content=\"2024-09-20T13:14:22+00:00\" \/>\n<meta property=\"og:image\" content=\"http:\/\/www.naturella.ch\/wp-content\/uploads\/2019\/04\/P.PISENLIT.png\" \/>\n\t<meta property=\"og:image:width\" content=\"1020\" \/>\n\t<meta property=\"og:image:height\" content=\"1020\" \/>\n\t<meta property=\"og:image:type\" content=\"image\/png\" \/>\n<meta name=\"twitter:card\" content=\"summary_large_image\" \/>\n<meta name=\"twitter:label1\" content=\"Preis\" \/>\n\t<meta name=\"twitter:data1\" content=\"&#067;&#072;&#070;&nbsp;33.00\" \/>\n\t<meta name=\"twitter:label2\" content=\"Verf\u00fcgbarkeit\" \/>\n\t<meta name=\"twitter:data2\" content=\"Auf Lager\" \/>\n<script type=\"application\/ld+json\" class=\"yoast-schema-graph\">{\"@context\":\"https:\\\/\\\/schema.org\",\"@graph\":[{\"@type\":\"WebPage\",\"@id\":\"https:\\\/\\\/www.naturella.ch\\\/de\\\/produkt\\\/lowenzahn\\\/\",\"url\":\"https:\\\/\\\/www.naturella.ch\\\/de\\\/produkt\\\/lowenzahn\\\/\",\"name\":\"L\u00f6wenzahn | Schweiz | 100 Kapseln - Naturella Diffusion\",\"isPartOf\":{\"@id\":\"https:\\\/\\\/www.naturella.ch\\\/de\\\/#website\"},\"primaryImageOfPage\":{\"@id\":\"https:\\\/\\\/www.naturella.ch\\\/de\\\/produkt\\\/lowenzahn\\\/#primaryimage\"},\"image\":{\"@id\":\"https:\\\/\\\/www.naturella.ch\\\/de\\\/produkt\\\/lowenzahn\\\/#primaryimage\"},\"thumbnailUrl\":\"https:\\\/\\\/www.naturella.ch\\\/wp-content\\\/uploads\\\/2019\\\/04\\\/P.PISENLIT.png\",\"datePublished\":\"2019-04-23T11:44:39+00:00\",\"dateModified\":\"2024-09-20T13:14:22+00:00\",\"description\":\"L\u00f6wenzahnwurzel, Kieselerde und Magnesium sind in unserer Formel vereint !\",\"breadcrumb\":{\"@id\":\"https:\\\/\\\/www.naturella.ch\\\/de\\\/produkt\\\/lowenzahn\\\/#breadcrumb\"},\"inLanguage\":\"de\",\"potentialAction\":[{\"@type\":\"ReadAction\",\"target\":[\"https:\\\/\\\/www.naturella.ch\\\/de\\\/produkt\\\/lowenzahn\\\/\"]}]},{\"@type\":\"ImageObject\",\"inLanguage\":\"de\",\"@id\":\"https:\\\/\\\/www.naturella.ch\\\/de\\\/produkt\\\/lowenzahn\\\/#primaryimage\",\"url\":\"https:\\\/\\\/www.naturella.ch\\\/wp-content\\\/uploads\\\/2019\\\/04\\\/P.PISENLIT.png\",\"contentUrl\":\"https:\\\/\\\/www.naturella.ch\\\/wp-content\\\/uploads\\\/2019\\\/04\\\/P.PISENLIT.png\",\"width\":1020,\"height\":1020,\"caption\":\"L\u00f6wenzahn\"},{\"@type\":\"BreadcrumbList\",\"@id\":\"https:\\\/\\\/www.naturella.ch\\\/de\\\/produkt\\\/lowenzahn\\\/#breadcrumb\",\"itemListElement\":[{\"@type\":\"ListItem\",\"position\":1,\"name\":\"Accueil\",\"item\":\"https:\\\/\\\/www.naturella.ch\\\/de\\\/\"},{\"@type\":\"ListItem\",\"position\":2,\"name\":\"Online-Shop\",\"item\":\"https:\\\/\\\/www.naturella.ch\\\/de\\\/online-shop\\\/\"},{\"@type\":\"ListItem\",\"position\":3,\"name\":\"L\u00f6wenzahn\"}]},{\"@type\":\"WebSite\",\"@id\":\"https:\\\/\\\/www.naturella.ch\\\/de\\\/#website\",\"url\":\"https:\\\/\\\/www.naturella.ch\\\/de\\\/\",\"name\":\"Naturella\",\"description\":\"\",\"publisher\":{\"@id\":\"https:\\\/\\\/www.naturella.ch\\\/de\\\/#organization\"},\"potentialAction\":[{\"@type\":\"SearchAction\",\"target\":{\"@type\":\"EntryPoint\",\"urlTemplate\":\"https:\\\/\\\/www.naturella.ch\\\/de\\\/?s={search_term_string}\"},\"query-input\":{\"@type\":\"PropertyValueSpecification\",\"valueRequired\":true,\"valueName\":\"search_term_string\"}}],\"inLanguage\":\"de\"},{\"@type\":\"Organization\",\"@id\":\"https:\\\/\\\/www.naturella.ch\\\/de\\\/#organization\",\"name\":\"Naturella Diffusion SA\",\"url\":\"https:\\\/\\\/www.naturella.ch\\\/de\\\/\",\"logo\":{\"@type\":\"ImageObject\",\"inLanguage\":\"de\",\"@id\":\"https:\\\/\\\/www.naturella.ch\\\/de\\\/#\\\/schema\\\/logo\\\/image\\\/\",\"url\":\"https:\\\/\\\/www.naturella.ch\\\/wp-content\\\/uploads\\\/2021\\\/04\\\/Logo-Naturella_2021_RVB-e1619530233334.png\",\"contentUrl\":\"https:\\\/\\\/www.naturella.ch\\\/wp-content\\\/uploads\\\/2021\\\/04\\\/Logo-Naturella_2021_RVB-e1619530233334.png\",\"width\":340,\"height\":170,\"caption\":\"Naturella Diffusion SA\"},\"image\":{\"@id\":\"https:\\\/\\\/www.naturella.ch\\\/de\\\/#\\\/schema\\\/logo\\\/image\\\/\"},\"sameAs\":[\"https:\\\/\\\/www.facebook.com\\\/Naturella-Diffusion-102844258398231\",\"https:\\\/\\\/www.instagram.com\\\/naturella_diffusion\\\/\"],\"hasMerchantReturnPolicy\":{\"@type\":\"MerchantReturnPolicy\",\"merchantReturnLink\":\"https:\\\/\\\/www.naturella.ch\\\/remboursements_retours\\\/\"}}]}<\/script>\n<meta property=\"product:price:amount\" content=\"33.00\" \/>\n<meta property=\"product:price:currency\" content=\"CHF\" \/>\n<meta property=\"og:availability\" content=\"instock\" \/>\n<meta property=\"product:availability\" content=\"instock\" \/>\n<meta property=\"product:retailer_item_id\" content=\"5633\" \/>\n<meta property=\"product:condition\" content=\"new\" \/>\n<!-- \/ Yoast SEO Premium plugin. -->","yoast_head_json":{"title":"L\u00f6wenzahn | Schweiz | 100 Kapseln - Naturella Diffusion","description":"L\u00f6wenzahnwurzel, Kieselerde und Magnesium sind in unserer Formel vereint !","robots":{"index":"index","follow":"follow","max-snippet":"max-snippet:-1","max-image-preview":"max-image-preview:large","max-video-preview":"max-video-preview:-1"},"canonical":"https:\/\/www.naturella.ch\/de\/produkt\/lowenzahn\/","og_locale":"de_DE","og_type":"article","og_title":"L\u00f6wenzahn","og_description":"L\u00f6wenzahnwurzel, Kieselerde und Magnesium sind in unserer Formel vereint !","og_url":"https:\/\/www.naturella.ch\/de\/produkt\/lowenzahn\/","og_site_name":"Naturella","article_publisher":"https:\/\/www.facebook.com\/Naturella-Diffusion-102844258398231","article_modified_time":"2024-09-20T13:14:22+00:00","og_image":[{"width":1020,"height":1020,"url":"http:\/\/www.naturella.ch\/wp-content\/uploads\/2019\/04\/P.PISENLIT.png","type":"image\/png"}],"twitter_card":"summary_large_image","twitter_misc":{"Preis":"&#67;&#72;&#70;&nbsp;33.00","Verf\u00fcgbarkeit":"Auf Lager"},"schema":{"@context":"https:\/\/schema.org","@graph":[{"@type":"WebPage","@id":"https:\/\/www.naturella.ch\/de\/produkt\/lowenzahn\/","url":"https:\/\/www.naturella.ch\/de\/produkt\/lowenzahn\/","name":"L\u00f6wenzahn | Schweiz | 100 Kapseln - Naturella Diffusion","isPartOf":{"@id":"https:\/\/www.naturella.ch\/de\/#website"},"primaryImageOfPage":{"@id":"https:\/\/www.naturella.ch\/de\/produkt\/lowenzahn\/#primaryimage"},"image":{"@id":"https:\/\/www.naturella.ch\/de\/produkt\/lowenzahn\/#primaryimage"},"thumbnailUrl":"https:\/\/www.naturella.ch\/wp-content\/uploads\/2019\/04\/P.PISENLIT.png","datePublished":"2019-04-23T11:44:39+00:00","dateModified":"2024-09-20T13:14:22+00:00","description":"L\u00f6wenzahnwurzel, Kieselerde und Magnesium sind in unserer Formel vereint !","breadcrumb":{"@id":"https:\/\/www.naturella.ch\/de\/produkt\/lowenzahn\/#breadcrumb"},"inLanguage":"de","potentialAction":[{"@type":"ReadAction","target":["https:\/\/www.naturella.ch\/de\/produkt\/lowenzahn\/"]}]},{"@type":"ImageObject","inLanguage":"de","@id":"https:\/\/www.naturella.ch\/de\/produkt\/lowenzahn\/#primaryimage","url":"https:\/\/www.naturella.ch\/wp-content\/uploads\/2019\/04\/P.PISENLIT.png","contentUrl":"https:\/\/www.naturella.ch\/wp-content\/uploads\/2019\/04\/P.PISENLIT.png","width":1020,"height":1020,"caption":"L\u00f6wenzahn"},{"@type":"BreadcrumbList","@id":"https:\/\/www.naturella.ch\/de\/produkt\/lowenzahn\/#breadcrumb","itemListElement":[{"@type":"ListItem","position":1,"name":"Accueil","item":"https:\/\/www.naturella.ch\/de\/"},{"@type":"ListItem","position":2,"name":"Online-Shop","item":"https:\/\/www.naturella.ch\/de\/online-shop\/"},{"@type":"ListItem","position":3,"name":"L\u00f6wenzahn"}]},{"@type":"WebSite","@id":"https:\/\/www.naturella.ch\/de\/#website","url":"https:\/\/www.naturella.ch\/de\/","name":"Naturella","description":"","publisher":{"@id":"https:\/\/www.naturella.ch\/de\/#organization"},"potentialAction":[{"@type":"SearchAction","target":{"@type":"EntryPoint","urlTemplate":"https:\/\/www.naturella.ch\/de\/?s={search_term_string}"},"query-input":{"@type":"PropertyValueSpecification","valueRequired":true,"valueName":"search_term_string"}}],"inLanguage":"de"},{"@type":"Organization","@id":"https:\/\/www.naturella.ch\/de\/#organization","name":"Naturella Diffusion SA","url":"https:\/\/www.naturella.ch\/de\/","logo":{"@type":"ImageObject","inLanguage":"de","@id":"https:\/\/www.naturella.ch\/de\/#\/schema\/logo\/image\/","url":"https:\/\/www.naturella.ch\/wp-content\/uploads\/2021\/04\/Logo-Naturella_2021_RVB-e1619530233334.png","contentUrl":"https:\/\/www.naturella.ch\/wp-content\/uploads\/2021\/04\/Logo-Naturella_2021_RVB-e1619530233334.png","width":340,"height":170,"caption":"Naturella Diffusion SA"},"image":{"@id":"https:\/\/www.naturella.ch\/de\/#\/schema\/logo\/image\/"},"sameAs":["https:\/\/www.facebook.com\/Naturella-Diffusion-102844258398231","https:\/\/www.instagram.com\/naturella_diffusion\/"],"hasMerchantReturnPolicy":{"@type":"MerchantReturnPolicy","merchantReturnLink":"https:\/\/www.naturella.ch\/remboursements_retours\/"}}]},"product_price_amount":"33.00","product_price_currency":"CHF","og_availability":"instock","product_availability":"instock","product_retailer_item_id":"5633","product_condition":"new"},"_links":{"self":[{"href":"https:\/\/www.naturella.ch\/de\/wp-json\/wp\/v2\/product\/857","targetHints":{"allow":["GET"]}}],"collection":[{"href":"https:\/\/www.naturella.ch\/de\/wp-json\/wp\/v2\/product"}],"about":[{"href":"https:\/\/www.naturella.ch\/de\/wp-json\/wp\/v2\/types\/product"}],"replies":[{"embeddable":true,"href":"https:\/\/www.naturella.ch\/de\/wp-json\/wp\/v2\/comments?post=857"}],"wp:featuredmedia":[{"embeddable":true,"href":"https:\/\/www.naturella.ch\/de\/wp-json\/wp\/v2\/media\/12099"}],"wp:attachment":[{"href":"https:\/\/www.naturella.ch\/de\/wp-json\/wp\/v2\/media?parent=857"}],"wp:term":[{"taxonomy":"product_brand","embeddable":true,"href":"https:\/\/www.naturella.ch\/de\/wp-json\/wp\/v2\/product_brand?post=857"},{"taxonomy":"product_cat","embeddable":true,"href":"https:\/\/www.naturella.ch\/de\/wp-json\/wp\/v2\/product_cat?post=857"},{"taxonomy":"product_tag","embeddable":true,"href":"https:\/\/www.naturella.ch\/de\/wp-json\/wp\/v2\/product_tag?post=857"}],"curies":[{"name":"wp","href":"https:\/\/api.w.org\/{rel}","templated":true}]}}