{"id":864,"date":"2019-03-27T00:11:16","date_gmt":"2019-03-26T23:11:16","guid":{"rendered":"https:\/\/www.naturella.chproduit\/borrestschol-bio\/"},"modified":"2025-03-17T15:12:20","modified_gmt":"2025-03-17T14:12:20","slug":"borretschol-bio","status":"publish","type":"product","link":"https:\/\/www.naturella.ch\/de\/produkt\/borretschol-bio\/","title":{"rendered":"Borretsch\u00f6l Bio"},"content":{"rendered":"<p>Die Alten nannten sie so, da ihre Qualit\u00e4ten so zahlreich sind! Aber urteilen Sie selbst\u2026<\/p>\n<p>Ein echtes Energiekonzentrat \u2014 das Bio-Borretsch\u00f6l enth\u00e4lt mehrere essentielle Fetts\u00e4uren, wovon eine, die Gamma-Linolens\u00e4ure. Diese essentielle Fetts\u00e4ure ist zwar f\u00fcr unser Wohlbefinden absolut notwendig, aber sie wird vom K\u00f6rper selbst nicht hergestellt. Da sie in unserer Ern\u00e4hrung praktisch nicht vorkommt, ist es am sinnvollsten, sie dem Organismus in Form einer Nahrungserg\u00e4nzung zuzuf\u00fchren.<\/p>\n<p>Da das Wirkungsfeld von Borretsch\u00f6l extrem breit gef\u00e4chert ist, kann man die Vorteile einer regelm\u00e4ssigen Anwendung dieses bemerkenswerten Produkts gar nicht genug betonen. Probieren Sie es f\u00fcr die ganze Familie aus!<\/p>\n<p>Als Freund Ihrer Sch\u00f6nheit unterst\u00fctzt sie die Feuchtigkeitsversorgung der Haut von innen und aus der Tiefe.<\/p>\n<p>Hervorragend geeignet, um die Jugend zu bewahren, ist sie ein echtes Vitalit\u00e4tskonzentrat f\u00fcr die ganze Familie.<\/p>\n<p>Die H\u00fclle der Kapseln ist ebenfalls bio-zertifiziert.<\/p>\n<p>Das Bio Borretsch\u00f6l wird auch in fl\u00fcssiger Form angeboten, d.h.:<\/p>\n<ul>\n<li>zur inneren Anwendung, entspricht es den Vegetariern und den Kindern, welche M\u00fche haben Kapseln zu schlucken, besser.<\/li>\n<li>\n<p id=\"tw-target-text\" class=\"tw-data-text tw-text-large tw-ta\" dir=\"ltr\" data-placeholder=\"Traduction\"><span class=\"Y2IQFc\" lang=\"de\">zur \u00e4usserlichen Anwendung, kann es auf Gesicht oder K\u00f6rper aufgetragen werden. Es wirkt schnell und effektiv f\u00fcr das Wohlbefinden der Haut, indem es ihr Geschmeidigkeit und Feuchtigkeit verleiht.<\/span><\/p>\n<\/li>\n<\/ul>\n","protected":false},"excerpt":{"rendered":"<h6>In Kapseln oder fl\u00fcssig<\/h6>\n<h3>Es kommt nicht von ungef\u00e4hr, dass die Vorfahren sie \u201edie Pflanze, die gl\u00fccklich macht\u201c nannten.<\/h3>\n<p>Die wohltuenden Wirkungen sind die gleichen wie die des \u00d6ls ohne Bio-Garantie. Sie entsprechen den Bed\u00fcrfnissen der Personen, welche Wert auf Bio-Produkte legen.<\/p>\n<p>Der aussergew\u00f6hnliche Wert des Borretsch\u00f6ls liegt vor allem in seinem Reichtum an Gamma-Linolens\u00e4ure, die die Sch\u00f6nheit f\u00f6rdert.<\/p>\n","protected":false},"featured_media":23716,"comment_status":"open","ping_status":"closed","template":"","meta":{"_acf_changed":false,"powered_cache_disable_cache":false,"powered_cache_disable_lazyload":false,"powered_cache_disable_css_optimization":false,"powered_cache_disable_js_optimization":false},"product_brand":[],"product_cat":[53,61,58,140,63],"product_tag":[],"class_list":{"0":"post-864","1":"product","2":"type-product","3":"status-publish","4":"has-post-thumbnail","6":"product_cat-fuer-sie-meine-damen","7":"product_cat-gesundheitsole","8":"product_cat-kosmetik-schonheit","9":"product_cat-sommer","10":"product_cat-winter","12":"first","13":"instock","14":"shipping-taxable","15":"purchasable","16":"product-type-variable"},"acf":[],"yoast_head":"<!-- This site is optimized with the Yoast SEO Premium plugin v26.9 (Yoast SEO v27.5) - https:\/\/yoast.com\/product\/yoast-seo-premium-wordpress\/ -->\n<title>Borretsch\u00f6l Bio | Schweiz | 100 Kps. oder 50 ml fl\u00fcssig - Naturella<\/title>\n<meta name=\"description\" content=\"Vorr\u00e4tig | Bio-Borretsch\u00f6l ist ein wahres Energiekonzentrat und enth\u00e4lt mehrere essentielle Fetts\u00e4uren, darunter Gamma-Linolens\u00e4ure.\" \/>\n<meta name=\"robots\" content=\"index, follow, max-snippet:-1, max-image-preview:large, max-video-preview:-1\" \/>\n<link rel=\"canonical\" href=\"https:\/\/www.naturella.ch\/de\/produkt\/borretschol-bio\/\" \/>\n<meta property=\"og:locale\" content=\"de_DE\" \/>\n<meta property=\"og:type\" content=\"article\" \/>\n<meta property=\"og:title\" content=\"Borretsch\u00f6l Bio\" \/>\n<meta property=\"og:description\" content=\"Vorr\u00e4tig | Bio-Borretsch\u00f6l ist ein wahres Energiekonzentrat und enth\u00e4lt mehrere essentielle Fetts\u00e4uren, darunter Gamma-Linolens\u00e4ure.\" \/>\n<meta property=\"og:url\" content=\"https:\/\/www.naturella.ch\/de\/produkt\/borretschol-bio\/\" \/>\n<meta property=\"og:site_name\" content=\"Naturella\" \/>\n<meta property=\"article:publisher\" content=\"https:\/\/www.facebook.com\/Naturella-Diffusion-102844258398231\" \/>\n<meta property=\"article:modified_time\" content=\"2025-03-17T14:12:20+00:00\" \/>\n<meta property=\"og:image\" content=\"https:\/\/www.naturella.ch\/wp-content\/uploads\/2019\/03\/bourrache_home.png\" \/>\n\t<meta property=\"og:image:width\" content=\"1020\" \/>\n\t<meta property=\"og:image:height\" content=\"1020\" \/>\n\t<meta property=\"og:image:type\" content=\"image\/png\" \/>\n<meta name=\"twitter:card\" content=\"summary_large_image\" \/>\n<meta name=\"twitter:label1\" content=\"Verf\u00fcgbarkeit\" \/>\n\t<meta name=\"twitter:data1\" content=\"Auf Lager\" \/>\n<script type=\"application\/ld+json\" class=\"yoast-schema-graph\">{\"@context\":\"https:\\\/\\\/schema.org\",\"@graph\":[{\"@type\":\"WebPage\",\"@id\":\"https:\\\/\\\/www.naturella.ch\\\/de\\\/produkt\\\/borretschol-bio\\\/\",\"url\":\"https:\\\/\\\/www.naturella.ch\\\/de\\\/produkt\\\/borretschol-bio\\\/\",\"name\":\"Borretsch\u00f6l Bio | Schweiz | 100 Kps. oder 50 ml fl\u00fcssig - Naturella\",\"isPartOf\":{\"@id\":\"https:\\\/\\\/www.naturella.ch\\\/de\\\/#website\"},\"primaryImageOfPage\":{\"@id\":\"https:\\\/\\\/www.naturella.ch\\\/de\\\/produkt\\\/borretschol-bio\\\/#primaryimage\"},\"image\":{\"@id\":\"https:\\\/\\\/www.naturella.ch\\\/de\\\/produkt\\\/borretschol-bio\\\/#primaryimage\"},\"thumbnailUrl\":\"https:\\\/\\\/www.naturella.ch\\\/wp-content\\\/uploads\\\/2019\\\/03\\\/Duo_BGBio-2.png\",\"datePublished\":\"2019-03-26T23:11:16+00:00\",\"dateModified\":\"2025-03-17T14:12:20+00:00\",\"description\":\"Vorr\u00e4tig | Bio-Borretsch\u00f6l ist ein wahres Energiekonzentrat und enth\u00e4lt mehrere essentielle Fetts\u00e4uren, darunter Gamma-Linolens\u00e4ure.\",\"breadcrumb\":{\"@id\":\"https:\\\/\\\/www.naturella.ch\\\/de\\\/produkt\\\/borretschol-bio\\\/#breadcrumb\"},\"inLanguage\":\"de\",\"potentialAction\":[{\"@type\":\"ReadAction\",\"target\":[\"https:\\\/\\\/www.naturella.ch\\\/de\\\/produkt\\\/borretschol-bio\\\/\"]}]},{\"@type\":\"ImageObject\",\"inLanguage\":\"de\",\"@id\":\"https:\\\/\\\/www.naturella.ch\\\/de\\\/produkt\\\/borretschol-bio\\\/#primaryimage\",\"url\":\"https:\\\/\\\/www.naturella.ch\\\/wp-content\\\/uploads\\\/2019\\\/03\\\/Duo_BGBio-2.png\",\"contentUrl\":\"https:\\\/\\\/www.naturella.ch\\\/wp-content\\\/uploads\\\/2019\\\/03\\\/Duo_BGBio-2.png\",\"width\":500,\"height\":500},{\"@type\":\"BreadcrumbList\",\"@id\":\"https:\\\/\\\/www.naturella.ch\\\/de\\\/produkt\\\/borretschol-bio\\\/#breadcrumb\",\"itemListElement\":[{\"@type\":\"ListItem\",\"position\":1,\"name\":\"Accueil\",\"item\":\"https:\\\/\\\/www.naturella.ch\\\/de\\\/\"},{\"@type\":\"ListItem\",\"position\":2,\"name\":\"Online-Shop\",\"item\":\"https:\\\/\\\/www.naturella.ch\\\/de\\\/online-shop\\\/\"},{\"@type\":\"ListItem\",\"position\":3,\"name\":\"Borretsch\u00f6l Bio\"}]},{\"@type\":\"WebSite\",\"@id\":\"https:\\\/\\\/www.naturella.ch\\\/de\\\/#website\",\"url\":\"https:\\\/\\\/www.naturella.ch\\\/de\\\/\",\"name\":\"Naturella\",\"description\":\"\",\"publisher\":{\"@id\":\"https:\\\/\\\/www.naturella.ch\\\/de\\\/#organization\"},\"potentialAction\":[{\"@type\":\"SearchAction\",\"target\":{\"@type\":\"EntryPoint\",\"urlTemplate\":\"https:\\\/\\\/www.naturella.ch\\\/de\\\/?s={search_term_string}\"},\"query-input\":{\"@type\":\"PropertyValueSpecification\",\"valueRequired\":true,\"valueName\":\"search_term_string\"}}],\"inLanguage\":\"de\"},{\"@type\":\"Organization\",\"@id\":\"https:\\\/\\\/www.naturella.ch\\\/de\\\/#organization\",\"name\":\"Naturella Diffusion SA\",\"url\":\"https:\\\/\\\/www.naturella.ch\\\/de\\\/\",\"logo\":{\"@type\":\"ImageObject\",\"inLanguage\":\"de\",\"@id\":\"https:\\\/\\\/www.naturella.ch\\\/de\\\/#\\\/schema\\\/logo\\\/image\\\/\",\"url\":\"https:\\\/\\\/www.naturella.ch\\\/wp-content\\\/uploads\\\/2021\\\/04\\\/Logo-Naturella_2021_RVB-e1619530233334.png\",\"contentUrl\":\"https:\\\/\\\/www.naturella.ch\\\/wp-content\\\/uploads\\\/2021\\\/04\\\/Logo-Naturella_2021_RVB-e1619530233334.png\",\"width\":340,\"height\":170,\"caption\":\"Naturella Diffusion SA\"},\"image\":{\"@id\":\"https:\\\/\\\/www.naturella.ch\\\/de\\\/#\\\/schema\\\/logo\\\/image\\\/\"},\"sameAs\":[\"https:\\\/\\\/www.facebook.com\\\/Naturella-Diffusion-102844258398231\",\"https:\\\/\\\/www.instagram.com\\\/naturella_diffusion\\\/\"],\"hasMerchantReturnPolicy\":{\"@type\":\"MerchantReturnPolicy\",\"merchantReturnLink\":\"https:\\\/\\\/www.naturella.ch\\\/remboursements_retours\\\/\"}}]}<\/script>\n<meta property=\"og:availability\" content=\"instock\" \/>\n<meta property=\"product:availability\" content=\"instock\" \/>\n<meta property=\"product:condition\" content=\"new\" \/>\n<!-- \/ Yoast SEO Premium plugin. -->","yoast_head_json":{"title":"Borretsch\u00f6l Bio | Schweiz | 100 Kps. oder 50 ml fl\u00fcssig - Naturella","description":"Vorr\u00e4tig | Bio-Borretsch\u00f6l ist ein wahres Energiekonzentrat und enth\u00e4lt mehrere essentielle Fetts\u00e4uren, darunter Gamma-Linolens\u00e4ure.","robots":{"index":"index","follow":"follow","max-snippet":"max-snippet:-1","max-image-preview":"max-image-preview:large","max-video-preview":"max-video-preview:-1"},"canonical":"https:\/\/www.naturella.ch\/de\/produkt\/borretschol-bio\/","og_locale":"de_DE","og_type":"article","og_title":"Borretsch\u00f6l Bio","og_description":"Vorr\u00e4tig | Bio-Borretsch\u00f6l ist ein wahres Energiekonzentrat und enth\u00e4lt mehrere essentielle Fetts\u00e4uren, darunter Gamma-Linolens\u00e4ure.","og_url":"https:\/\/www.naturella.ch\/de\/produkt\/borretschol-bio\/","og_site_name":"Naturella","article_publisher":"https:\/\/www.facebook.com\/Naturella-Diffusion-102844258398231","article_modified_time":"2025-03-17T14:12:20+00:00","og_image":[{"width":1020,"height":1020,"url":"https:\/\/www.naturella.ch\/wp-content\/uploads\/2019\/03\/bourrache_home.png","type":"image\/png"}],"twitter_card":"summary_large_image","twitter_misc":{"Verf\u00fcgbarkeit":"Auf Lager"},"schema":{"@context":"https:\/\/schema.org","@graph":[{"@type":"WebPage","@id":"https:\/\/www.naturella.ch\/de\/produkt\/borretschol-bio\/","url":"https:\/\/www.naturella.ch\/de\/produkt\/borretschol-bio\/","name":"Borretsch\u00f6l Bio | Schweiz | 100 Kps. oder 50 ml fl\u00fcssig - Naturella","isPartOf":{"@id":"https:\/\/www.naturella.ch\/de\/#website"},"primaryImageOfPage":{"@id":"https:\/\/www.naturella.ch\/de\/produkt\/borretschol-bio\/#primaryimage"},"image":{"@id":"https:\/\/www.naturella.ch\/de\/produkt\/borretschol-bio\/#primaryimage"},"thumbnailUrl":"https:\/\/www.naturella.ch\/wp-content\/uploads\/2019\/03\/Duo_BGBio-2.png","datePublished":"2019-03-26T23:11:16+00:00","dateModified":"2025-03-17T14:12:20+00:00","description":"Vorr\u00e4tig | Bio-Borretsch\u00f6l ist ein wahres Energiekonzentrat und enth\u00e4lt mehrere essentielle Fetts\u00e4uren, darunter Gamma-Linolens\u00e4ure.","breadcrumb":{"@id":"https:\/\/www.naturella.ch\/de\/produkt\/borretschol-bio\/#breadcrumb"},"inLanguage":"de","potentialAction":[{"@type":"ReadAction","target":["https:\/\/www.naturella.ch\/de\/produkt\/borretschol-bio\/"]}]},{"@type":"ImageObject","inLanguage":"de","@id":"https:\/\/www.naturella.ch\/de\/produkt\/borretschol-bio\/#primaryimage","url":"https:\/\/www.naturella.ch\/wp-content\/uploads\/2019\/03\/Duo_BGBio-2.png","contentUrl":"https:\/\/www.naturella.ch\/wp-content\/uploads\/2019\/03\/Duo_BGBio-2.png","width":500,"height":500},{"@type":"BreadcrumbList","@id":"https:\/\/www.naturella.ch\/de\/produkt\/borretschol-bio\/#breadcrumb","itemListElement":[{"@type":"ListItem","position":1,"name":"Accueil","item":"https:\/\/www.naturella.ch\/de\/"},{"@type":"ListItem","position":2,"name":"Online-Shop","item":"https:\/\/www.naturella.ch\/de\/online-shop\/"},{"@type":"ListItem","position":3,"name":"Borretsch\u00f6l Bio"}]},{"@type":"WebSite","@id":"https:\/\/www.naturella.ch\/de\/#website","url":"https:\/\/www.naturella.ch\/de\/","name":"Naturella","description":"","publisher":{"@id":"https:\/\/www.naturella.ch\/de\/#organization"},"potentialAction":[{"@type":"SearchAction","target":{"@type":"EntryPoint","urlTemplate":"https:\/\/www.naturella.ch\/de\/?s={search_term_string}"},"query-input":{"@type":"PropertyValueSpecification","valueRequired":true,"valueName":"search_term_string"}}],"inLanguage":"de"},{"@type":"Organization","@id":"https:\/\/www.naturella.ch\/de\/#organization","name":"Naturella Diffusion SA","url":"https:\/\/www.naturella.ch\/de\/","logo":{"@type":"ImageObject","inLanguage":"de","@id":"https:\/\/www.naturella.ch\/de\/#\/schema\/logo\/image\/","url":"https:\/\/www.naturella.ch\/wp-content\/uploads\/2021\/04\/Logo-Naturella_2021_RVB-e1619530233334.png","contentUrl":"https:\/\/www.naturella.ch\/wp-content\/uploads\/2021\/04\/Logo-Naturella_2021_RVB-e1619530233334.png","width":340,"height":170,"caption":"Naturella Diffusion SA"},"image":{"@id":"https:\/\/www.naturella.ch\/de\/#\/schema\/logo\/image\/"},"sameAs":["https:\/\/www.facebook.com\/Naturella-Diffusion-102844258398231","https:\/\/www.instagram.com\/naturella_diffusion\/"],"hasMerchantReturnPolicy":{"@type":"MerchantReturnPolicy","merchantReturnLink":"https:\/\/www.naturella.ch\/remboursements_retours\/"}}]},"og_availability":"instock","product_availability":"instock","product_condition":"new"},"_links":{"self":[{"href":"https:\/\/www.naturella.ch\/de\/wp-json\/wp\/v2\/product\/864","targetHints":{"allow":["GET"]}}],"collection":[{"href":"https:\/\/www.naturella.ch\/de\/wp-json\/wp\/v2\/product"}],"about":[{"href":"https:\/\/www.naturella.ch\/de\/wp-json\/wp\/v2\/types\/product"}],"replies":[{"embeddable":true,"href":"https:\/\/www.naturella.ch\/de\/wp-json\/wp\/v2\/comments?post=864"}],"wp:featuredmedia":[{"embeddable":true,"href":"https:\/\/www.naturella.ch\/de\/wp-json\/wp\/v2\/media\/23716"}],"wp:attachment":[{"href":"https:\/\/www.naturella.ch\/de\/wp-json\/wp\/v2\/media?parent=864"}],"wp:term":[{"taxonomy":"product_brand","embeddable":true,"href":"https:\/\/www.naturella.ch\/de\/wp-json\/wp\/v2\/product_brand?post=864"},{"taxonomy":"product_cat","embeddable":true,"href":"https:\/\/www.naturella.ch\/de\/wp-json\/wp\/v2\/product_cat?post=864"},{"taxonomy":"product_tag","embeddable":true,"href":"https:\/\/www.naturella.ch\/de\/wp-json\/wp\/v2\/product_tag?post=864"}],"curies":[{"name":"wp","href":"https:\/\/api.w.org\/{rel}","templated":true}]}}