{"id":868,"date":"2021-03-27T00:10:29","date_gmt":"2021-03-26T23:10:29","guid":{"rendered":"https:\/\/www.naturella.chproduit\/borrestchol\/"},"modified":"2025-11-30T14:25:44","modified_gmt":"2025-11-30T13:25:44","slug":"borretschol","status":"publish","type":"product","link":"https:\/\/www.naturella.ch\/de\/produkt\/borretschol\/","title":{"rendered":"Borretsch\u00f6l"},"content":{"rendered":"<p>Die Alten nannten sie so, da ihre Qualit\u00e4ten so zahlreich sind! Aber urteilen Sie selbst\u2026<\/p>\n<p>Ein echtes Energiekonzentrat \u2014 Borretsch\u00f6l enth\u00e4lt mehrere essentielle Fetts\u00e4uren, wovon eine, die gamma-Linolens\u00e4ure. Diese essentielle Fetts\u00e4ure ist zwar f\u00fcr unser Wohlbefinden absolut notwendig, aber sie wird vom K\u00f6rper selbst nicht hergestellt. Da sie in unserer Ern\u00e4hrung praktisch nicht vorkommt, ist es am sinnvollsten, sie dem Organismus in Form einer Nahrungserg\u00e4nzung zuzuf\u00fchren.<\/p>\n<p>Da das Wirkungsfeld von Borretsch\u00f6l extrem breit gef\u00e4chert ist, kann man die Vorteile einer regelm\u00e4ssigen Anwendung dieses bemerkenswerten Produkts gar nicht genug betonen. Probieren Sie es f\u00fcr die ganze Familie aus!<\/p>\n<p>Als Freund Ihrer Sch\u00f6nheit unterst\u00fctzt es den Feuchtigkeitsgehalt der Haut von innen heraus und in der Tiefe.<\/p>\n<p>Hervorragend geeignet, um die Jugend zu bewahren, ist sie ein wahres Vitalit\u00e4tskonzentrat f\u00fcr die ganze Familie.<\/p>\n<p>&nbsp;<\/p>\n<p>Finden Sie es auch in der <a href=\"https:\/\/www.naturella.ch\/de\/produkt\/borretschol-bio\/\">Bio-Version<\/a> !<\/p>\n","protected":false},"excerpt":{"rendered":"<h3>Es kommt nicht von ungef\u00e4hr, dass die Vorfahren sie \u201edie Pflanze, die gl\u00fccklich macht\u201c nannten.<\/h3>\n<p>Der aussergew\u00f6hnliche Nutzen des Borretsch\u00f6ls beruht haupts\u00e4chlich auf seinem Reichtum an gamma-Linolens\u00e4ure, die ein entscheidender Faktor f\u00fcr Sch\u00f6nheit ist.<\/p>\n","protected":false},"featured_media":9164,"comment_status":"open","ping_status":"closed","template":"","meta":{"_acf_changed":false,"powered_cache_disable_cache":false,"powered_cache_disable_lazyload":false,"powered_cache_disable_css_optimization":false,"powered_cache_disable_js_optimization":false},"product_brand":[],"product_cat":[53,61,140,63],"product_tag":[],"class_list":{"0":"post-868","1":"product","2":"type-product","3":"status-publish","4":"has-post-thumbnail","6":"product_cat-fuer-sie-meine-damen","7":"product_cat-gesundheitsole","8":"product_cat-sommer","9":"product_cat-winter","11":"first","12":"instock","13":"featured","14":"shipping-taxable","15":"purchasable","16":"product-type-variable","17":"has-default-attributes"},"acf":[],"yoast_head":"<!-- This site is optimized with the Yoast SEO Premium plugin v26.9 (Yoast SEO v27.4) - https:\/\/yoast.com\/product\/yoast-seo-premium-wordpress\/ -->\n<title>Borretsch\u00f6l | Schweiz | 100 Kps. bis 300 Kps. - Naturella Diffusion SA<\/title>\n<meta name=\"description\" content=\"Vorr\u00e4tig | Der aussergew\u00f6hnliche Wert des Borretsch\u00f6ls liegt vor allem in seinem Reichtum an Gamma-Linolens\u00e4ure.\" \/>\n<meta name=\"robots\" content=\"index, follow, max-snippet:-1, max-image-preview:large, max-video-preview:-1\" \/>\n<link rel=\"canonical\" href=\"https:\/\/www.naturella.ch\/de\/produkt\/borretschol\/\" \/>\n<meta property=\"og:locale\" content=\"de_DE\" \/>\n<meta property=\"og:type\" content=\"article\" \/>\n<meta property=\"og:title\" content=\"Borretsch\u00f6l\" \/>\n<meta property=\"og:description\" content=\"Vorr\u00e4tig | Der aussergew\u00f6hnliche Wert des Borretsch\u00f6ls liegt vor allem in seinem Reichtum an Gamma-Linolens\u00e4ure.\" \/>\n<meta property=\"og:url\" content=\"https:\/\/www.naturella.ch\/de\/produkt\/borretschol\/\" \/>\n<meta property=\"og:site_name\" content=\"Naturella\" \/>\n<meta property=\"article:publisher\" content=\"https:\/\/www.facebook.com\/Naturella-Diffusion-102844258398231\" \/>\n<meta property=\"article:modified_time\" content=\"2025-11-30T13:25:44+00:00\" \/>\n<meta property=\"og:image\" content=\"http:\/\/www.naturella.ch\/wp-content\/uploads\/2021\/03\/P.BOURRACHE.png\" \/>\n\t<meta property=\"og:image:width\" content=\"1020\" \/>\n\t<meta property=\"og:image:height\" content=\"1020\" \/>\n\t<meta property=\"og:image:type\" content=\"image\/png\" \/>\n<meta name=\"twitter:card\" content=\"summary_large_image\" \/>\n<meta name=\"twitter:label1\" content=\"Verf\u00fcgbarkeit\" \/>\n\t<meta name=\"twitter:data1\" content=\"Auf Lager\" \/>\n<script type=\"application\/ld+json\" class=\"yoast-schema-graph\">{\"@context\":\"https:\\\/\\\/schema.org\",\"@graph\":[{\"@type\":\"WebPage\",\"@id\":\"https:\\\/\\\/www.naturella.ch\\\/de\\\/produkt\\\/borretschol\\\/\",\"url\":\"https:\\\/\\\/www.naturella.ch\\\/de\\\/produkt\\\/borretschol\\\/\",\"name\":\"Borretsch\u00f6l | Schweiz | 100 Kps. bis 300 Kps. - Naturella Diffusion SA\",\"isPartOf\":{\"@id\":\"https:\\\/\\\/www.naturella.ch\\\/de\\\/#website\"},\"primaryImageOfPage\":{\"@id\":\"https:\\\/\\\/www.naturella.ch\\\/de\\\/produkt\\\/borretschol\\\/#primaryimage\"},\"image\":{\"@id\":\"https:\\\/\\\/www.naturella.ch\\\/de\\\/produkt\\\/borretschol\\\/#primaryimage\"},\"thumbnailUrl\":\"https:\\\/\\\/www.naturella.ch\\\/wp-content\\\/uploads\\\/2021\\\/03\\\/P.BOURRACHE.png\",\"datePublished\":\"2021-03-26T23:10:29+00:00\",\"dateModified\":\"2025-11-30T13:25:44+00:00\",\"description\":\"Vorr\u00e4tig | Der aussergew\u00f6hnliche Wert des Borretsch\u00f6ls liegt vor allem in seinem Reichtum an Gamma-Linolens\u00e4ure.\",\"breadcrumb\":{\"@id\":\"https:\\\/\\\/www.naturella.ch\\\/de\\\/produkt\\\/borretschol\\\/#breadcrumb\"},\"inLanguage\":\"de\",\"potentialAction\":[{\"@type\":\"ReadAction\",\"target\":[\"https:\\\/\\\/www.naturella.ch\\\/de\\\/produkt\\\/borretschol\\\/\"]}]},{\"@type\":\"ImageObject\",\"inLanguage\":\"de\",\"@id\":\"https:\\\/\\\/www.naturella.ch\\\/de\\\/produkt\\\/borretschol\\\/#primaryimage\",\"url\":\"https:\\\/\\\/www.naturella.ch\\\/wp-content\\\/uploads\\\/2021\\\/03\\\/P.BOURRACHE.png\",\"contentUrl\":\"https:\\\/\\\/www.naturella.ch\\\/wp-content\\\/uploads\\\/2021\\\/03\\\/P.BOURRACHE.png\",\"width\":1020,\"height\":1020,\"caption\":\"Huile de bourrache\"},{\"@type\":\"BreadcrumbList\",\"@id\":\"https:\\\/\\\/www.naturella.ch\\\/de\\\/produkt\\\/borretschol\\\/#breadcrumb\",\"itemListElement\":[{\"@type\":\"ListItem\",\"position\":1,\"name\":\"Accueil\",\"item\":\"https:\\\/\\\/www.naturella.ch\\\/de\\\/\"},{\"@type\":\"ListItem\",\"position\":2,\"name\":\"Online-Shop\",\"item\":\"https:\\\/\\\/www.naturella.ch\\\/de\\\/online-shop\\\/\"},{\"@type\":\"ListItem\",\"position\":3,\"name\":\"Borretsch\u00f6l\"}]},{\"@type\":\"WebSite\",\"@id\":\"https:\\\/\\\/www.naturella.ch\\\/de\\\/#website\",\"url\":\"https:\\\/\\\/www.naturella.ch\\\/de\\\/\",\"name\":\"Naturella\",\"description\":\"\",\"publisher\":{\"@id\":\"https:\\\/\\\/www.naturella.ch\\\/de\\\/#organization\"},\"potentialAction\":[{\"@type\":\"SearchAction\",\"target\":{\"@type\":\"EntryPoint\",\"urlTemplate\":\"https:\\\/\\\/www.naturella.ch\\\/de\\\/?s={search_term_string}\"},\"query-input\":{\"@type\":\"PropertyValueSpecification\",\"valueRequired\":true,\"valueName\":\"search_term_string\"}}],\"inLanguage\":\"de\"},{\"@type\":\"Organization\",\"@id\":\"https:\\\/\\\/www.naturella.ch\\\/de\\\/#organization\",\"name\":\"Naturella Diffusion SA\",\"url\":\"https:\\\/\\\/www.naturella.ch\\\/de\\\/\",\"logo\":{\"@type\":\"ImageObject\",\"inLanguage\":\"de\",\"@id\":\"https:\\\/\\\/www.naturella.ch\\\/de\\\/#\\\/schema\\\/logo\\\/image\\\/\",\"url\":\"https:\\\/\\\/www.naturella.ch\\\/wp-content\\\/uploads\\\/2021\\\/04\\\/Logo-Naturella_2021_RVB-e1619530233334.png\",\"contentUrl\":\"https:\\\/\\\/www.naturella.ch\\\/wp-content\\\/uploads\\\/2021\\\/04\\\/Logo-Naturella_2021_RVB-e1619530233334.png\",\"width\":340,\"height\":170,\"caption\":\"Naturella Diffusion SA\"},\"image\":{\"@id\":\"https:\\\/\\\/www.naturella.ch\\\/de\\\/#\\\/schema\\\/logo\\\/image\\\/\"},\"sameAs\":[\"https:\\\/\\\/www.facebook.com\\\/Naturella-Diffusion-102844258398231\",\"https:\\\/\\\/www.instagram.com\\\/naturella_diffusion\\\/\"],\"hasMerchantReturnPolicy\":{\"@type\":\"MerchantReturnPolicy\",\"merchantReturnLink\":\"https:\\\/\\\/www.naturella.ch\\\/remboursements_retours\\\/\"}}]}<\/script>\n<meta property=\"product:brand\" content=\"Naturella Diffusion SA\" \/>\n<meta property=\"og:availability\" content=\"instock\" \/>\n<meta property=\"product:availability\" content=\"instock\" \/>\n<meta property=\"product:condition\" content=\"new\" \/>\n<!-- \/ Yoast SEO Premium plugin. -->","yoast_head_json":{"title":"Borretsch\u00f6l | Schweiz | 100 Kps. bis 300 Kps. - Naturella Diffusion SA","description":"Vorr\u00e4tig | Der aussergew\u00f6hnliche Wert des Borretsch\u00f6ls liegt vor allem in seinem Reichtum an Gamma-Linolens\u00e4ure.","robots":{"index":"index","follow":"follow","max-snippet":"max-snippet:-1","max-image-preview":"max-image-preview:large","max-video-preview":"max-video-preview:-1"},"canonical":"https:\/\/www.naturella.ch\/de\/produkt\/borretschol\/","og_locale":"de_DE","og_type":"article","og_title":"Borretsch\u00f6l","og_description":"Vorr\u00e4tig | Der aussergew\u00f6hnliche Wert des Borretsch\u00f6ls liegt vor allem in seinem Reichtum an Gamma-Linolens\u00e4ure.","og_url":"https:\/\/www.naturella.ch\/de\/produkt\/borretschol\/","og_site_name":"Naturella","article_publisher":"https:\/\/www.facebook.com\/Naturella-Diffusion-102844258398231","article_modified_time":"2025-11-30T13:25:44+00:00","og_image":[{"width":1020,"height":1020,"url":"http:\/\/www.naturella.ch\/wp-content\/uploads\/2021\/03\/P.BOURRACHE.png","type":"image\/png"}],"twitter_card":"summary_large_image","twitter_misc":{"Verf\u00fcgbarkeit":"Auf Lager"},"schema":{"@context":"https:\/\/schema.org","@graph":[{"@type":"WebPage","@id":"https:\/\/www.naturella.ch\/de\/produkt\/borretschol\/","url":"https:\/\/www.naturella.ch\/de\/produkt\/borretschol\/","name":"Borretsch\u00f6l | Schweiz | 100 Kps. bis 300 Kps. - Naturella Diffusion SA","isPartOf":{"@id":"https:\/\/www.naturella.ch\/de\/#website"},"primaryImageOfPage":{"@id":"https:\/\/www.naturella.ch\/de\/produkt\/borretschol\/#primaryimage"},"image":{"@id":"https:\/\/www.naturella.ch\/de\/produkt\/borretschol\/#primaryimage"},"thumbnailUrl":"https:\/\/www.naturella.ch\/wp-content\/uploads\/2021\/03\/P.BOURRACHE.png","datePublished":"2021-03-26T23:10:29+00:00","dateModified":"2025-11-30T13:25:44+00:00","description":"Vorr\u00e4tig | Der aussergew\u00f6hnliche Wert des Borretsch\u00f6ls liegt vor allem in seinem Reichtum an Gamma-Linolens\u00e4ure.","breadcrumb":{"@id":"https:\/\/www.naturella.ch\/de\/produkt\/borretschol\/#breadcrumb"},"inLanguage":"de","potentialAction":[{"@type":"ReadAction","target":["https:\/\/www.naturella.ch\/de\/produkt\/borretschol\/"]}]},{"@type":"ImageObject","inLanguage":"de","@id":"https:\/\/www.naturella.ch\/de\/produkt\/borretschol\/#primaryimage","url":"https:\/\/www.naturella.ch\/wp-content\/uploads\/2021\/03\/P.BOURRACHE.png","contentUrl":"https:\/\/www.naturella.ch\/wp-content\/uploads\/2021\/03\/P.BOURRACHE.png","width":1020,"height":1020,"caption":"Huile de bourrache"},{"@type":"BreadcrumbList","@id":"https:\/\/www.naturella.ch\/de\/produkt\/borretschol\/#breadcrumb","itemListElement":[{"@type":"ListItem","position":1,"name":"Accueil","item":"https:\/\/www.naturella.ch\/de\/"},{"@type":"ListItem","position":2,"name":"Online-Shop","item":"https:\/\/www.naturella.ch\/de\/online-shop\/"},{"@type":"ListItem","position":3,"name":"Borretsch\u00f6l"}]},{"@type":"WebSite","@id":"https:\/\/www.naturella.ch\/de\/#website","url":"https:\/\/www.naturella.ch\/de\/","name":"Naturella","description":"","publisher":{"@id":"https:\/\/www.naturella.ch\/de\/#organization"},"potentialAction":[{"@type":"SearchAction","target":{"@type":"EntryPoint","urlTemplate":"https:\/\/www.naturella.ch\/de\/?s={search_term_string}"},"query-input":{"@type":"PropertyValueSpecification","valueRequired":true,"valueName":"search_term_string"}}],"inLanguage":"de"},{"@type":"Organization","@id":"https:\/\/www.naturella.ch\/de\/#organization","name":"Naturella Diffusion SA","url":"https:\/\/www.naturella.ch\/de\/","logo":{"@type":"ImageObject","inLanguage":"de","@id":"https:\/\/www.naturella.ch\/de\/#\/schema\/logo\/image\/","url":"https:\/\/www.naturella.ch\/wp-content\/uploads\/2021\/04\/Logo-Naturella_2021_RVB-e1619530233334.png","contentUrl":"https:\/\/www.naturella.ch\/wp-content\/uploads\/2021\/04\/Logo-Naturella_2021_RVB-e1619530233334.png","width":340,"height":170,"caption":"Naturella Diffusion SA"},"image":{"@id":"https:\/\/www.naturella.ch\/de\/#\/schema\/logo\/image\/"},"sameAs":["https:\/\/www.facebook.com\/Naturella-Diffusion-102844258398231","https:\/\/www.instagram.com\/naturella_diffusion\/"],"hasMerchantReturnPolicy":{"@type":"MerchantReturnPolicy","merchantReturnLink":"https:\/\/www.naturella.ch\/remboursements_retours\/"}}]},"product_brand":"Naturella Diffusion SA","og_availability":"instock","product_availability":"instock","product_condition":"new"},"_links":{"self":[{"href":"https:\/\/www.naturella.ch\/de\/wp-json\/wp\/v2\/product\/868","targetHints":{"allow":["GET"]}}],"collection":[{"href":"https:\/\/www.naturella.ch\/de\/wp-json\/wp\/v2\/product"}],"about":[{"href":"https:\/\/www.naturella.ch\/de\/wp-json\/wp\/v2\/types\/product"}],"replies":[{"embeddable":true,"href":"https:\/\/www.naturella.ch\/de\/wp-json\/wp\/v2\/comments?post=868"}],"wp:featuredmedia":[{"embeddable":true,"href":"https:\/\/www.naturella.ch\/de\/wp-json\/wp\/v2\/media\/9164"}],"wp:attachment":[{"href":"https:\/\/www.naturella.ch\/de\/wp-json\/wp\/v2\/media?parent=868"}],"wp:term":[{"taxonomy":"product_brand","embeddable":true,"href":"https:\/\/www.naturella.ch\/de\/wp-json\/wp\/v2\/product_brand?post=868"},{"taxonomy":"product_cat","embeddable":true,"href":"https:\/\/www.naturella.ch\/de\/wp-json\/wp\/v2\/product_cat?post=868"},{"taxonomy":"product_tag","embeddable":true,"href":"https:\/\/www.naturella.ch\/de\/wp-json\/wp\/v2\/product_tag?post=868"}],"curies":[{"name":"wp","href":"https:\/\/api.w.org\/{rel}","templated":true}]}}