{"id":875,"date":"2019-03-27T10:46:53","date_gmt":"2019-03-27T09:46:53","guid":{"rendered":"https:\/\/www.naturella.chproduit\/weizenkernol\/"},"modified":"2024-09-06T16:00:30","modified_gmt":"2024-09-06T14:00:30","slug":"weizenkernol","status":"publish","type":"product","link":"https:\/\/www.naturella.ch\/de\/produkt\/weizenkernol\/","title":{"rendered":"Weizenkeim\u00f6l"},"content":{"rendered":"<p>Mutter Natur hat alles vorbereitet &#8230; <strong>Weizenkeim\u00f6l<\/strong> ist vor allem reich an Vitamin E, einem Stoff, der dazu beitr\u00e4gt, die Zellen vor oxidativem Stress zu sch\u00fctzen, und wirkt als wertvolle Unterst\u00fctzung f\u00fcr unseren Organismus.<\/p>\n<p><strong>Weizenkeime<\/strong> enthalten unter anderem auch Vitamin A, Vitamine der B-Gruppe, Mineralsalze und Spurenelemente.<\/p>\n<p><strong>Weizenkeim\u00f6l<\/strong> ist eine der besten Quellen f\u00fcr Vitamin E, die Sie finden k\u00f6nnen !<\/p>\n<p>Setzen Sie es regelm\u00e4ssig auf Ihren Speiseplan, um Ihren K\u00f6rper mit vielen guten Vitaminen zu versorgen !<\/p>\n","protected":false},"excerpt":{"rendered":"<h3>Doppeltes Ziel : sch\u00fctzen und n\u00e4hren !<\/h3>\n<p>Weizenkeim\u00f6l ist ein bemerkenswertes nat\u00fcrliches Antioxidans, tanken Sie Vitamin E !<\/p>\n","protected":false},"featured_media":9157,"comment_status":"open","ping_status":"closed","template":"","meta":{"_acf_changed":false,"powered_cache_disable_cache":false,"powered_cache_disable_lazyload":false,"powered_cache_disable_css_optimization":false,"powered_cache_disable_js_optimization":false},"product_brand":[],"product_cat":[61,71],"product_tag":[],"class_list":{"0":"post-875","1":"product","2":"type-product","3":"status-publish","4":"has-post-thumbnail","6":"product_cat-gesundheitsole","7":"product_cat-trotzen-sie-der-zeit","9":"first","10":"instock","11":"shipping-taxable","12":"purchasable","13":"product-type-simple"},"acf":[],"yoast_head":"<!-- This site is optimized with the Yoast SEO Premium plugin v26.9 (Yoast SEO v27.5) - https:\/\/yoast.com\/product\/yoast-seo-premium-wordpress\/ -->\n<title>Weizenkeim\u00f6l | Schweiz | 100 Kapseln - Naturella Diffusion SA<\/title>\n<meta name=\"description\" content=\"Vorr\u00e4tig | Doppeltes Ziel : sch\u00fctzen und n\u00e4hren ! Tanken Sie Vitamin E mit unserem Weizenkeim\u00f6l.\" \/>\n<meta name=\"robots\" content=\"index, follow, max-snippet:-1, max-image-preview:large, max-video-preview:-1\" \/>\n<link rel=\"canonical\" href=\"https:\/\/www.naturella.ch\/de\/produkt\/weizenkernol\/\" \/>\n<meta property=\"og:locale\" content=\"de_DE\" \/>\n<meta property=\"og:type\" content=\"article\" \/>\n<meta property=\"og:title\" content=\"Weizenkeim\u00f6l\" \/>\n<meta property=\"og:description\" content=\"Vorr\u00e4tig | Doppeltes Ziel : sch\u00fctzen und n\u00e4hren ! Tanken Sie Vitamin E mit unserem Weizenkeim\u00f6l.\" \/>\n<meta property=\"og:url\" content=\"https:\/\/www.naturella.ch\/de\/produkt\/weizenkernol\/\" \/>\n<meta property=\"og:site_name\" content=\"Naturella\" \/>\n<meta property=\"article:publisher\" content=\"https:\/\/www.facebook.com\/Naturella-Diffusion-102844258398231\" \/>\n<meta property=\"article:modified_time\" content=\"2024-09-06T14:00:30+00:00\" \/>\n<meta property=\"og:image\" content=\"http:\/\/www.naturella.ch\/wp-content\/uploads\/2019\/03\/P.HUILE-GERME-DE-BLE.png\" \/>\n\t<meta property=\"og:image:width\" content=\"1020\" \/>\n\t<meta property=\"og:image:height\" content=\"1020\" \/>\n\t<meta property=\"og:image:type\" content=\"image\/png\" \/>\n<meta name=\"twitter:card\" content=\"summary_large_image\" \/>\n<meta name=\"twitter:label1\" content=\"Preis\" \/>\n\t<meta name=\"twitter:data1\" content=\"&#067;&#072;&#070;&nbsp;25.00\" \/>\n\t<meta name=\"twitter:label2\" content=\"Verf\u00fcgbarkeit\" \/>\n\t<meta name=\"twitter:data2\" content=\"Auf Lager\" \/>\n<script type=\"application\/ld+json\" class=\"yoast-schema-graph\">{\"@context\":\"https:\\\/\\\/schema.org\",\"@graph\":[{\"@type\":\"WebPage\",\"@id\":\"https:\\\/\\\/www.naturella.ch\\\/de\\\/produkt\\\/weizenkernol\\\/\",\"url\":\"https:\\\/\\\/www.naturella.ch\\\/de\\\/produkt\\\/weizenkernol\\\/\",\"name\":\"Weizenkeim\u00f6l | Schweiz | 100 Kapseln - Naturella Diffusion SA\",\"isPartOf\":{\"@id\":\"https:\\\/\\\/www.naturella.ch\\\/de\\\/#website\"},\"primaryImageOfPage\":{\"@id\":\"https:\\\/\\\/www.naturella.ch\\\/de\\\/produkt\\\/weizenkernol\\\/#primaryimage\"},\"image\":{\"@id\":\"https:\\\/\\\/www.naturella.ch\\\/de\\\/produkt\\\/weizenkernol\\\/#primaryimage\"},\"thumbnailUrl\":\"https:\\\/\\\/www.naturella.ch\\\/wp-content\\\/uploads\\\/2019\\\/03\\\/P.HUILE-GERME-DE-BLE.png\",\"datePublished\":\"2019-03-27T09:46:53+00:00\",\"dateModified\":\"2024-09-06T14:00:30+00:00\",\"description\":\"Vorr\u00e4tig | Doppeltes Ziel : sch\u00fctzen und n\u00e4hren ! Tanken Sie Vitamin E mit unserem Weizenkeim\u00f6l.\",\"breadcrumb\":{\"@id\":\"https:\\\/\\\/www.naturella.ch\\\/de\\\/produkt\\\/weizenkernol\\\/#breadcrumb\"},\"inLanguage\":\"de\",\"potentialAction\":[{\"@type\":\"ReadAction\",\"target\":[\"https:\\\/\\\/www.naturella.ch\\\/de\\\/produkt\\\/weizenkernol\\\/\"]}]},{\"@type\":\"ImageObject\",\"inLanguage\":\"de\",\"@id\":\"https:\\\/\\\/www.naturella.ch\\\/de\\\/produkt\\\/weizenkernol\\\/#primaryimage\",\"url\":\"https:\\\/\\\/www.naturella.ch\\\/wp-content\\\/uploads\\\/2019\\\/03\\\/P.HUILE-GERME-DE-BLE.png\",\"contentUrl\":\"https:\\\/\\\/www.naturella.ch\\\/wp-content\\\/uploads\\\/2019\\\/03\\\/P.HUILE-GERME-DE-BLE.png\",\"width\":1020,\"height\":1020,\"caption\":\"Huile de germe de bl\u00e9\"},{\"@type\":\"BreadcrumbList\",\"@id\":\"https:\\\/\\\/www.naturella.ch\\\/de\\\/produkt\\\/weizenkernol\\\/#breadcrumb\",\"itemListElement\":[{\"@type\":\"ListItem\",\"position\":1,\"name\":\"Accueil\",\"item\":\"https:\\\/\\\/www.naturella.ch\\\/de\\\/\"},{\"@type\":\"ListItem\",\"position\":2,\"name\":\"Online-Shop\",\"item\":\"https:\\\/\\\/www.naturella.ch\\\/de\\\/online-shop\\\/\"},{\"@type\":\"ListItem\",\"position\":3,\"name\":\"Weizenkeim\u00f6l\"}]},{\"@type\":\"WebSite\",\"@id\":\"https:\\\/\\\/www.naturella.ch\\\/de\\\/#website\",\"url\":\"https:\\\/\\\/www.naturella.ch\\\/de\\\/\",\"name\":\"Naturella\",\"description\":\"\",\"publisher\":{\"@id\":\"https:\\\/\\\/www.naturella.ch\\\/de\\\/#organization\"},\"potentialAction\":[{\"@type\":\"SearchAction\",\"target\":{\"@type\":\"EntryPoint\",\"urlTemplate\":\"https:\\\/\\\/www.naturella.ch\\\/de\\\/?s={search_term_string}\"},\"query-input\":{\"@type\":\"PropertyValueSpecification\",\"valueRequired\":true,\"valueName\":\"search_term_string\"}}],\"inLanguage\":\"de\"},{\"@type\":\"Organization\",\"@id\":\"https:\\\/\\\/www.naturella.ch\\\/de\\\/#organization\",\"name\":\"Naturella Diffusion SA\",\"url\":\"https:\\\/\\\/www.naturella.ch\\\/de\\\/\",\"logo\":{\"@type\":\"ImageObject\",\"inLanguage\":\"de\",\"@id\":\"https:\\\/\\\/www.naturella.ch\\\/de\\\/#\\\/schema\\\/logo\\\/image\\\/\",\"url\":\"https:\\\/\\\/www.naturella.ch\\\/wp-content\\\/uploads\\\/2021\\\/04\\\/Logo-Naturella_2021_RVB-e1619530233334.png\",\"contentUrl\":\"https:\\\/\\\/www.naturella.ch\\\/wp-content\\\/uploads\\\/2021\\\/04\\\/Logo-Naturella_2021_RVB-e1619530233334.png\",\"width\":340,\"height\":170,\"caption\":\"Naturella Diffusion SA\"},\"image\":{\"@id\":\"https:\\\/\\\/www.naturella.ch\\\/de\\\/#\\\/schema\\\/logo\\\/image\\\/\"},\"sameAs\":[\"https:\\\/\\\/www.facebook.com\\\/Naturella-Diffusion-102844258398231\",\"https:\\\/\\\/www.instagram.com\\\/naturella_diffusion\\\/\"],\"hasMerchantReturnPolicy\":{\"@type\":\"MerchantReturnPolicy\",\"merchantReturnLink\":\"https:\\\/\\\/www.naturella.ch\\\/remboursements_retours\\\/\"}}]}<\/script>\n<meta property=\"product:price:amount\" content=\"25.00\" \/>\n<meta property=\"product:price:currency\" content=\"CHF\" \/>\n<meta property=\"og:availability\" content=\"instock\" \/>\n<meta property=\"product:availability\" content=\"instock\" \/>\n<meta property=\"product:retailer_item_id\" content=\"4080\" \/>\n<meta property=\"product:condition\" content=\"new\" \/>\n<!-- \/ Yoast SEO Premium plugin. -->","yoast_head_json":{"title":"Weizenkeim\u00f6l | Schweiz | 100 Kapseln - Naturella Diffusion SA","description":"Vorr\u00e4tig | Doppeltes Ziel : sch\u00fctzen und n\u00e4hren ! Tanken Sie Vitamin E mit unserem Weizenkeim\u00f6l.","robots":{"index":"index","follow":"follow","max-snippet":"max-snippet:-1","max-image-preview":"max-image-preview:large","max-video-preview":"max-video-preview:-1"},"canonical":"https:\/\/www.naturella.ch\/de\/produkt\/weizenkernol\/","og_locale":"de_DE","og_type":"article","og_title":"Weizenkeim\u00f6l","og_description":"Vorr\u00e4tig | Doppeltes Ziel : sch\u00fctzen und n\u00e4hren ! Tanken Sie Vitamin E mit unserem Weizenkeim\u00f6l.","og_url":"https:\/\/www.naturella.ch\/de\/produkt\/weizenkernol\/","og_site_name":"Naturella","article_publisher":"https:\/\/www.facebook.com\/Naturella-Diffusion-102844258398231","article_modified_time":"2024-09-06T14:00:30+00:00","og_image":[{"width":1020,"height":1020,"url":"http:\/\/www.naturella.ch\/wp-content\/uploads\/2019\/03\/P.HUILE-GERME-DE-BLE.png","type":"image\/png"}],"twitter_card":"summary_large_image","twitter_misc":{"Preis":"&#67;&#72;&#70;&nbsp;25.00","Verf\u00fcgbarkeit":"Auf Lager"},"schema":{"@context":"https:\/\/schema.org","@graph":[{"@type":"WebPage","@id":"https:\/\/www.naturella.ch\/de\/produkt\/weizenkernol\/","url":"https:\/\/www.naturella.ch\/de\/produkt\/weizenkernol\/","name":"Weizenkeim\u00f6l | Schweiz | 100 Kapseln - Naturella Diffusion SA","isPartOf":{"@id":"https:\/\/www.naturella.ch\/de\/#website"},"primaryImageOfPage":{"@id":"https:\/\/www.naturella.ch\/de\/produkt\/weizenkernol\/#primaryimage"},"image":{"@id":"https:\/\/www.naturella.ch\/de\/produkt\/weizenkernol\/#primaryimage"},"thumbnailUrl":"https:\/\/www.naturella.ch\/wp-content\/uploads\/2019\/03\/P.HUILE-GERME-DE-BLE.png","datePublished":"2019-03-27T09:46:53+00:00","dateModified":"2024-09-06T14:00:30+00:00","description":"Vorr\u00e4tig | Doppeltes Ziel : sch\u00fctzen und n\u00e4hren ! Tanken Sie Vitamin E mit unserem Weizenkeim\u00f6l.","breadcrumb":{"@id":"https:\/\/www.naturella.ch\/de\/produkt\/weizenkernol\/#breadcrumb"},"inLanguage":"de","potentialAction":[{"@type":"ReadAction","target":["https:\/\/www.naturella.ch\/de\/produkt\/weizenkernol\/"]}]},{"@type":"ImageObject","inLanguage":"de","@id":"https:\/\/www.naturella.ch\/de\/produkt\/weizenkernol\/#primaryimage","url":"https:\/\/www.naturella.ch\/wp-content\/uploads\/2019\/03\/P.HUILE-GERME-DE-BLE.png","contentUrl":"https:\/\/www.naturella.ch\/wp-content\/uploads\/2019\/03\/P.HUILE-GERME-DE-BLE.png","width":1020,"height":1020,"caption":"Huile de germe de bl\u00e9"},{"@type":"BreadcrumbList","@id":"https:\/\/www.naturella.ch\/de\/produkt\/weizenkernol\/#breadcrumb","itemListElement":[{"@type":"ListItem","position":1,"name":"Accueil","item":"https:\/\/www.naturella.ch\/de\/"},{"@type":"ListItem","position":2,"name":"Online-Shop","item":"https:\/\/www.naturella.ch\/de\/online-shop\/"},{"@type":"ListItem","position":3,"name":"Weizenkeim\u00f6l"}]},{"@type":"WebSite","@id":"https:\/\/www.naturella.ch\/de\/#website","url":"https:\/\/www.naturella.ch\/de\/","name":"Naturella","description":"","publisher":{"@id":"https:\/\/www.naturella.ch\/de\/#organization"},"potentialAction":[{"@type":"SearchAction","target":{"@type":"EntryPoint","urlTemplate":"https:\/\/www.naturella.ch\/de\/?s={search_term_string}"},"query-input":{"@type":"PropertyValueSpecification","valueRequired":true,"valueName":"search_term_string"}}],"inLanguage":"de"},{"@type":"Organization","@id":"https:\/\/www.naturella.ch\/de\/#organization","name":"Naturella Diffusion SA","url":"https:\/\/www.naturella.ch\/de\/","logo":{"@type":"ImageObject","inLanguage":"de","@id":"https:\/\/www.naturella.ch\/de\/#\/schema\/logo\/image\/","url":"https:\/\/www.naturella.ch\/wp-content\/uploads\/2021\/04\/Logo-Naturella_2021_RVB-e1619530233334.png","contentUrl":"https:\/\/www.naturella.ch\/wp-content\/uploads\/2021\/04\/Logo-Naturella_2021_RVB-e1619530233334.png","width":340,"height":170,"caption":"Naturella Diffusion SA"},"image":{"@id":"https:\/\/www.naturella.ch\/de\/#\/schema\/logo\/image\/"},"sameAs":["https:\/\/www.facebook.com\/Naturella-Diffusion-102844258398231","https:\/\/www.instagram.com\/naturella_diffusion\/"],"hasMerchantReturnPolicy":{"@type":"MerchantReturnPolicy","merchantReturnLink":"https:\/\/www.naturella.ch\/remboursements_retours\/"}}]},"product_price_amount":"25.00","product_price_currency":"CHF","og_availability":"instock","product_availability":"instock","product_retailer_item_id":"4080","product_condition":"new"},"_links":{"self":[{"href":"https:\/\/www.naturella.ch\/de\/wp-json\/wp\/v2\/product\/875","targetHints":{"allow":["GET"]}}],"collection":[{"href":"https:\/\/www.naturella.ch\/de\/wp-json\/wp\/v2\/product"}],"about":[{"href":"https:\/\/www.naturella.ch\/de\/wp-json\/wp\/v2\/types\/product"}],"replies":[{"embeddable":true,"href":"https:\/\/www.naturella.ch\/de\/wp-json\/wp\/v2\/comments?post=875"}],"wp:featuredmedia":[{"embeddable":true,"href":"https:\/\/www.naturella.ch\/de\/wp-json\/wp\/v2\/media\/9157"}],"wp:attachment":[{"href":"https:\/\/www.naturella.ch\/de\/wp-json\/wp\/v2\/media?parent=875"}],"wp:term":[{"taxonomy":"product_brand","embeddable":true,"href":"https:\/\/www.naturella.ch\/de\/wp-json\/wp\/v2\/product_brand?post=875"},{"taxonomy":"product_cat","embeddable":true,"href":"https:\/\/www.naturella.ch\/de\/wp-json\/wp\/v2\/product_cat?post=875"},{"taxonomy":"product_tag","embeddable":true,"href":"https:\/\/www.naturella.ch\/de\/wp-json\/wp\/v2\/product_tag?post=875"}],"curies":[{"name":"wp","href":"https:\/\/api.w.org\/{rel}","templated":true}]}}