{"id":881,"date":"2019-03-27T11:31:29","date_gmt":"2019-03-27T10:31:29","guid":{"rendered":"https:\/\/www.naturella.chproduit\/nachtkerzenol-2\/"},"modified":"2024-09-06T15:49:58","modified_gmt":"2024-09-06T13:49:58","slug":"nachtkerzenol-2","status":"publish","type":"product","link":"https:\/\/www.naturella.ch\/de\/produkt\/nachtkerzenol-2\/","title":{"rendered":"Nachtkerzen\u00f6l Bio"},"content":{"rendered":"<p>Die wohltuenden Eigenschaften sind die gleichen wie die des Oels ohne Bio-Garantie. Sie entsprechen den Bed\u00fcrfnissen der Personen, welche Wert auf Bio-Produkte legen. Die H\u00fclle der Kapseln ist ebenfalls Bio garantiert.<\/p>\n<p>Auch \u201c\u2009Abendprimel\u2009\u201d genannt, wegen ihrer sch\u00f6nen gelben Blumen, welche sich nur f\u00fcr einige Stunden w\u00e4hrend der D\u00e4mmerung \u00f6ffnen, ist die Nachtkerze die grosse Freundin der Frau.<\/p>\n<p>Der grosse Trumpf der Nachkerze: Sie enth\u00e4lt in erh\u00f6hter Menge zwei f\u00fcr uns besonders wichtige, essentielle Fetts\u00e4uren.<\/p>\n<p>Die Erste erf\u00e4hrt im K\u00f6rper eine Umwandlung, die am weiblichen Zyklus beteiligte Substanzen entstehen l\u00e4sst.<\/p>\n<p>Die Zweite wirkt dabei als Katalysator.<br \/>\nWeil der Organismus diese Fetts\u00e4uren nicht selber produziert, ist es unerl\u00e4sslich, sie auf dem Wege der Ern\u00e4hrung zuzuf\u00fchren. Ausschliesslich die Muttermilch, der Borretsch und die Nachtkerze enthalten davon gen\u00fcgend grosse Mengen.<\/p>\n<p>Unser Nachtkerzen\u00f6l ist eine erste Kaltpressung aus ausgew\u00e4hlten Samenkernen. Die Filtervorg\u00e4nge werden bei niedrigen Temparaturen durchgef\u00fchrt. Der Gehalt der essentiellen Fetts\u00e4uren und Vitaminen wird dadurch voll erhalten.<\/p>\n<p>Mit ihm finden Sie gute Laune, Wohlbefinden und Ausgeglichenheit wieder, bleiben Sie in Form und sch\u00f6n jeden Monat\u2026 alle Monate!<\/p>\n","protected":false},"excerpt":{"rendered":"<h6>Mit der Nachtkerze, dieser h\u00fcbschen Blume, ebenfalls Sch\u00f6ne der Nacht, Abendprimel oder die Tagessch\u00f6ne genannt\u2026..sind Sie gemeint!<\/h6>\n<h3>Die grosse Freundin der Frau<\/h3>\n<p>Bei der Frau ist das hormonelle Gleichgewicht eine Voraussetzung f\u00fcr das allgemeine Wohlbefinden.<\/p>\n<p>Die Anwendung von Nachtkerzen\u00f6l bietet vom zartesten Alter an grosse Vorteile f\u00fcr den Erhalt einer gepflegten und elastischen Haut.<\/p>\n","protected":false},"featured_media":10033,"comment_status":"open","ping_status":"closed","template":"","meta":{"_acf_changed":false,"powered_cache_disable_cache":false,"powered_cache_disable_lazyload":false,"powered_cache_disable_css_optimization":false,"powered_cache_disable_js_optimization":false},"product_brand":[],"product_cat":[53,61,140],"product_tag":[],"class_list":{"0":"post-881","1":"product","2":"type-product","3":"status-publish","4":"has-post-thumbnail","6":"product_cat-fuer-sie-meine-damen","7":"product_cat-gesundheitsole","8":"product_cat-sommer","10":"first","11":"instock","12":"shipping-taxable","13":"purchasable","14":"product-type-simple"},"acf":[],"yoast_head":"<!-- This site is optimized with the Yoast SEO Premium plugin v26.9 (Yoast SEO v27.4) - https:\/\/yoast.com\/product\/yoast-seo-premium-wordpress\/ -->\n<title>Nachtkerzen\u00f6l Bio | Schweiz | 100 Kapseln - Naturella Diffusion SA<\/title>\n<meta name=\"description\" content=\"Vorr\u00e4tig | Mit unserem Bio-Nachtkerzen\u00f6l finden Sie gute Laune, Wohlbefinden und Ausgeglichenheit, bleiben Sie jeden Monat fit und sch\u00f6n !\" \/>\n<meta name=\"robots\" content=\"index, follow, max-snippet:-1, max-image-preview:large, max-video-preview:-1\" \/>\n<link rel=\"canonical\" href=\"https:\/\/www.naturella.ch\/de\/produkt\/nachtkerzenol-2\/\" \/>\n<meta property=\"og:locale\" content=\"de_DE\" \/>\n<meta property=\"og:type\" content=\"article\" \/>\n<meta property=\"og:title\" content=\"Nachtkerzen\u00f6l Bio\" \/>\n<meta property=\"og:description\" content=\"Vorr\u00e4tig | Mit unserem Bio-Nachtkerzen\u00f6l finden Sie gute Laune, Wohlbefinden und Ausgeglichenheit, bleiben Sie jeden Monat fit und sch\u00f6n !\" \/>\n<meta property=\"og:url\" content=\"https:\/\/www.naturella.ch\/de\/produkt\/nachtkerzenol-2\/\" \/>\n<meta property=\"og:site_name\" content=\"Naturella\" \/>\n<meta property=\"article:publisher\" content=\"https:\/\/www.facebook.com\/Naturella-Diffusion-102844258398231\" \/>\n<meta property=\"article:modified_time\" content=\"2024-09-06T13:49:58+00:00\" \/>\n<meta property=\"og:image\" content=\"http:\/\/www.naturella.ch\/wp-content\/uploads\/2019\/03\/P.HUILE-ONAGRE-BIO.png\" \/>\n\t<meta property=\"og:image:width\" content=\"1020\" \/>\n\t<meta property=\"og:image:height\" content=\"1020\" \/>\n\t<meta property=\"og:image:type\" content=\"image\/png\" \/>\n<meta name=\"twitter:card\" content=\"summary_large_image\" \/>\n<meta name=\"twitter:label1\" content=\"Preis\" \/>\n\t<meta name=\"twitter:data1\" content=\"&#067;&#072;&#070;&nbsp;31.00\" \/>\n\t<meta name=\"twitter:label2\" content=\"Verf\u00fcgbarkeit\" \/>\n\t<meta name=\"twitter:data2\" content=\"Auf Lager\" \/>\n<script type=\"application\/ld+json\" class=\"yoast-schema-graph\">{\"@context\":\"https:\\\/\\\/schema.org\",\"@graph\":[{\"@type\":\"WebPage\",\"@id\":\"https:\\\/\\\/www.naturella.ch\\\/de\\\/produkt\\\/nachtkerzenol-2\\\/\",\"url\":\"https:\\\/\\\/www.naturella.ch\\\/de\\\/produkt\\\/nachtkerzenol-2\\\/\",\"name\":\"Nachtkerzen\u00f6l Bio | Schweiz | 100 Kapseln - Naturella Diffusion SA\",\"isPartOf\":{\"@id\":\"https:\\\/\\\/www.naturella.ch\\\/de\\\/#website\"},\"primaryImageOfPage\":{\"@id\":\"https:\\\/\\\/www.naturella.ch\\\/de\\\/produkt\\\/nachtkerzenol-2\\\/#primaryimage\"},\"image\":{\"@id\":\"https:\\\/\\\/www.naturella.ch\\\/de\\\/produkt\\\/nachtkerzenol-2\\\/#primaryimage\"},\"thumbnailUrl\":\"https:\\\/\\\/www.naturella.ch\\\/wp-content\\\/uploads\\\/2019\\\/03\\\/P.HUILE-ONAGRE-BIO.png\",\"datePublished\":\"2019-03-27T10:31:29+00:00\",\"dateModified\":\"2024-09-06T13:49:58+00:00\",\"description\":\"Vorr\u00e4tig | Mit unserem Bio-Nachtkerzen\u00f6l finden Sie gute Laune, Wohlbefinden und Ausgeglichenheit, bleiben Sie jeden Monat fit und sch\u00f6n !\",\"breadcrumb\":{\"@id\":\"https:\\\/\\\/www.naturella.ch\\\/de\\\/produkt\\\/nachtkerzenol-2\\\/#breadcrumb\"},\"inLanguage\":\"de\",\"potentialAction\":[{\"@type\":\"ReadAction\",\"target\":[\"https:\\\/\\\/www.naturella.ch\\\/de\\\/produkt\\\/nachtkerzenol-2\\\/\"]}]},{\"@type\":\"ImageObject\",\"inLanguage\":\"de\",\"@id\":\"https:\\\/\\\/www.naturella.ch\\\/de\\\/produkt\\\/nachtkerzenol-2\\\/#primaryimage\",\"url\":\"https:\\\/\\\/www.naturella.ch\\\/wp-content\\\/uploads\\\/2019\\\/03\\\/P.HUILE-ONAGRE-BIO.png\",\"contentUrl\":\"https:\\\/\\\/www.naturella.ch\\\/wp-content\\\/uploads\\\/2019\\\/03\\\/P.HUILE-ONAGRE-BIO.png\",\"width\":1020,\"height\":1020,\"caption\":\"Huile d'onagre bio\"},{\"@type\":\"BreadcrumbList\",\"@id\":\"https:\\\/\\\/www.naturella.ch\\\/de\\\/produkt\\\/nachtkerzenol-2\\\/#breadcrumb\",\"itemListElement\":[{\"@type\":\"ListItem\",\"position\":1,\"name\":\"Accueil\",\"item\":\"https:\\\/\\\/www.naturella.ch\\\/de\\\/\"},{\"@type\":\"ListItem\",\"position\":2,\"name\":\"Online-Shop\",\"item\":\"https:\\\/\\\/www.naturella.ch\\\/de\\\/online-shop\\\/\"},{\"@type\":\"ListItem\",\"position\":3,\"name\":\"Nachtkerzen\u00f6l Bio\"}]},{\"@type\":\"WebSite\",\"@id\":\"https:\\\/\\\/www.naturella.ch\\\/de\\\/#website\",\"url\":\"https:\\\/\\\/www.naturella.ch\\\/de\\\/\",\"name\":\"Naturella\",\"description\":\"\",\"publisher\":{\"@id\":\"https:\\\/\\\/www.naturella.ch\\\/de\\\/#organization\"},\"potentialAction\":[{\"@type\":\"SearchAction\",\"target\":{\"@type\":\"EntryPoint\",\"urlTemplate\":\"https:\\\/\\\/www.naturella.ch\\\/de\\\/?s={search_term_string}\"},\"query-input\":{\"@type\":\"PropertyValueSpecification\",\"valueRequired\":true,\"valueName\":\"search_term_string\"}}],\"inLanguage\":\"de\"},{\"@type\":\"Organization\",\"@id\":\"https:\\\/\\\/www.naturella.ch\\\/de\\\/#organization\",\"name\":\"Naturella Diffusion SA\",\"url\":\"https:\\\/\\\/www.naturella.ch\\\/de\\\/\",\"logo\":{\"@type\":\"ImageObject\",\"inLanguage\":\"de\",\"@id\":\"https:\\\/\\\/www.naturella.ch\\\/de\\\/#\\\/schema\\\/logo\\\/image\\\/\",\"url\":\"https:\\\/\\\/www.naturella.ch\\\/wp-content\\\/uploads\\\/2021\\\/04\\\/Logo-Naturella_2021_RVB-e1619530233334.png\",\"contentUrl\":\"https:\\\/\\\/www.naturella.ch\\\/wp-content\\\/uploads\\\/2021\\\/04\\\/Logo-Naturella_2021_RVB-e1619530233334.png\",\"width\":340,\"height\":170,\"caption\":\"Naturella Diffusion SA\"},\"image\":{\"@id\":\"https:\\\/\\\/www.naturella.ch\\\/de\\\/#\\\/schema\\\/logo\\\/image\\\/\"},\"sameAs\":[\"https:\\\/\\\/www.facebook.com\\\/Naturella-Diffusion-102844258398231\",\"https:\\\/\\\/www.instagram.com\\\/naturella_diffusion\\\/\"],\"hasMerchantReturnPolicy\":{\"@type\":\"MerchantReturnPolicy\",\"merchantReturnLink\":\"https:\\\/\\\/www.naturella.ch\\\/remboursements_retours\\\/\"}}]}<\/script>\n<meta property=\"product:price:amount\" content=\"31.00\" \/>\n<meta property=\"product:price:currency\" content=\"CHF\" \/>\n<meta property=\"og:availability\" content=\"instock\" \/>\n<meta property=\"product:availability\" content=\"instock\" \/>\n<meta property=\"product:retailer_item_id\" content=\"1360\" \/>\n<meta property=\"product:condition\" content=\"new\" \/>\n<!-- \/ Yoast SEO Premium plugin. -->","yoast_head_json":{"title":"Nachtkerzen\u00f6l Bio | Schweiz | 100 Kapseln - Naturella Diffusion SA","description":"Vorr\u00e4tig | Mit unserem Bio-Nachtkerzen\u00f6l finden Sie gute Laune, Wohlbefinden und Ausgeglichenheit, bleiben Sie jeden Monat fit und sch\u00f6n !","robots":{"index":"index","follow":"follow","max-snippet":"max-snippet:-1","max-image-preview":"max-image-preview:large","max-video-preview":"max-video-preview:-1"},"canonical":"https:\/\/www.naturella.ch\/de\/produkt\/nachtkerzenol-2\/","og_locale":"de_DE","og_type":"article","og_title":"Nachtkerzen\u00f6l Bio","og_description":"Vorr\u00e4tig | Mit unserem Bio-Nachtkerzen\u00f6l finden Sie gute Laune, Wohlbefinden und Ausgeglichenheit, bleiben Sie jeden Monat fit und sch\u00f6n !","og_url":"https:\/\/www.naturella.ch\/de\/produkt\/nachtkerzenol-2\/","og_site_name":"Naturella","article_publisher":"https:\/\/www.facebook.com\/Naturella-Diffusion-102844258398231","article_modified_time":"2024-09-06T13:49:58+00:00","og_image":[{"width":1020,"height":1020,"url":"http:\/\/www.naturella.ch\/wp-content\/uploads\/2019\/03\/P.HUILE-ONAGRE-BIO.png","type":"image\/png"}],"twitter_card":"summary_large_image","twitter_misc":{"Preis":"&#67;&#72;&#70;&nbsp;31.00","Verf\u00fcgbarkeit":"Auf Lager"},"schema":{"@context":"https:\/\/schema.org","@graph":[{"@type":"WebPage","@id":"https:\/\/www.naturella.ch\/de\/produkt\/nachtkerzenol-2\/","url":"https:\/\/www.naturella.ch\/de\/produkt\/nachtkerzenol-2\/","name":"Nachtkerzen\u00f6l Bio | Schweiz | 100 Kapseln - Naturella Diffusion SA","isPartOf":{"@id":"https:\/\/www.naturella.ch\/de\/#website"},"primaryImageOfPage":{"@id":"https:\/\/www.naturella.ch\/de\/produkt\/nachtkerzenol-2\/#primaryimage"},"image":{"@id":"https:\/\/www.naturella.ch\/de\/produkt\/nachtkerzenol-2\/#primaryimage"},"thumbnailUrl":"https:\/\/www.naturella.ch\/wp-content\/uploads\/2019\/03\/P.HUILE-ONAGRE-BIO.png","datePublished":"2019-03-27T10:31:29+00:00","dateModified":"2024-09-06T13:49:58+00:00","description":"Vorr\u00e4tig | Mit unserem Bio-Nachtkerzen\u00f6l finden Sie gute Laune, Wohlbefinden und Ausgeglichenheit, bleiben Sie jeden Monat fit und sch\u00f6n !","breadcrumb":{"@id":"https:\/\/www.naturella.ch\/de\/produkt\/nachtkerzenol-2\/#breadcrumb"},"inLanguage":"de","potentialAction":[{"@type":"ReadAction","target":["https:\/\/www.naturella.ch\/de\/produkt\/nachtkerzenol-2\/"]}]},{"@type":"ImageObject","inLanguage":"de","@id":"https:\/\/www.naturella.ch\/de\/produkt\/nachtkerzenol-2\/#primaryimage","url":"https:\/\/www.naturella.ch\/wp-content\/uploads\/2019\/03\/P.HUILE-ONAGRE-BIO.png","contentUrl":"https:\/\/www.naturella.ch\/wp-content\/uploads\/2019\/03\/P.HUILE-ONAGRE-BIO.png","width":1020,"height":1020,"caption":"Huile d'onagre bio"},{"@type":"BreadcrumbList","@id":"https:\/\/www.naturella.ch\/de\/produkt\/nachtkerzenol-2\/#breadcrumb","itemListElement":[{"@type":"ListItem","position":1,"name":"Accueil","item":"https:\/\/www.naturella.ch\/de\/"},{"@type":"ListItem","position":2,"name":"Online-Shop","item":"https:\/\/www.naturella.ch\/de\/online-shop\/"},{"@type":"ListItem","position":3,"name":"Nachtkerzen\u00f6l Bio"}]},{"@type":"WebSite","@id":"https:\/\/www.naturella.ch\/de\/#website","url":"https:\/\/www.naturella.ch\/de\/","name":"Naturella","description":"","publisher":{"@id":"https:\/\/www.naturella.ch\/de\/#organization"},"potentialAction":[{"@type":"SearchAction","target":{"@type":"EntryPoint","urlTemplate":"https:\/\/www.naturella.ch\/de\/?s={search_term_string}"},"query-input":{"@type":"PropertyValueSpecification","valueRequired":true,"valueName":"search_term_string"}}],"inLanguage":"de"},{"@type":"Organization","@id":"https:\/\/www.naturella.ch\/de\/#organization","name":"Naturella Diffusion SA","url":"https:\/\/www.naturella.ch\/de\/","logo":{"@type":"ImageObject","inLanguage":"de","@id":"https:\/\/www.naturella.ch\/de\/#\/schema\/logo\/image\/","url":"https:\/\/www.naturella.ch\/wp-content\/uploads\/2021\/04\/Logo-Naturella_2021_RVB-e1619530233334.png","contentUrl":"https:\/\/www.naturella.ch\/wp-content\/uploads\/2021\/04\/Logo-Naturella_2021_RVB-e1619530233334.png","width":340,"height":170,"caption":"Naturella Diffusion SA"},"image":{"@id":"https:\/\/www.naturella.ch\/de\/#\/schema\/logo\/image\/"},"sameAs":["https:\/\/www.facebook.com\/Naturella-Diffusion-102844258398231","https:\/\/www.instagram.com\/naturella_diffusion\/"],"hasMerchantReturnPolicy":{"@type":"MerchantReturnPolicy","merchantReturnLink":"https:\/\/www.naturella.ch\/remboursements_retours\/"}}]},"product_price_amount":"31.00","product_price_currency":"CHF","og_availability":"instock","product_availability":"instock","product_retailer_item_id":"1360","product_condition":"new"},"_links":{"self":[{"href":"https:\/\/www.naturella.ch\/de\/wp-json\/wp\/v2\/product\/881","targetHints":{"allow":["GET"]}}],"collection":[{"href":"https:\/\/www.naturella.ch\/de\/wp-json\/wp\/v2\/product"}],"about":[{"href":"https:\/\/www.naturella.ch\/de\/wp-json\/wp\/v2\/types\/product"}],"replies":[{"embeddable":true,"href":"https:\/\/www.naturella.ch\/de\/wp-json\/wp\/v2\/comments?post=881"}],"wp:featuredmedia":[{"embeddable":true,"href":"https:\/\/www.naturella.ch\/de\/wp-json\/wp\/v2\/media\/10033"}],"wp:attachment":[{"href":"https:\/\/www.naturella.ch\/de\/wp-json\/wp\/v2\/media?parent=881"}],"wp:term":[{"taxonomy":"product_brand","embeddable":true,"href":"https:\/\/www.naturella.ch\/de\/wp-json\/wp\/v2\/product_brand?post=881"},{"taxonomy":"product_cat","embeddable":true,"href":"https:\/\/www.naturella.ch\/de\/wp-json\/wp\/v2\/product_cat?post=881"},{"taxonomy":"product_tag","embeddable":true,"href":"https:\/\/www.naturella.ch\/de\/wp-json\/wp\/v2\/product_tag?post=881"}],"curies":[{"name":"wp","href":"https:\/\/api.w.org\/{rel}","templated":true}]}}