{"id":892,"date":"2019-04-23T13:48:16","date_gmt":"2019-04-23T11:48:16","guid":{"rendered":"https:\/\/www.naturella.chproduit\/892\/"},"modified":"2025-08-19T09:58:53","modified_gmt":"2025-08-19T07:58:53","slug":"gel-fur-die-beine","status":"publish","type":"product","link":"https:\/\/www.naturella.ch\/de\/produkt\/gel-fur-die-beine\/","title":{"rendered":"Gel f\u00fcr die Beine"},"content":{"rendered":"<p>Wie kann man Frische und Leichtigkeit wiederfinden und sich in seinen Beinen, auch nach einem ausgef\u00fcllten Tagespensum wohlf\u00fchlen, trotz Hitze oder &#8230; Bodenheizung ?<\/p>\n<p>Das <strong>Gel f\u00fcr die Beine<\/strong> offeriert Ihnen hiermit eine nat\u00fcrliche wie willkommene Antwort. Er vereint die Qualit\u00e4ten von Hamamelis, rotem Weinlaub und Rosskastanie, drei grossen Klassikern, die f\u00fcr ihre belebenden Eigenschaften gesch\u00e4tzt werden.<\/p>\n<p>Die \u00e4therischen \u00d6le von Rosmarin und Zypresse unterst\u00fctzen ihrerseits die Durchblutung, w\u00e4hrend die beruhigende r\u00f6mische Kamille und die erfrischende Pfefferminze die Formel erg\u00e4nzen.<\/p>\n<p>Die beste Methode, um davon zu profitieren ? Zwei kleine Anwendungen, morgens und abends, erweisen sich als wirksamer als eine gr\u00f6ssere.<\/p>\n<p>Anderer Rat : beendigen Sie Ihre Dusche mit einem kalten Wasserstrahl, von unten bis oben, und tragen Sie danach morgens und abends den Gel f\u00fcr die Beine auf, immer beginnend bei den F\u00fcssen und den Beinen nach aufw\u00e4rts : sofortiges Frischegef\u00fchl und Wohlbefinden !<\/p>\n","protected":false},"excerpt":{"rendered":"<h3>SOS schwere Beine\u00a0!<\/h3>\n<p>Mehrere Pflanzen sind in diesem Gel vereint, um Ihren Beinen Frische und Leichtigkeit zu verleihen.<\/p>\n<p>Leicht zu Fuss sein von morgens bis abends\u2026 ein Traum! Die Realit\u00e4t sieht oft ganz anders aus : Bleierne Beine, Schweregef\u00fchl, Kribbeln oder Ameisenlaufen lassen manchmal den Eindruck entstehen, dass manche Menschen weniger Venen haben als andere! Man kann dies nicht besser ausdr\u00fccken, da diese Sorge in den meisten F\u00e4llen genau auf eine Schw\u00e4che des Venensystems zur\u00fcckzuf\u00fchren ist.<\/p>\n","protected":false},"featured_media":22038,"comment_status":"open","ping_status":"closed","template":"","meta":{"_acf_changed":false,"powered_cache_disable_cache":false,"powered_cache_disable_lazyload":false,"powered_cache_disable_css_optimization":false,"powered_cache_disable_js_optimization":false},"product_brand":[],"product_cat":[140,54],"product_tag":[105],"class_list":{"0":"post-892","1":"product","2":"type-product","3":"status-publish","4":"has-post-thumbnail","6":"product_cat-sommer","7":"product_cat-zirkulaktion","8":"product_tag-valais-de","10":"first","11":"instock","12":"shipping-taxable","13":"purchasable","14":"product-type-simple"},"acf":[],"yoast_head":"<!-- This site is optimized with the Yoast SEO Premium plugin v26.9 (Yoast SEO v27.5) - https:\/\/yoast.com\/product\/yoast-seo-premium-wordpress\/ -->\n<title>Gel f\u00fcr die Beine | Schweiz | 75 ml - Naturella Diffusion SA<\/title>\n<meta name=\"description\" content=\"Vorr\u00e4tig | \u2605\u2605\u2605 Hergestellt im Wallis \u2605\u2605\u2605 SOS schwere Beine !\" \/>\n<meta name=\"robots\" content=\"index, follow, max-snippet:-1, max-image-preview:large, max-video-preview:-1\" \/>\n<link rel=\"canonical\" href=\"https:\/\/www.naturella.ch\/de\/produkt\/gel-fur-die-beine\/\" \/>\n<meta property=\"og:locale\" content=\"de_DE\" \/>\n<meta property=\"og:type\" content=\"article\" \/>\n<meta property=\"og:title\" content=\"Gel f\u00fcr die Beine\" \/>\n<meta property=\"og:description\" content=\"Vorr\u00e4tig | \u2605\u2605\u2605 Hergestellt im Wallis \u2605\u2605\u2605 SOS schwere Beine !\" \/>\n<meta property=\"og:url\" content=\"https:\/\/www.naturella.ch\/de\/produkt\/gel-fur-die-beine\/\" \/>\n<meta property=\"og:site_name\" content=\"Naturella\" \/>\n<meta property=\"article:publisher\" content=\"https:\/\/www.facebook.com\/Naturella-Diffusion-102844258398231\" \/>\n<meta property=\"article:modified_time\" content=\"2025-08-19T07:58:53+00:00\" \/>\n<meta property=\"og:image\" content=\"https:\/\/www.naturella.ch\/wp-content\/uploads\/2019\/04\/Gel-jambes.png\" \/>\n\t<meta property=\"og:image:width\" content=\"1020\" \/>\n\t<meta property=\"og:image:height\" content=\"1020\" \/>\n\t<meta property=\"og:image:type\" content=\"image\/png\" \/>\n<meta name=\"twitter:card\" content=\"summary_large_image\" \/>\n<meta name=\"twitter:label1\" content=\"Preis\" \/>\n\t<meta name=\"twitter:data1\" content=\"&#067;&#072;&#070;&nbsp;24.00\" \/>\n\t<meta name=\"twitter:label2\" content=\"Verf\u00fcgbarkeit\" \/>\n\t<meta name=\"twitter:data2\" content=\"Auf Lager\" \/>\n<script type=\"application\/ld+json\" class=\"yoast-schema-graph\">{\"@context\":\"https:\\\/\\\/schema.org\",\"@graph\":[{\"@type\":\"WebPage\",\"@id\":\"https:\\\/\\\/www.naturella.ch\\\/de\\\/produkt\\\/gel-fur-die-beine\\\/\",\"url\":\"https:\\\/\\\/www.naturella.ch\\\/de\\\/produkt\\\/gel-fur-die-beine\\\/\",\"name\":\"Gel f\u00fcr die Beine | Schweiz | 75 ml - Naturella Diffusion SA\",\"isPartOf\":{\"@id\":\"https:\\\/\\\/www.naturella.ch\\\/de\\\/#website\"},\"primaryImageOfPage\":{\"@id\":\"https:\\\/\\\/www.naturella.ch\\\/de\\\/produkt\\\/gel-fur-die-beine\\\/#primaryimage\"},\"image\":{\"@id\":\"https:\\\/\\\/www.naturella.ch\\\/de\\\/produkt\\\/gel-fur-die-beine\\\/#primaryimage\"},\"thumbnailUrl\":\"https:\\\/\\\/www.naturella.ch\\\/wp-content\\\/uploads\\\/2019\\\/04\\\/Gel-jambes.png\",\"datePublished\":\"2019-04-23T11:48:16+00:00\",\"dateModified\":\"2025-08-19T07:58:53+00:00\",\"description\":\"Vorr\u00e4tig | \u2605\u2605\u2605 Hergestellt im Wallis \u2605\u2605\u2605 SOS schwere Beine !\",\"breadcrumb\":{\"@id\":\"https:\\\/\\\/www.naturella.ch\\\/de\\\/produkt\\\/gel-fur-die-beine\\\/#breadcrumb\"},\"inLanguage\":\"de\",\"potentialAction\":[{\"@type\":\"ReadAction\",\"target\":[\"https:\\\/\\\/www.naturella.ch\\\/de\\\/produkt\\\/gel-fur-die-beine\\\/\"]}]},{\"@type\":\"ImageObject\",\"inLanguage\":\"de\",\"@id\":\"https:\\\/\\\/www.naturella.ch\\\/de\\\/produkt\\\/gel-fur-die-beine\\\/#primaryimage\",\"url\":\"https:\\\/\\\/www.naturella.ch\\\/wp-content\\\/uploads\\\/2019\\\/04\\\/Gel-jambes.png\",\"contentUrl\":\"https:\\\/\\\/www.naturella.ch\\\/wp-content\\\/uploads\\\/2019\\\/04\\\/Gel-jambes.png\",\"width\":1020,\"height\":1020},{\"@type\":\"BreadcrumbList\",\"@id\":\"https:\\\/\\\/www.naturella.ch\\\/de\\\/produkt\\\/gel-fur-die-beine\\\/#breadcrumb\",\"itemListElement\":[{\"@type\":\"ListItem\",\"position\":1,\"name\":\"Accueil\",\"item\":\"https:\\\/\\\/www.naturella.ch\\\/de\\\/\"},{\"@type\":\"ListItem\",\"position\":2,\"name\":\"Online-Shop\",\"item\":\"https:\\\/\\\/www.naturella.ch\\\/de\\\/online-shop\\\/\"},{\"@type\":\"ListItem\",\"position\":3,\"name\":\"Gel f\u00fcr die Beine\"}]},{\"@type\":\"WebSite\",\"@id\":\"https:\\\/\\\/www.naturella.ch\\\/de\\\/#website\",\"url\":\"https:\\\/\\\/www.naturella.ch\\\/de\\\/\",\"name\":\"Naturella\",\"description\":\"\",\"publisher\":{\"@id\":\"https:\\\/\\\/www.naturella.ch\\\/de\\\/#organization\"},\"potentialAction\":[{\"@type\":\"SearchAction\",\"target\":{\"@type\":\"EntryPoint\",\"urlTemplate\":\"https:\\\/\\\/www.naturella.ch\\\/de\\\/?s={search_term_string}\"},\"query-input\":{\"@type\":\"PropertyValueSpecification\",\"valueRequired\":true,\"valueName\":\"search_term_string\"}}],\"inLanguage\":\"de\"},{\"@type\":\"Organization\",\"@id\":\"https:\\\/\\\/www.naturella.ch\\\/de\\\/#organization\",\"name\":\"Naturella Diffusion SA\",\"url\":\"https:\\\/\\\/www.naturella.ch\\\/de\\\/\",\"logo\":{\"@type\":\"ImageObject\",\"inLanguage\":\"de\",\"@id\":\"https:\\\/\\\/www.naturella.ch\\\/de\\\/#\\\/schema\\\/logo\\\/image\\\/\",\"url\":\"https:\\\/\\\/www.naturella.ch\\\/wp-content\\\/uploads\\\/2021\\\/04\\\/Logo-Naturella_2021_RVB-e1619530233334.png\",\"contentUrl\":\"https:\\\/\\\/www.naturella.ch\\\/wp-content\\\/uploads\\\/2021\\\/04\\\/Logo-Naturella_2021_RVB-e1619530233334.png\",\"width\":340,\"height\":170,\"caption\":\"Naturella Diffusion SA\"},\"image\":{\"@id\":\"https:\\\/\\\/www.naturella.ch\\\/de\\\/#\\\/schema\\\/logo\\\/image\\\/\"},\"sameAs\":[\"https:\\\/\\\/www.facebook.com\\\/Naturella-Diffusion-102844258398231\",\"https:\\\/\\\/www.instagram.com\\\/naturella_diffusion\\\/\"],\"hasMerchantReturnPolicy\":{\"@type\":\"MerchantReturnPolicy\",\"merchantReturnLink\":\"https:\\\/\\\/www.naturella.ch\\\/remboursements_retours\\\/\"}}]}<\/script>\n<meta property=\"product:price:amount\" content=\"24.00\" \/>\n<meta property=\"product:price:currency\" content=\"CHF\" \/>\n<meta property=\"og:availability\" content=\"instock\" \/>\n<meta property=\"product:availability\" content=\"instock\" \/>\n<meta property=\"product:retailer_item_id\" content=\"3014\" \/>\n<meta property=\"product:condition\" content=\"new\" \/>\n<!-- \/ Yoast SEO Premium plugin. -->","yoast_head_json":{"title":"Gel f\u00fcr die Beine | Schweiz | 75 ml - Naturella Diffusion SA","description":"Vorr\u00e4tig | \u2605\u2605\u2605 Hergestellt im Wallis \u2605\u2605\u2605 SOS schwere Beine !","robots":{"index":"index","follow":"follow","max-snippet":"max-snippet:-1","max-image-preview":"max-image-preview:large","max-video-preview":"max-video-preview:-1"},"canonical":"https:\/\/www.naturella.ch\/de\/produkt\/gel-fur-die-beine\/","og_locale":"de_DE","og_type":"article","og_title":"Gel f\u00fcr die Beine","og_description":"Vorr\u00e4tig | \u2605\u2605\u2605 Hergestellt im Wallis \u2605\u2605\u2605 SOS schwere Beine !","og_url":"https:\/\/www.naturella.ch\/de\/produkt\/gel-fur-die-beine\/","og_site_name":"Naturella","article_publisher":"https:\/\/www.facebook.com\/Naturella-Diffusion-102844258398231","article_modified_time":"2025-08-19T07:58:53+00:00","og_image":[{"width":1020,"height":1020,"url":"https:\/\/www.naturella.ch\/wp-content\/uploads\/2019\/04\/Gel-jambes.png","type":"image\/png"}],"twitter_card":"summary_large_image","twitter_misc":{"Preis":"&#67;&#72;&#70;&nbsp;24.00","Verf\u00fcgbarkeit":"Auf Lager"},"schema":{"@context":"https:\/\/schema.org","@graph":[{"@type":"WebPage","@id":"https:\/\/www.naturella.ch\/de\/produkt\/gel-fur-die-beine\/","url":"https:\/\/www.naturella.ch\/de\/produkt\/gel-fur-die-beine\/","name":"Gel f\u00fcr die Beine | Schweiz | 75 ml - Naturella Diffusion SA","isPartOf":{"@id":"https:\/\/www.naturella.ch\/de\/#website"},"primaryImageOfPage":{"@id":"https:\/\/www.naturella.ch\/de\/produkt\/gel-fur-die-beine\/#primaryimage"},"image":{"@id":"https:\/\/www.naturella.ch\/de\/produkt\/gel-fur-die-beine\/#primaryimage"},"thumbnailUrl":"https:\/\/www.naturella.ch\/wp-content\/uploads\/2019\/04\/Gel-jambes.png","datePublished":"2019-04-23T11:48:16+00:00","dateModified":"2025-08-19T07:58:53+00:00","description":"Vorr\u00e4tig | \u2605\u2605\u2605 Hergestellt im Wallis \u2605\u2605\u2605 SOS schwere Beine !","breadcrumb":{"@id":"https:\/\/www.naturella.ch\/de\/produkt\/gel-fur-die-beine\/#breadcrumb"},"inLanguage":"de","potentialAction":[{"@type":"ReadAction","target":["https:\/\/www.naturella.ch\/de\/produkt\/gel-fur-die-beine\/"]}]},{"@type":"ImageObject","inLanguage":"de","@id":"https:\/\/www.naturella.ch\/de\/produkt\/gel-fur-die-beine\/#primaryimage","url":"https:\/\/www.naturella.ch\/wp-content\/uploads\/2019\/04\/Gel-jambes.png","contentUrl":"https:\/\/www.naturella.ch\/wp-content\/uploads\/2019\/04\/Gel-jambes.png","width":1020,"height":1020},{"@type":"BreadcrumbList","@id":"https:\/\/www.naturella.ch\/de\/produkt\/gel-fur-die-beine\/#breadcrumb","itemListElement":[{"@type":"ListItem","position":1,"name":"Accueil","item":"https:\/\/www.naturella.ch\/de\/"},{"@type":"ListItem","position":2,"name":"Online-Shop","item":"https:\/\/www.naturella.ch\/de\/online-shop\/"},{"@type":"ListItem","position":3,"name":"Gel f\u00fcr die Beine"}]},{"@type":"WebSite","@id":"https:\/\/www.naturella.ch\/de\/#website","url":"https:\/\/www.naturella.ch\/de\/","name":"Naturella","description":"","publisher":{"@id":"https:\/\/www.naturella.ch\/de\/#organization"},"potentialAction":[{"@type":"SearchAction","target":{"@type":"EntryPoint","urlTemplate":"https:\/\/www.naturella.ch\/de\/?s={search_term_string}"},"query-input":{"@type":"PropertyValueSpecification","valueRequired":true,"valueName":"search_term_string"}}],"inLanguage":"de"},{"@type":"Organization","@id":"https:\/\/www.naturella.ch\/de\/#organization","name":"Naturella Diffusion SA","url":"https:\/\/www.naturella.ch\/de\/","logo":{"@type":"ImageObject","inLanguage":"de","@id":"https:\/\/www.naturella.ch\/de\/#\/schema\/logo\/image\/","url":"https:\/\/www.naturella.ch\/wp-content\/uploads\/2021\/04\/Logo-Naturella_2021_RVB-e1619530233334.png","contentUrl":"https:\/\/www.naturella.ch\/wp-content\/uploads\/2021\/04\/Logo-Naturella_2021_RVB-e1619530233334.png","width":340,"height":170,"caption":"Naturella Diffusion SA"},"image":{"@id":"https:\/\/www.naturella.ch\/de\/#\/schema\/logo\/image\/"},"sameAs":["https:\/\/www.facebook.com\/Naturella-Diffusion-102844258398231","https:\/\/www.instagram.com\/naturella_diffusion\/"],"hasMerchantReturnPolicy":{"@type":"MerchantReturnPolicy","merchantReturnLink":"https:\/\/www.naturella.ch\/remboursements_retours\/"}}]},"product_price_amount":"24.00","product_price_currency":"CHF","og_availability":"instock","product_availability":"instock","product_retailer_item_id":"3014","product_condition":"new"},"_links":{"self":[{"href":"https:\/\/www.naturella.ch\/de\/wp-json\/wp\/v2\/product\/892","targetHints":{"allow":["GET"]}}],"collection":[{"href":"https:\/\/www.naturella.ch\/de\/wp-json\/wp\/v2\/product"}],"about":[{"href":"https:\/\/www.naturella.ch\/de\/wp-json\/wp\/v2\/types\/product"}],"replies":[{"embeddable":true,"href":"https:\/\/www.naturella.ch\/de\/wp-json\/wp\/v2\/comments?post=892"}],"wp:featuredmedia":[{"embeddable":true,"href":"https:\/\/www.naturella.ch\/de\/wp-json\/wp\/v2\/media\/22038"}],"wp:attachment":[{"href":"https:\/\/www.naturella.ch\/de\/wp-json\/wp\/v2\/media?parent=892"}],"wp:term":[{"taxonomy":"product_brand","embeddable":true,"href":"https:\/\/www.naturella.ch\/de\/wp-json\/wp\/v2\/product_brand?post=892"},{"taxonomy":"product_cat","embeddable":true,"href":"https:\/\/www.naturella.ch\/de\/wp-json\/wp\/v2\/product_cat?post=892"},{"taxonomy":"product_tag","embeddable":true,"href":"https:\/\/www.naturella.ch\/de\/wp-json\/wp\/v2\/product_tag?post=892"}],"curies":[{"name":"wp","href":"https:\/\/api.w.org\/{rel}","templated":true}]}}